{"id":5191,"date":"2023-01-12T12:05:59","date_gmt":"2023-01-12T11:05:59","guid":{"rendered":"https:\/\/camping-le-soleil-des-bastides.fr\/emplacement-camping-tarn\/emplacement-camping-premium\/"},"modified":"2025-06-05T07:56:02","modified_gmt":"2025-06-05T05:56:02","slug":"emplacement-camping-premium","status":"publish","type":"page","link":"https:\/\/camping-le-soleil-des-bastides.fr\/nl\/emplacement-camping-tarn\/emplacement-camping-premium\/","title":{"rendered":"Premium staanplaats met priv\u00e9 sanitair"},"content":{"rendered":"<p>[et_pb_section fb_built=&#8221;1&#8243; admin_label=&#8221;Header&#8221; _builder_version=&#8221;4.19.1&#8243; use_background_color_gradient=&#8221;on&#8221; background_color_gradient_type=&#8221;circular&#8221; background_color_gradient_direction_radial=&#8221;top left&#8221; background_color_gradient_stops=&#8221;rgba(51,51,51,0.8) 0%|rgba(51,51,51,0.1) 100%&#8221; background_color_gradient_overlays_image=&#8221;on&#8221; background_color_gradient_start=&#8221;rgba(255,255,255,0.89)&#8221; background_color_gradient_start_position=&#8221;30%&#8221; background_color_gradient_end=&#8221;rgba(255,255,255,0)&#8221; background_color_gradient_end_position=&#8221;80%&#8221; background_image=&#8221;https:\/\/camping-le-soleil-des-bastides.fr\/wp-content\/uploads\/2023\/01\/header-hebergement-camping-soleil-des-bastides-tarn.webp&#8221; custom_margin=&#8221;|||&#8221; custom_padding=&#8221;2vw||2vw||true|false&#8221; global_colors_info=&#8221;{}&#8221;][et_pb_row _builder_version=&#8221;4.16&#8243; global_colors_info=&#8221;{}&#8221;][et_pb_column type=&#8221;4_4&#8243; _builder_version=&#8221;4.16&#8243; custom_padding=&#8221;|||&#8221; global_colors_info=&#8221;{}&#8221; custom_padding__hover=&#8221;|||&#8221;][et_pb_text _builder_version=&#8221;4.27.4&#8243; text_font=&#8221;||||||||&#8221; header_font=&#8221;|700||on|||||&#8221; header_text_color=&#8221;#FFFFFF&#8221; header_font_size=&#8221;50px&#8221; header_line_height=&#8221;1.2em&#8221; header_5_font=&#8221;Quicksand|700||on|||||&#8221; header_5_text_color=&#8221;#83BE40&#8243; header_5_font_size=&#8221;20px&#8221; header_5_letter_spacing=&#8221;0.5em&#8221; animation_style=&#8221;zoom&#8221; animation_intensity_zoom=&#8221;5%&#8221; hover_enabled=&#8221;0&#8243; header_font_size_tablet=&#8221;35px&#8221; header_font_size_phone=&#8221;25px&#8221; header_font_size_last_edited=&#8221;on|phone&#8221; header_5_font_size_tablet=&#8221;14px&#8221; header_5_font_size_phone=&#8221;12px&#8221; header_5_font_size_last_edited=&#8221;on|desktop&#8221; header_text_shadow_style=&#8221;preset3&#8243; header_text_shadow_color=&#8221;rgba(51,51,51,0.4)&#8221; header_5_text_shadow_style=&#8221;preset3&#8243; global_colors_info=&#8221;{}&#8221; sticky_enabled=&#8221;0&#8243;]<\/p>\n<h1>PREMIUM STAANPLAATS<\/h1>\n<h5>PRIV\u00c9 SANITAIR<\/h5>\n<p>[\/et_pb_text][\/et_pb_column][\/et_pb_row][\/et_pb_section][et_pb_section fb_built=&#8221;1&#8243; _builder_version=&#8221;4.19.1&#8243; _module_preset=&#8221;default&#8221; background_color=&#8221;#F9F6F3&#8243; global_colors_info=&#8221;{}&#8221;][et_pb_row column_structure=&#8221;1_2,1_2&#8243; _builder_version=&#8221;4.19.1&#8243; _module_preset=&#8221;default&#8221; global_colors_info=&#8221;{}&#8221;][et_pb_column type=&#8221;1_2&#8243; _builder_version=&#8221;4.19.1&#8243; _module_preset=&#8221;default&#8221; global_colors_info=&#8221;{}&#8221;][et_pb_text _builder_version=&#8221;4.27.4&#8243; text_font=&#8221;||||||||&#8221; ul_font=&#8221;||||||||&#8221; ul_line_height=&#8221;2em&#8221; header_font=&#8221;||||||||&#8221; header_3_font=&#8221;|700|||||||&#8221; header_3_font_size=&#8221;20px&#8221; header_3_line_height=&#8221;1.4em&#8221; header_4_text_color=&#8221;#B22B88&#8243; header_4_font_size=&#8221;16px&#8221; header_6_line_height=&#8221;1.8em&#8221; custom_margin=&#8221;||20px||false|false&#8221; custom_padding=&#8221;||0px||false|false&#8221; hover_enabled=&#8221;0&#8243; header_3_font_size_tablet=&#8221;35px&#8221; header_3_font_size_phone=&#8221;25px&#8221; header_3_font_size_last_edited=&#8221;off|desktop&#8221; locked=&#8221;off&#8221; global_colors_info=&#8221;{}&#8221; sticky_enabled=&#8221;0&#8243;]<\/p>\n<h2 style=\"text-align: left;\">PREMIUM STAANPLAATS MET PRIV\u00c9 SANITAIR<\/h2>\n<h4 style=\"font-weight: 400; text-align: left;\">Ruime staanplaatsen met priv\u00e9 sanitair<\/h4>\n<p>Omdat uw <strong>comfort<\/strong> onze prioriteit is, ontdekt u onze <strong>ruime premium staanplaats met priv\u00e9 sanitair<\/strong>! Met een oppervlakte van 120m\u00b2 biedt onze <a href=\"\/nl\/emplacement-camping-tarn\/\">staanplaats met priv\u00e9 sanitair in de Tarn<\/a> u een <strong>groot priv\u00e9terrein<\/strong> met voorzieningen zoals een pergola met picknicktafel, parasol, koelkast en 2 ligstoelen. Ideaal om te genieten van het kamperen en toch licht te reizen! Deze plek is perfect voor een <strong>vakantie met z\u2019n twee\u00ebn, met het gezin of met vrienden<\/strong> op onze <a href=\"\/nl\/\">camping in de Tarn<\/a>.<\/p>\n<dl><\/dl>\n<p>[\/et_pb_text][et_pb_blurb title=&#8221;Tot 6 personen&#8221; use_icon=&#8221;on&#8221; font_icon=&#8221;&#xf007;||fa||900&#8243; icon_color=&#8221;#B22B88&#8243; image_icon_background_color=&#8221;RGBA(255,255,255,0)&#8221; icon_placement=&#8221;left&#8221; image_icon_width=&#8221;25px&#8221; content_max_width=&#8221;100%&#8221; admin_label=&#8221;Personne&#8221; _builder_version=&#8221;4.27.4&#8243; _module_preset=&#8221;default&#8221; header_font=&#8221;Quicksand|||on|||||&#8221; header_font_size=&#8221;15px&#8221; header_letter_spacing=&#8221;1px&#8221; image_icon_custom_padding=&#8221;||||true|true&#8221; custom_margin=&#8221;||0px||false|false&#8221; custom_padding=&#8221;15px||15px||true|false&#8221; hover_enabled=&#8221;0&#8243; custom_css_blurb_title=&#8221;margin-top : 5px;&#8221; border_width_bottom=&#8221;1px&#8221; border_color_bottom=&#8221;rgba(0,0,0,0.1)&#8221; global_colors_info=&#8221;{}&#8221; sticky_enabled=&#8221;0&#8243;][\/et_pb_blurb][et_pb_blurb title=&#8221;120m\u00b2&#8221; use_icon=&#8221;on&#8221; font_icon=&#8221;&#xf5a0;||fa||900&#8243; icon_color=&#8221;#B22B88&#8243; image_icon_background_color=&#8221;RGBA(255,255,255,0)&#8221; icon_placement=&#8221;left&#8221; image_icon_width=&#8221;25px&#8221; content_max_width=&#8221;100%&#8221; admin_label=&#8221;Superficie&#8221; _builder_version=&#8221;4.27.4&#8243; _module_preset=&#8221;default&#8221; header_font=&#8221;Quicksand|||on|||||&#8221; header_font_size=&#8221;15px&#8221; header_letter_spacing=&#8221;1px&#8221; image_icon_custom_padding=&#8221;|0px||0px|true|true&#8221; custom_margin=&#8221;||0px||false|false&#8221; custom_padding=&#8221;15px||15px||true|false&#8221; hover_enabled=&#8221;0&#8243; custom_css_blurb_title=&#8221;margin-top : 5px;&#8221; border_width_bottom=&#8221;1px&#8221; border_color_bottom=&#8221;rgba(0,0,0,0.1)&#8221; global_colors_info=&#8221;{}&#8221; sticky_enabled=&#8221;0&#8243;][\/et_pb_blurb][et_pb_blurb title=&#8221;Sanitair&#8221; use_icon=&#8221;on&#8221; font_icon=&#8221;&#xf2cc;||fa||900&#8243; icon_color=&#8221;#B22B88&#8243; image_icon_background_color=&#8221;RGBA(255,255,255,0)&#8221; icon_placement=&#8221;left&#8221; image_icon_width=&#8221;25px&#8221; content_max_width=&#8221;100%&#8221; admin_label=&#8221;Coin Sanitaires&#8221; _builder_version=&#8221;4.27.4&#8243; _module_preset=&#8221;default&#8221; header_font=&#8221;Quicksand|||on|||||&#8221; header_font_size=&#8221;15px&#8221; header_letter_spacing=&#8221;1px&#8221; image_icon_custom_padding=&#8221;|0px||0px|true|true&#8221; custom_margin=&#8221;||0px||false|false&#8221; custom_padding=&#8221;15px||15px||true|false&#8221; hover_enabled=&#8221;0&#8243; custom_css_blurb_title=&#8221;margin-top : 5px;&#8221; border_width_bottom=&#8221;1px&#8221; border_color_bottom=&#8221;rgba(0,0,0,0.1)&#8221; global_colors_info=&#8221;{}&#8221; sticky_enabled=&#8221;0&#8243;]<\/p>\n<p>Priv\u00e9badkamer met douche en toilet. Afwasbak<\/p>\n<p>[\/et_pb_blurb][et_pb_blurb title=&#8221;Beschrijving&#8221; use_icon=&#8221;on&#8221; font_icon=&#8221;&#xf022;||fa||900&#8243; icon_color=&#8221;#B22B88&#8243; image_icon_background_color=&#8221;RGBA(255,255,255,0)&#8221; icon_placement=&#8221;left&#8221; image_icon_width=&#8221;25px&#8221; content_max_width=&#8221;100%&#8221; admin_label=&#8221;Coin Sanitaires&#8221; _builder_version=&#8221;4.27.4&#8243; _module_preset=&#8221;default&#8221; header_font=&#8221;Quicksand|||on|||||&#8221; header_font_size=&#8221;15px&#8221; header_letter_spacing=&#8221;1px&#8221; image_icon_custom_padding=&#8221;|0px||0px|true|true&#8221; custom_margin=&#8221;||0px||false|false&#8221; custom_padding=&#8221;15px||15px||true|false&#8221; hover_enabled=&#8221;0&#8243; custom_css_blurb_title=&#8221;margin-top : 5px;&#8221; border_width_bottom=&#8221;1px&#8221; border_color_bottom=&#8221;rgba(0,0,0,0.1)&#8221; global_colors_info=&#8221;{}&#8221; sticky_enabled=&#8221;0&#8243;]<\/p>\n<ul>\n<li>Pergola met picknicktafel<\/li>\n<li>Parasol<\/li>\n<li>Koelkast<\/li>\n<li>2 relaxstoelen<\/li>\n<\/ul>\n<p>[\/et_pb_blurb][et_pb_blurb title=&#8221;Extra informatie&#8221; use_icon=&#8221;on&#8221; font_icon=&#8221;&#xf05a;||fa||900&#8243; icon_color=&#8221;#B22B88&#8243; image_icon_background_color=&#8221;RGBA(255,255,255,0)&#8221; icon_placement=&#8221;left&#8221; image_icon_width=&#8221;25px&#8221; content_max_width=&#8221;100%&#8221; admin_label=&#8221;Information suppl\u00e9mentaire&#8221; _builder_version=&#8221;4.27.4&#8243; _module_preset=&#8221;default&#8221; header_font=&#8221;Quicksand|||on|||||&#8221; header_font_size=&#8221;15px&#8221; header_letter_spacing=&#8221;1px&#8221; background_enable_color=&#8221;off&#8221; image_icon_custom_padding=&#8221;||||true|true&#8221; custom_margin=&#8221;||0px||false|false&#8221; custom_padding=&#8221;15px||15px||true|false&#8221; hover_enabled=&#8221;0&#8243; custom_css_blurb_title=&#8221;margin-top : 5px;&#8221; border_color_bottom=&#8221;rgba(0,0,0,0.1)&#8221; global_colors_info=&#8221;{}&#8221; sticky_enabled=&#8221;0&#8243;]<\/p>\n<p>Huisdieren toegestaan<\/p>\n<p>[\/et_pb_blurb][\/et_pb_column][et_pb_column type=&#8221;1_2&#8243; _builder_version=&#8221;4.19.1&#8243; _module_preset=&#8221;default&#8221; global_colors_info=&#8221;{}&#8221;][et_pb_slider _builder_version=&#8221;4.19.1&#8243; _module_preset=&#8221;default&#8221; global_colors_info=&#8221;{}&#8221;][et_pb_slide _builder_version=&#8221;4.19.1&#8243; _module_preset=&#8221;default&#8221; background_enable_color=&#8221;off&#8221; background_image=&#8221;https:\/\/camping-le-soleil-des-bastides.fr\/wp-content\/uploads\/2023\/01\/emplacement-premium-camping-tarn-1.webp&#8221; background_enable_image=&#8221;on&#8221; custom_padding=&#8221;25%||25%||true|false&#8221; global_colors_info=&#8221;{}&#8221; sticky_transition=&#8221;on&#8221;][\/et_pb_slide][et_pb_slide _builder_version=&#8221;4.19.1&#8243; _module_preset=&#8221;default&#8221; background_enable_color=&#8221;off&#8221; background_image=&#8221;https:\/\/camping-le-soleil-des-bastides.fr\/wp-content\/uploads\/2023\/01\/emplacement-premium-camping-tarn-2.webp&#8221; background_enable_image=&#8221;on&#8221; custom_padding=&#8221;25%||25%||true|false&#8221; global_colors_info=&#8221;{}&#8221; sticky_transition=&#8221;on&#8221;][\/et_pb_slide][\/et_pb_slider][et_pb_code module_class=&#8221;widget_calendrier&#8221; _builder_version=&#8221;4.19.1&#8243; _module_preset=&#8221;default&#8221; custom_margin=&#8221;3%||||false|false&#8221; global_colors_info=&#8221;{}&#8221;]<ctv-product-search data-product-id='101287' ><\/ctv-product-search>[\/et_pb_code][et_pb_code module_class=&#8221;widget_calendrier&#8221; _builder_version=&#8221;4.27.4&#8243; _module_preset=&#8221;default&#8221; custom_margin=&#8221;3%||||false|false&#8221; global_colors_info=&#8221;{}&#8221;]<ctv-reviews-list data-product-id=\"101287\" ><\/ctv-reviews-list>[\/et_pb_code][\/et_pb_column][\/et_pb_row][\/et_pb_section]<\/p>\n","protected":false},"excerpt":{"rendered":"<p>PREMIUM STAANPLAATS PRIV\u00c9 SANITAIRPREMIUM STAANPLAATS MET PRIV\u00c9 SANITAIR Ruime staanplaatsen met priv\u00e9 sanitair Omdat uw comfort onze prioriteit is, ontdekt u onze ruime premium staanplaats met priv\u00e9 sanitair! Met een oppervlakte van 120m\u00b2 biedt onze staanplaats met priv\u00e9 sanitair in de Tarn u een groot priv\u00e9terrein met voorzieningen zoals een pergola met picknicktafel, parasol, koelkast [&hellip;]<\/p>\n","protected":false},"author":1,"featured_media":0,"parent":5118,"menu_order":0,"comment_status":"closed","ping_status":"closed","template":"","meta":{"_et_pb_use_builder":"on","_et_pb_old_content":"","_et_gb_content_width":"","footnotes":""},"class_list":["post-5191","page","type-page","status-publish","hentry"],"yoast_head":"<!-- This site is optimized with the Yoast SEO plugin v27.3 - https:\/\/yoast.com\/product\/yoast-seo-wordpress\/ -->\n<title>Staanplaats met priv\u00e9 sanitair in de Tarn vanaf \u20ac27<\/title>\n<meta name=\"description\" content=\"Staanplaatsen voor campers, tenten of caravans met priv\u00e9 sanitair op de plaats, elektriciteit, koelkast en tafel.\" \/>\n<meta name=\"robots\" content=\"index, follow, max-snippet:-1, max-image-preview:large, max-video-preview:-1\" \/>\n<link rel=\"canonical\" href=\"https:\/\/camping-le-soleil-des-bastides.fr\/nl\/emplacement-camping-tarn\/emplacement-camping-premium\/\" \/>\n<meta property=\"og:locale\" content=\"nl_NL\" \/>\n<meta property=\"og:type\" content=\"article\" \/>\n<meta property=\"og:title\" content=\"Staanplaats met priv\u00e9 sanitair in de Tarn vanaf \u20ac27\" \/>\n<meta property=\"og:description\" content=\"Staanplaatsen voor campers, tenten of caravans met priv\u00e9 sanitair op de plaats, elektriciteit, koelkast en tafel.\" \/>\n<meta property=\"og:url\" content=\"https:\/\/camping-le-soleil-des-bastides.fr\/nl\/emplacement-camping-tarn\/emplacement-camping-premium\/\" \/>\n<meta property=\"og:site_name\" content=\"Camping Le Soleil Des Bastides\" \/>\n<meta property=\"article:publisher\" content=\"https:\/\/www.facebook.com\/LeSoleilDesBastides\/\" \/>\n<meta property=\"article:modified_time\" content=\"2025-06-05T05:56:02+00:00\" \/>\n<meta name=\"twitter:card\" content=\"summary_large_image\" \/>\n<meta name=\"twitter:label1\" content=\"Geschatte leestijd\" \/>\n\t<meta name=\"twitter:data1\" content=\"1 minuut\" \/>\n<script type=\"application\/ld+json\" class=\"yoast-schema-graph\">{\"@context\":\"https:\\\/\\\/schema.org\",\"@graph\":[{\"@type\":\"WebPage\",\"@id\":\"https:\\\/\\\/camping-le-soleil-des-bastides.fr\\\/nl\\\/emplacement-camping-tarn\\\/emplacement-camping-premium\\\/\",\"url\":\"https:\\\/\\\/camping-le-soleil-des-bastides.fr\\\/nl\\\/emplacement-camping-tarn\\\/emplacement-camping-premium\\\/\",\"name\":\"Staanplaats met priv\u00e9 sanitair in de Tarn vanaf \u20ac27\",\"isPartOf\":{\"@id\":\"https:\\\/\\\/camping-le-soleil-des-bastides.fr\\\/nl\\\/#website\"},\"datePublished\":\"2023-01-12T11:05:59+00:00\",\"dateModified\":\"2025-06-05T05:56:02+00:00\",\"description\":\"Staanplaatsen voor campers, tenten of caravans met priv\u00e9 sanitair op de plaats, elektriciteit, koelkast en tafel.\",\"breadcrumb\":{\"@id\":\"https:\\\/\\\/camping-le-soleil-des-bastides.fr\\\/nl\\\/emplacement-camping-tarn\\\/emplacement-camping-premium\\\/#breadcrumb\"},\"inLanguage\":\"nl-NL\",\"potentialAction\":[{\"@type\":\"ReadAction\",\"target\":[\"https:\\\/\\\/camping-le-soleil-des-bastides.fr\\\/nl\\\/emplacement-camping-tarn\\\/emplacement-camping-premium\\\/\"]}]},{\"@type\":\"BreadcrumbList\",\"@id\":\"https:\\\/\\\/camping-le-soleil-des-bastides.fr\\\/nl\\\/emplacement-camping-tarn\\\/emplacement-camping-premium\\\/#breadcrumb\",\"itemListElement\":[{\"@type\":\"ListItem\",\"position\":1,\"name\":\"Camping Tarn\",\"item\":\"https:\\\/\\\/camping-le-soleil-des-bastides.fr\\\/nl\\\/\"},{\"@type\":\"ListItem\",\"position\":2,\"name\":\"Kampeerplaats in de Tarn\",\"item\":\"https:\\\/\\\/camping-le-soleil-des-bastides.fr\\\/nl\\\/emplacement-camping-tarn\\\/\"},{\"@type\":\"ListItem\",\"position\":3,\"name\":\"Premium staanplaats met priv\u00e9 sanitair\"}]},{\"@type\":\"WebSite\",\"@id\":\"https:\\\/\\\/camping-le-soleil-des-bastides.fr\\\/nl\\\/#website\",\"url\":\"https:\\\/\\\/camping-le-soleil-des-bastides.fr\\\/nl\\\/\",\"name\":\"Camping Le Soleil Des Bastides\",\"description\":\"Un camping calme, ombrag\u00e9 au coeur des bastides tarnaises\",\"potentialAction\":[{\"@type\":\"SearchAction\",\"target\":{\"@type\":\"EntryPoint\",\"urlTemplate\":\"https:\\\/\\\/camping-le-soleil-des-bastides.fr\\\/nl\\\/?s={search_term_string}\"},\"query-input\":{\"@type\":\"PropertyValueSpecification\",\"valueRequired\":true,\"valueName\":\"search_term_string\"}}],\"inLanguage\":\"nl-NL\"}]}<\/script>\n<!-- \/ Yoast SEO plugin. -->","yoast_head_json":{"title":"Staanplaats met priv\u00e9 sanitair in de Tarn vanaf \u20ac27","description":"Staanplaatsen voor campers, tenten of caravans met priv\u00e9 sanitair op de plaats, elektriciteit, koelkast en tafel.","robots":{"index":"index","follow":"follow","max-snippet":"max-snippet:-1","max-image-preview":"max-image-preview:large","max-video-preview":"max-video-preview:-1"},"canonical":"https:\/\/camping-le-soleil-des-bastides.fr\/nl\/emplacement-camping-tarn\/emplacement-camping-premium\/","og_locale":"nl_NL","og_type":"article","og_title":"Staanplaats met priv\u00e9 sanitair in de Tarn vanaf \u20ac27","og_description":"Staanplaatsen voor campers, tenten of caravans met priv\u00e9 sanitair op de plaats, elektriciteit, koelkast en tafel.","og_url":"https:\/\/camping-le-soleil-des-bastides.fr\/nl\/emplacement-camping-tarn\/emplacement-camping-premium\/","og_site_name":"Camping Le Soleil Des Bastides","article_publisher":"https:\/\/www.facebook.com\/LeSoleilDesBastides\/","article_modified_time":"2025-06-05T05:56:02+00:00","twitter_card":"summary_large_image","twitter_misc":{"Geschatte leestijd":"1 minuut"},"schema":{"@context":"https:\/\/schema.org","@graph":[{"@type":"WebPage","@id":"https:\/\/camping-le-soleil-des-bastides.fr\/nl\/emplacement-camping-tarn\/emplacement-camping-premium\/","url":"https:\/\/camping-le-soleil-des-bastides.fr\/nl\/emplacement-camping-tarn\/emplacement-camping-premium\/","name":"Staanplaats met priv\u00e9 sanitair in de Tarn vanaf \u20ac27","isPartOf":{"@id":"https:\/\/camping-le-soleil-des-bastides.fr\/nl\/#website"},"datePublished":"2023-01-12T11:05:59+00:00","dateModified":"2025-06-05T05:56:02+00:00","description":"Staanplaatsen voor campers, tenten of caravans met priv\u00e9 sanitair op de plaats, elektriciteit, koelkast en tafel.","breadcrumb":{"@id":"https:\/\/camping-le-soleil-des-bastides.fr\/nl\/emplacement-camping-tarn\/emplacement-camping-premium\/#breadcrumb"},"inLanguage":"nl-NL","potentialAction":[{"@type":"ReadAction","target":["https:\/\/camping-le-soleil-des-bastides.fr\/nl\/emplacement-camping-tarn\/emplacement-camping-premium\/"]}]},{"@type":"BreadcrumbList","@id":"https:\/\/camping-le-soleil-des-bastides.fr\/nl\/emplacement-camping-tarn\/emplacement-camping-premium\/#breadcrumb","itemListElement":[{"@type":"ListItem","position":1,"name":"Camping Tarn","item":"https:\/\/camping-le-soleil-des-bastides.fr\/nl\/"},{"@type":"ListItem","position":2,"name":"Kampeerplaats in de Tarn","item":"https:\/\/camping-le-soleil-des-bastides.fr\/nl\/emplacement-camping-tarn\/"},{"@type":"ListItem","position":3,"name":"Premium staanplaats met priv\u00e9 sanitair"}]},{"@type":"WebSite","@id":"https:\/\/camping-le-soleil-des-bastides.fr\/nl\/#website","url":"https:\/\/camping-le-soleil-des-bastides.fr\/nl\/","name":"Camping Le Soleil Des Bastides","description":"Un camping calme, ombrag\u00e9 au coeur des bastides tarnaises","potentialAction":[{"@type":"SearchAction","target":{"@type":"EntryPoint","urlTemplate":"https:\/\/camping-le-soleil-des-bastides.fr\/nl\/?s={search_term_string}"},"query-input":{"@type":"PropertyValueSpecification","valueRequired":true,"valueName":"search_term_string"}}],"inLanguage":"nl-NL"}]}},"_links":{"self":[{"href":"https:\/\/camping-le-soleil-des-bastides.fr\/nl\/wp-json\/wp\/v2\/pages\/5191","targetHints":{"allow":["GET"]}}],"collection":[{"href":"https:\/\/camping-le-soleil-des-bastides.fr\/nl\/wp-json\/wp\/v2\/pages"}],"about":[{"href":"https:\/\/camping-le-soleil-des-bastides.fr\/nl\/wp-json\/wp\/v2\/types\/page"}],"author":[{"embeddable":true,"href":"https:\/\/camping-le-soleil-des-bastides.fr\/nl\/wp-json\/wp\/v2\/users\/1"}],"replies":[{"embeddable":true,"href":"https:\/\/camping-le-soleil-des-bastides.fr\/nl\/wp-json\/wp\/v2\/comments?post=5191"}],"version-history":[{"count":0,"href":"https:\/\/camping-le-soleil-des-bastides.fr\/nl\/wp-json\/wp\/v2\/pages\/5191\/revisions"}],"up":[{"embeddable":true,"href":"https:\/\/camping-le-soleil-des-bastides.fr\/nl\/wp-json\/wp\/v2\/pages\/5118"}],"wp:attachment":[{"href":"https:\/\/camping-le-soleil-des-bastides.fr\/nl\/wp-json\/wp\/v2\/media?parent=5191"}],"curies":[{"name":"wp","href":"https:\/\/api.w.org\/{rel}","templated":true}]}}