{"id":6215,"date":"2022-11-22T14:58:36","date_gmt":"2022-11-22T13:58:36","guid":{"rendered":"https:\/\/camping-le-soleil-des-bastides.fr\/politique-de-confidentialite\/"},"modified":"2025-06-18T09:10:23","modified_gmt":"2025-06-18T07:10:23","slug":"politique-de-confidentialite","status":"publish","type":"page","link":"https:\/\/camping-le-soleil-des-bastides.fr\/es\/politique-de-confidentialite\/","title":{"rendered":"Pol\u00edtica de privacidad"},"content":{"rendered":"<p>[et_pb_section fb_built=\u00bb1&#8243; _builder_version=\u00bb4.19.1&#8243; background_color=\u00bbrgba(232,226,216,0.3)\u00bb custom_padding=\u00bb50px||50px||false|false\u00bb animation_direction=\u00bbright\u00bb global_colors_info=\u00bb{}\u00bb][et_pb_row use_custom_gutter=\u00bbon\u00bb make_equal=\u00bbon\u00bb _builder_version=\u00bb4.19.1&#8243; custom_padding=\u00bb0px||0px||false|false\u00bb global_colors_info=\u00bb{}\u00bb][et_pb_column type=\u00bb4_4&#8243; _builder_version=\u00bb4.16&#8243; custom_padding=\u00bb|||\u00bb global_colors_info=\u00bb{}\u00bb custom_padding__hover=\u00bb|||\u00bb][et_pb_text _builder_version=\u00bb4.27.4&#8243; text_font=\u00bbQuicksand|||on|||||\u00bb text_font_size=\u00bb16px\u00bb text_line_height=\u00bb2em\u00bb header_font=\u00bb||||||||\u00bb header_text_color=\u00bb#000000&#8243; header_2_font=\u00bb|700||on|||||\u00bb header_2_text_color=\u00bb#000000&#8243; header_2_font_size=\u00bb30px\u00bb header_2_line_height=\u00bb1.2em\u00bb header_6_font=\u00bbRaleway|700||on|||||\u00bb header_6_font_size=\u00bb16px\u00bb header_6_letter_spacing=\u00bb5px\u00bb header_6_line_height=\u00bb1.8em\u00bb text_orientation=\u00bbcenter\u00bb max_width_last_edited=\u00bboff|desktop\u00bb module_alignment=\u00bbcenter\u00bb custom_margin=\u00bb||0px||false|false\u00bb custom_padding=\u00bb||0px||false|false\u00bb hover_enabled=\u00bb0&#8243; header_font_size_tablet=\u00bb25px\u00bb header_font_size_phone=\u00bb18px\u00bb header_font_size_last_edited=\u00bbon|phone\u00bb header_2_font_size_tablet=\u00bb25px\u00bb header_2_font_size_phone=\u00bb18px\u00bb header_2_font_size_last_edited=\u00bbon|phone\u00bb global_colors_info=\u00bb{}\u00bb sticky_enabled=\u00bb0&#8243;]<\/p>\n<h1>POL\u00cdTICA DE PRIVACIDAD<br \/><span style=\"font-weight: 400;\">CAMPING SOLEIL DES BASTIDES<\/span><\/h1>\n<p>[\/et_pb_text][et_pb_divider color=\u00bb#B22B88&#8243; divider_position=\u00bbcenter\u00bb divider_weight=\u00bb3px\u00bb _builder_version=\u00bb4.19.1&#8243; _module_preset=\u00bbdefault\u00bb width=\u00bb150px\u00bb width_tablet=\u00bb100px\u00bb width_phone=\u00bb50px\u00bb width_last_edited=\u00bbon|phone\u00bb module_alignment=\u00bbcenter\u00bb custom_margin=\u00bb||20px||false|false\u00bb custom_padding=\u00bb||0px||false|false\u00bb global_colors_info=\u00bb{}\u00bb][\/et_pb_divider][et_pb_text _builder_version=\u00bb4.27.4&#8243; _module_preset=\u00bbdefault\u00bb header_2_text_align=\u00bbleft\u00bb header_2_font_size=\u00bb16px\u00bb header_3_text_color=\u00bb#B22B88&#8243; header_3_font_size=\u00bb14px\u00bb module_alignment=\u00bbcenter\u00bb custom_margin=\u00bb50px||||false|false\u00bb hover_enabled=\u00bb0&#8243; global_colors_info=\u00bb{}\u00bb sticky_enabled=\u00bb0&#8243;]<\/p>\n<h2 align=\"justify\">PROTECCI\u00d3N DE DATOS PERSONALES<\/h2>\n<h3 align=\"justify\">Cumplimiento normativo<\/h3>\n<p align=\"justify\"><strong>Camping le Soleil des Bastides<\/strong> se compromete, de conformidad con la legislaci\u00f3n francesa y europea vigente, a proteger los datos personales de los visitantes del sitio <a href=\"https:\/\/camping-le-soleil-des-bastides.fr\/es\/\">camping-le-soleil-des-bastides.fr<\/a>. Esta pol\u00edtica de privacidad explica c\u00f3mo <strong>Camping le Soleil des Bastides<\/strong> y sus posibles socios tratan sus datos personales.<\/p>\n<h3>\u00bfPor qu\u00e9 recogemos sus datos?<\/h3>\n<p align=\"justify\"><strong>Camping le Soleil des Bastides<\/strong> recoge sus datos a trav\u00e9s del formulario de contacto para poder comunicarse con usted y proporcionarle informaci\u00f3n. Los datos recopilados se utilizan exclusivamente por <strong>Camping le Soleil des Bastides<\/strong> y no se comparten con terceros.<\/p>\n<h3 align=\"justify\">C\u00f3mo modificar o eliminar sus datos personales<\/h3>\n<p align=\"justify\">De acuerdo con la ley francesa n.\u00ba\u202f78-17 del 6 de enero de 1978 (\u201cinformatique et libert\u00e9s\u201d) y el Reglamento General de Protecci\u00f3n de Datos (RGPD) de la UE del 27 de abril de 2016, todo usuario tiene derecho a acceder, corregir o eliminar sus datos personales, aplicable \u00fanicamente a datos individuales.<\/p>\n<p align=\"justify\">Por motivos de privacidad, puede solicitar la eliminaci\u00f3n de ciertos datos personales. Puede hacerlo por escrito utilizando los datos de contacto que se indican a continuaci\u00f3n.<\/p>\n<h3 align=\"justify\">\u00bfC\u00f3mo se protegen sus datos?<\/h3>\n<p align=\"justify\"><strong>Camping le Soleil des Bastides<\/strong> pone todos los medios para proteger sus datos. Todos los archivos con datos personales est\u00e1n asegurados. Se han implementado medidas t\u00e9cnicas y organizativas adecuadas, proporcionales a la sensibilidad de los datos y al riesgo del tratamiento, para evitar p\u00e9rdidas, usos indebidos, alteraciones o eliminaci\u00f3n.<\/p>\n<h3 align=\"justify\">Contenido incrustado de otros sitios<\/h3>\n<p align=\"justify\">Los art\u00edculos de este sitio pueden incluir contenido embebido (por ejemplo, v\u00eddeos, im\u00e1genes o art\u00edculos). El contenido incrustado se comporta como si el visitante se dirigiera directamente a ese otro sitio.<\/p>\n<p align=\"justify\">Esos sitios pueden recopilar datos sobre usted, usar cookies, incluir herramientas de seguimiento de terceros y rastrear sus interacciones con el contenido embebido si tiene una cuenta en su web.<\/p>\n<h2 align=\"justify\">GESTI\u00d3N DE COOKIES<\/h2>\n<p align=\"justify\">Una cookie es un peque\u00f1o archivo de texto que un sitio web almacena en el ordenador del usuario. La cookie permite almacenar datos t\u00e9cnicos (por ejemplo, n\u00famero de visitas, frecuencia de anuncios, estado de sesi\u00f3n) o personalizar p\u00e1ginas para futuras interacciones. Las cookies son esenciales para el correcto funcionamiento del sitio. Se utilizan para mantener la informaci\u00f3n de acceso, ofrecer una conexi\u00f3n segura, recopilar estad\u00edsticas para optimizar funciones y adaptar el contenido a los intereses del usuario.<\/p>\n<p align=\"justify\">El sitio <a href=\"https:\/\/camping-le-soleil-des-bastides.fr\/es\/\">camping-le-soleil-des-bastides.fr<\/a> utiliza cookies. Estas cookies ayudan a supervisar la actividad general del sitio, detectar errores, asegurar recursos adecuados y generar estad\u00edsticas de tr\u00e1fico y volumen de visitas.<\/p>\n<p align=\"justify\">Usted puede aceptar o rechazar estas cookies. Basta con cambiar la configuraci\u00f3n del navegador para rechazar cookies o recibir una notificaci\u00f3n. Tambi\u00e9n puede eliminar las cookies del equipo para borrar permanentemente la informaci\u00f3n almacenada.<\/p>\n<h2 align=\"justify\">INFORMACI\u00d3N DE CONTACTO<\/h2>\n<p align=\"justify\"><strong>Camping le Soleil des Bastides<\/strong><\/p>\n<p align=\"justify\">Email: <a href=\"mailto:info@camping-le-soleil-des-bastides.fr\" target=\"_blank\" rel=\"noopener\">info@camping-le-soleil-des-bastides.fr<\/a><br \/>Direcci\u00f3n: Route de Cordes \u2013 81140 Cahuzac sur V\u00e8re.<\/p>\n<p>[\/et_pb_text][\/et_pb_column][\/et_pb_row][\/et_pb_section]<\/p>\n","protected":false},"excerpt":{"rendered":"<p>POL\u00cdTICA DE PRIVACIDADCAMPING SOLEIL DES BASTIDES PROTECCI\u00d3N DE DATOS PERSONALES Cumplimiento normativo Camping le Soleil des Bastides se compromete, de conformidad con la legislaci\u00f3n francesa y europea vigente, a proteger los datos personales de los visitantes del sitio camping-le-soleil-des-bastides.fr. Esta pol\u00edtica de privacidad explica c\u00f3mo Camping le Soleil des Bastides y sus posibles socios tratan [&hellip;]<\/p>\n","protected":false},"author":1,"featured_media":0,"parent":0,"menu_order":0,"comment_status":"closed","ping_status":"open","template":"","meta":{"_et_pb_use_builder":"on","_et_pb_old_content":"<!-- wp:heading -->\r\n<h2>Qui sommes-nous\u00a0?<\/h2>\r\n<!-- \/wp:heading --><!-- wp:paragraph -->\r\n<p><strong class=\"privacy-policy-tutorial\">Texte sugg\u00e9r\u00e9\u00a0: <\/strong>L\u2019adresse de notre site est\u00a0: https:\/\/preprod.le-soleil-des-bastides.fr.<\/p>\r\n<!-- \/wp:paragraph --><!-- wp:heading -->\r\n<h2>Commentaires<\/h2>\r\n<!-- \/wp:heading --><!-- wp:paragraph -->\r\n<p><strong class=\"privacy-policy-tutorial\">Texte sugg\u00e9r\u00e9\u00a0: <\/strong>Quand vous laissez un commentaire sur notre site, les donn\u00e9es inscrites dans le formulaire de commentaire, ainsi que votre adresse IP et l\u2019agent utilisateur de votre navigateur sont collect\u00e9s pour nous aider \u00e0 la d\u00e9tection des commentaires ind\u00e9sirables.<\/p>\r\n<!-- \/wp:paragraph --><!-- wp:paragraph -->\r\n<p>Une cha\u00eene anonymis\u00e9e cr\u00e9\u00e9e \u00e0 partir de votre adresse e-mail (\u00e9galement appel\u00e9e hash) peut \u00eatre envoy\u00e9e au service Gravatar pour v\u00e9rifier si vous utilisez ce dernier. Les clauses de confidentialit\u00e9 du service Gravatar sont disponibles ici\u00a0: https:\/\/automattic.com\/privacy\/. Apr\u00e8s validation de votre commentaire, votre photo de profil sera visible publiquement \u00e0 cot\u00e9 de votre commentaire.<\/p>\r\n<!-- \/wp:paragraph --><!-- wp:heading -->\r\n<h2>M\u00e9dias<\/h2>\r\n<!-- \/wp:heading --><!-- wp:paragraph -->\r\n<p><strong class=\"privacy-policy-tutorial\">Texte sugg\u00e9r\u00e9\u00a0: <\/strong>Si vous t\u00e9l\u00e9versez des images sur le site, nous vous conseillons d\u2019\u00e9viter de t\u00e9l\u00e9verser des images contenant des donn\u00e9es EXIF de coordonn\u00e9es GPS. Les personnes visitant votre site peuvent t\u00e9l\u00e9charger et extraire des donn\u00e9es de localisation depuis ces images.<\/p>\r\n<!-- \/wp:paragraph --><!-- wp:heading -->\r\n<h2>Cookies<\/h2>\r\n<!-- \/wp:heading --><!-- wp:paragraph -->\r\n<p><strong class=\"privacy-policy-tutorial\">Texte sugg\u00e9r\u00e9\u00a0: <\/strong>Si vous d\u00e9posez un commentaire sur notre site, il vous sera propos\u00e9 d\u2019enregistrer votre nom, adresse e-mail et site dans des cookies. C\u2019est uniquement pour votre confort afin de ne pas avoir \u00e0 saisir ces informations si vous d\u00e9posez un autre commentaire plus tard. Ces cookies expirent au bout d\u2019un an.<\/p>\r\n<!-- \/wp:paragraph --><!-- wp:paragraph -->\r\n<p>Si vous vous rendez sur la page de connexion, un cookie temporaire sera cr\u00e9\u00e9 afin de d\u00e9terminer si votre navigateur accepte les cookies. Il ne contient pas de donn\u00e9es personnelles et sera supprim\u00e9 automatiquement \u00e0 la fermeture de votre navigateur.<\/p>\r\n<!-- \/wp:paragraph --><!-- wp:paragraph -->\r\n<p>Lorsque vous vous connecterez, nous mettrons en place un certain nombre de cookies pour enregistrer vos informations de connexion et vos pr\u00e9f\u00e9rences d\u2019\u00e9cran. La dur\u00e9e de vie d\u2019un cookie de connexion est de deux jours, celle d\u2019un cookie d\u2019option d\u2019\u00e9cran est d\u2019un an. Si vous cochez \u00ab\u00a0Se souvenir de moi\u00a0\u00bb, votre cookie de connexion sera conserv\u00e9 pendant deux semaines. Si vous vous d\u00e9connectez de votre compte, le cookie de connexion sera effac\u00e9.<\/p>\r\n<!-- \/wp:paragraph --><!-- wp:paragraph -->\r\n<p>En modifiant ou en publiant une publication, un cookie suppl\u00e9mentaire sera enregistr\u00e9 dans votre navigateur. Ce cookie ne comprend aucune donn\u00e9e personnelle. Il indique simplement l\u2019ID de la publication que vous venez de modifier. Il expire au bout d\u2019un jour.<\/p>\r\n<!-- \/wp:paragraph --><!-- wp:heading -->\r\n<h2>Contenu embarqu\u00e9 depuis d\u2019autres sites<\/h2>\r\n<!-- \/wp:heading --><!-- wp:paragraph -->\r\n<p><strong class=\"privacy-policy-tutorial\">Texte sugg\u00e9r\u00e9\u00a0: <\/strong>Les articles de ce site peuvent inclure des contenus int\u00e9gr\u00e9s (par exemple des vid\u00e9os, images, articles\u2026). Le contenu int\u00e9gr\u00e9 depuis d\u2019autres sites se comporte de la m\u00eame mani\u00e8re que si le visiteur se rendait sur cet autre site.<\/p>\r\n<!-- \/wp:paragraph --><!-- wp:paragraph -->\r\n<p>Ces sites web pourraient collecter des donn\u00e9es sur vous, utiliser des cookies, embarquer des outils de suivis tiers, suivre vos interactions avec ces contenus embarqu\u00e9s si vous disposez d\u2019un compte connect\u00e9 sur leur site web.<\/p>\r\n<!-- \/wp:paragraph --><!-- wp:heading -->\r\n<h2>Utilisation et transmission de vos donn\u00e9es personnelles<\/h2>\r\n<!-- \/wp:heading --><!-- wp:paragraph -->\r\n<p><strong class=\"privacy-policy-tutorial\">Texte sugg\u00e9r\u00e9\u00a0: <\/strong>Si vous demandez une r\u00e9initialisation de votre mot de passe, votre adresse IP sera incluse dans l\u2019e-mail de r\u00e9initialisation.<\/p>\r\n<!-- \/wp:paragraph --><!-- wp:heading -->\r\n<h2>Dur\u00e9es de stockage de vos donn\u00e9es<\/h2>\r\n<!-- \/wp:heading --><!-- wp:paragraph -->\r\n<p><strong class=\"privacy-policy-tutorial\">Texte sugg\u00e9r\u00e9\u00a0: <\/strong>Si vous laissez un commentaire, le commentaire et ses m\u00e9tadonn\u00e9es sont conserv\u00e9s ind\u00e9finiment. Cela permet de reconna\u00eetre et approuver automatiquement les commentaires suivants au lieu de les laisser dans la file de mod\u00e9ration.<\/p>\r\n<!-- \/wp:paragraph --><!-- wp:paragraph -->\r\n<p>Pour les comptes qui s\u2019inscrivent sur notre site (le cas \u00e9ch\u00e9ant), nous stockons \u00e9galement les donn\u00e9es personnelles indiqu\u00e9es dans leur profil. Tous les comptes peuvent voir, modifier ou supprimer leurs informations personnelles \u00e0 tout moment (\u00e0 l\u2019exception de leur identifiant). Les gestionnaires du site peuvent aussi voir et modifier ces informations.<\/p>\r\n<!-- \/wp:paragraph --><!-- wp:heading -->\r\n<h2>Les droits que vous avez sur vos donn\u00e9es<\/h2>\r\n<!-- \/wp:heading --><!-- wp:paragraph -->\r\n<p><strong class=\"privacy-policy-tutorial\">Texte sugg\u00e9r\u00e9\u00a0: <\/strong>Si vous avez un compte ou si vous avez laiss\u00e9 des commentaires sur le site, vous pouvez demander \u00e0 recevoir un fichier contenant toutes les donn\u00e9es personnelles que nous poss\u00e9dons \u00e0 votre sujet, incluant celles que vous nous avez fournies. Vous pouvez \u00e9galement demander la suppression des donn\u00e9es personnelles vous concernant. Cela ne prend pas en compte les donn\u00e9es stock\u00e9es \u00e0 des fins administratives, l\u00e9gales ou pour des raisons de s\u00e9curit\u00e9.<\/p>\r\n<!-- \/wp:paragraph --><!-- wp:heading -->\r\n<h2>O\u00f9 vos donn\u00e9es sont envoy\u00e9es<\/h2>\r\n<!-- \/wp:heading --><!-- wp:paragraph -->\r\n<p><strong class=\"privacy-policy-tutorial\">Texte sugg\u00e9r\u00e9\u00a0: <\/strong>Les commentaires des visiteurs peuvent \u00eatre v\u00e9rifi\u00e9s \u00e0 l\u2019aide d\u2019un service automatis\u00e9 de d\u00e9tection des commentaires ind\u00e9sirables.<\/p>\r\n<!-- \/wp:paragraph -->","_et_gb_content_width":"","footnotes":""},"class_list":["post-6215","page","type-page","status-publish","hentry"],"yoast_head":"<!-- This site is optimized with the Yoast SEO plugin v27.3 - https:\/\/yoast.com\/product\/yoast-seo-wordpress\/ -->\n<title>Pol\u00edtica de privacidad - Camping Le Soleil Des Bastides<\/title>\n<meta name=\"robots\" content=\"index, follow, max-snippet:-1, max-image-preview:large, max-video-preview:-1\" \/>\n<link rel=\"canonical\" href=\"https:\/\/camping-le-soleil-des-bastides.fr\/es\/politique-de-confidentialite\/\" \/>\n<meta property=\"og:locale\" content=\"es_ES\" \/>\n<meta property=\"og:type\" content=\"article\" \/>\n<meta property=\"og:title\" content=\"Pol\u00edtica de privacidad - Camping Le Soleil Des Bastides\" \/>\n<meta property=\"og:description\" content=\"POL\u00cdTICA DE PRIVACIDADCAMPING SOLEIL DES BASTIDES PROTECCI\u00d3N DE DATOS PERSONALES Cumplimiento normativo Camping le Soleil des Bastides se compromete, de conformidad con la legislaci\u00f3n francesa y europea vigente, a proteger los datos personales de los visitantes del sitio camping-le-soleil-des-bastides.fr. Esta pol\u00edtica de privacidad explica c\u00f3mo Camping le Soleil des Bastides y sus posibles socios tratan [&hellip;]\" \/>\n<meta property=\"og:url\" content=\"https:\/\/camping-le-soleil-des-bastides.fr\/es\/politique-de-confidentialite\/\" \/>\n<meta property=\"og:site_name\" content=\"Camping Le Soleil Des Bastides\" \/>\n<meta property=\"article:publisher\" content=\"https:\/\/www.facebook.com\/LeSoleilDesBastides\/\" \/>\n<meta property=\"article:modified_time\" content=\"2025-06-18T07:10:23+00:00\" \/>\n<meta name=\"twitter:card\" content=\"summary_large_image\" \/>\n<meta name=\"twitter:label1\" content=\"Tiempo de lectura\" \/>\n\t<meta name=\"twitter:data1\" content=\"3 minutos\" \/>\n<script type=\"application\/ld+json\" class=\"yoast-schema-graph\">{\"@context\":\"https:\\\/\\\/schema.org\",\"@graph\":[{\"@type\":\"WebPage\",\"@id\":\"https:\\\/\\\/camping-le-soleil-des-bastides.fr\\\/es\\\/politique-de-confidentialite\\\/\",\"url\":\"https:\\\/\\\/camping-le-soleil-des-bastides.fr\\\/es\\\/politique-de-confidentialite\\\/\",\"name\":\"Pol\u00edtica de privacidad - Camping Le Soleil Des Bastides\",\"isPartOf\":{\"@id\":\"https:\\\/\\\/camping-le-soleil-des-bastides.fr\\\/es\\\/#website\"},\"datePublished\":\"2022-11-22T13:58:36+00:00\",\"dateModified\":\"2025-06-18T07:10:23+00:00\",\"breadcrumb\":{\"@id\":\"https:\\\/\\\/camping-le-soleil-des-bastides.fr\\\/es\\\/politique-de-confidentialite\\\/#breadcrumb\"},\"inLanguage\":\"es\",\"potentialAction\":[{\"@type\":\"ReadAction\",\"target\":[\"https:\\\/\\\/camping-le-soleil-des-bastides.fr\\\/es\\\/politique-de-confidentialite\\\/\"]}]},{\"@type\":\"BreadcrumbList\",\"@id\":\"https:\\\/\\\/camping-le-soleil-des-bastides.fr\\\/es\\\/politique-de-confidentialite\\\/#breadcrumb\",\"itemListElement\":[{\"@type\":\"ListItem\",\"position\":1,\"name\":\"Camping Tarn\",\"item\":\"https:\\\/\\\/camping-le-soleil-des-bastides.fr\\\/es\\\/\"},{\"@type\":\"ListItem\",\"position\":2,\"name\":\"Pol\u00edtica de privacidad\"}]},{\"@type\":\"WebSite\",\"@id\":\"https:\\\/\\\/camping-le-soleil-des-bastides.fr\\\/es\\\/#website\",\"url\":\"https:\\\/\\\/camping-le-soleil-des-bastides.fr\\\/es\\\/\",\"name\":\"Camping Le Soleil Des Bastides\",\"description\":\"Un camping calme, ombrag\u00e9 au coeur des bastides tarnaises\",\"potentialAction\":[{\"@type\":\"SearchAction\",\"target\":{\"@type\":\"EntryPoint\",\"urlTemplate\":\"https:\\\/\\\/camping-le-soleil-des-bastides.fr\\\/es\\\/?s={search_term_string}\"},\"query-input\":{\"@type\":\"PropertyValueSpecification\",\"valueRequired\":true,\"valueName\":\"search_term_string\"}}],\"inLanguage\":\"es\"}]}<\/script>\n<!-- \/ Yoast SEO plugin. -->","yoast_head_json":{"title":"Pol\u00edtica de privacidad - Camping Le Soleil Des Bastides","robots":{"index":"index","follow":"follow","max-snippet":"max-snippet:-1","max-image-preview":"max-image-preview:large","max-video-preview":"max-video-preview:-1"},"canonical":"https:\/\/camping-le-soleil-des-bastides.fr\/es\/politique-de-confidentialite\/","og_locale":"es_ES","og_type":"article","og_title":"Pol\u00edtica de privacidad - Camping Le Soleil Des Bastides","og_description":"POL\u00cdTICA DE PRIVACIDADCAMPING SOLEIL DES BASTIDES PROTECCI\u00d3N DE DATOS PERSONALES Cumplimiento normativo Camping le Soleil des Bastides se compromete, de conformidad con la legislaci\u00f3n francesa y europea vigente, a proteger los datos personales de los visitantes del sitio camping-le-soleil-des-bastides.fr. Esta pol\u00edtica de privacidad explica c\u00f3mo Camping le Soleil des Bastides y sus posibles socios tratan [&hellip;]","og_url":"https:\/\/camping-le-soleil-des-bastides.fr\/es\/politique-de-confidentialite\/","og_site_name":"Camping Le Soleil Des Bastides","article_publisher":"https:\/\/www.facebook.com\/LeSoleilDesBastides\/","article_modified_time":"2025-06-18T07:10:23+00:00","twitter_card":"summary_large_image","twitter_misc":{"Tiempo de lectura":"3 minutos"},"schema":{"@context":"https:\/\/schema.org","@graph":[{"@type":"WebPage","@id":"https:\/\/camping-le-soleil-des-bastides.fr\/es\/politique-de-confidentialite\/","url":"https:\/\/camping-le-soleil-des-bastides.fr\/es\/politique-de-confidentialite\/","name":"Pol\u00edtica de privacidad - Camping Le Soleil Des Bastides","isPartOf":{"@id":"https:\/\/camping-le-soleil-des-bastides.fr\/es\/#website"},"datePublished":"2022-11-22T13:58:36+00:00","dateModified":"2025-06-18T07:10:23+00:00","breadcrumb":{"@id":"https:\/\/camping-le-soleil-des-bastides.fr\/es\/politique-de-confidentialite\/#breadcrumb"},"inLanguage":"es","potentialAction":[{"@type":"ReadAction","target":["https:\/\/camping-le-soleil-des-bastides.fr\/es\/politique-de-confidentialite\/"]}]},{"@type":"BreadcrumbList","@id":"https:\/\/camping-le-soleil-des-bastides.fr\/es\/politique-de-confidentialite\/#breadcrumb","itemListElement":[{"@type":"ListItem","position":1,"name":"Camping Tarn","item":"https:\/\/camping-le-soleil-des-bastides.fr\/es\/"},{"@type":"ListItem","position":2,"name":"Pol\u00edtica de privacidad"}]},{"@type":"WebSite","@id":"https:\/\/camping-le-soleil-des-bastides.fr\/es\/#website","url":"https:\/\/camping-le-soleil-des-bastides.fr\/es\/","name":"Camping Le Soleil Des Bastides","description":"Un camping calme, ombrag\u00e9 au coeur des bastides tarnaises","potentialAction":[{"@type":"SearchAction","target":{"@type":"EntryPoint","urlTemplate":"https:\/\/camping-le-soleil-des-bastides.fr\/es\/?s={search_term_string}"},"query-input":{"@type":"PropertyValueSpecification","valueRequired":true,"valueName":"search_term_string"}}],"inLanguage":"es"}]}},"_links":{"self":[{"href":"https:\/\/camping-le-soleil-des-bastides.fr\/es\/wp-json\/wp\/v2\/pages\/6215","targetHints":{"allow":["GET"]}}],"collection":[{"href":"https:\/\/camping-le-soleil-des-bastides.fr\/es\/wp-json\/wp\/v2\/pages"}],"about":[{"href":"https:\/\/camping-le-soleil-des-bastides.fr\/es\/wp-json\/wp\/v2\/types\/page"}],"author":[{"embeddable":true,"href":"https:\/\/camping-le-soleil-des-bastides.fr\/es\/wp-json\/wp\/v2\/users\/1"}],"replies":[{"embeddable":true,"href":"https:\/\/camping-le-soleil-des-bastides.fr\/es\/wp-json\/wp\/v2\/comments?post=6215"}],"version-history":[{"count":0,"href":"https:\/\/camping-le-soleil-des-bastides.fr\/es\/wp-json\/wp\/v2\/pages\/6215\/revisions"}],"wp:attachment":[{"href":"https:\/\/camping-le-soleil-des-bastides.fr\/es\/wp-json\/wp\/v2\/media?parent=6215"}],"curies":[{"name":"wp","href":"https:\/\/api.w.org\/{rel}","templated":true}]}}