{"id":6182,"date":"2023-01-19T14:16:12","date_gmt":"2023-01-19T13:16:12","guid":{"rendered":"https:\/\/camping-le-soleil-des-bastides.fr\/notre-region\/saint-antonin-noble-val\/"},"modified":"2025-06-17T15:04:09","modified_gmt":"2025-06-17T13:04:09","slug":"saint-antonin-noble-val","status":"publish","type":"page","link":"https:\/\/camping-le-soleil-des-bastides.fr\/es\/notre-region\/saint-antonin-noble-val\/","title":{"rendered":"Saint Antonin Noble Val"},"content":{"rendered":"<p>[et_pb_section fb_built=\u00bb1&#8243; admin_label=\u00bbHeader\u00bb _builder_version=\u00bb4.19.1&#8243; use_background_color_gradient=\u00bbon\u00bb background_color_gradient_type=\u00bbcircular\u00bb background_color_gradient_direction_radial=\u00bbtop left\u00bb background_color_gradient_stops=\u00bbrgba(51,51,51,0.8) 0%|rgba(51,51,51,0.1) 100%\u00bb background_color_gradient_overlays_image=\u00bbon\u00bb background_color_gradient_start=\u00bbrgba(255,255,255,0.89)\u00bb background_color_gradient_start_position=\u00bb30%\u00bb background_color_gradient_end=\u00bbrgba(255,255,255,0)\u00bb background_color_gradient_end_position=\u00bb80%\u00bb background_image=\u00bbhttps:\/\/camping-le-soleil-des-bastides.fr\/wp-content\/uploads\/2023\/01\/saint-antonin-de-noble-val.webp\u00bb custom_margin=\u00bb|||\u00bb custom_padding=\u00bb2vw||2vw||true|false\u00bb global_colors_info=\u00bb{}\u00bb][et_pb_row _builder_version=\u00bb4.16&#8243; global_colors_info=\u00bb{}\u00bb][et_pb_column type=\u00bb4_4&#8243; _builder_version=\u00bb4.16&#8243; custom_padding=\u00bb|||\u00bb global_colors_info=\u00bb{}\u00bb custom_padding__hover=\u00bb|||\u00bb][et_pb_text _builder_version=\u00bb4.27.4&#8243; text_font=\u00bb||||||||\u00bb header_font=\u00bb|700|||||||\u00bb header_text_color=\u00bb#83BE40&#8243; header_font_size=\u00bb50px\u00bb header_line_height=\u00bb1.2em\u00bb header_5_font=\u00bbQuicksand|700||on|||||\u00bb header_5_text_color=\u00bb#FFFFFF\u00bb header_5_font_size=\u00bb20px\u00bb header_5_letter_spacing=\u00bb0.5em\u00bb custom_margin=\u00bb||0px||false|false\u00bb custom_padding=\u00bb||0px||false|false\u00bb header_font_size_tablet=\u00bb35px\u00bb header_font_size_phone=\u00bb25px\u00bb header_font_size_last_edited=\u00bbon|phone\u00bb header_5_font_size_tablet=\u00bb14px\u00bb header_5_font_size_phone=\u00bb12px\u00bb header_5_font_size_last_edited=\u00bbon|desktop\u00bb header_text_shadow_style=\u00bbpreset3&#8243; header_text_shadow_color=\u00bbrgba(51,51,51,0.4)\u00bb header_5_text_shadow_style=\u00bbpreset3&#8243; global_colors_info=\u00bb{}\u00bb]<\/p>\n<h1>VISITAR SAINT-ANTONIN-NOBLE-VAL<\/h1>\n<h5>DESDE EL CAMPING<\/h5>\n<p>[\/et_pb_text][et_pb_text admin_label=\u00bbDiscover Beatuty Text\u00bb _builder_version=\u00bb4.27.4&#8243; text_font=\u00bb||||||||\u00bb text_text_color=\u00bb#FFFFFF\u00bb text_font_size=\u00bb16px\u00bb text_line_height=\u00bb1.9em\u00bb header_3_text_color=\u00bb#B22B88&#8243; header_4_font=\u00bb|||on|||||\u00bb header_4_text_color=\u00bb#B22B88&#8243; text_orientation=\u00bbright\u00bb custom_margin=\u00bb0px||0px||true|false\u00bb custom_padding=\u00bb0px||0px||false|false\u00bb animation_direction=\u00bbtop\u00bb global_colors_info=\u00bb{}\u00bb link_text_color__hover_enabled=\u00bbon|hover\u00bb link_text_color__hover=\u00bb#83BE40&#8243;]<em style=\"font-size: 13px;\">Foto \u00a9Frecks<\/em>[\/et_pb_text][\/et_pb_column][\/et_pb_row][\/et_pb_section][et_pb_section fb_built=\u00bb1&#8243; _builder_version=\u00bb4.19.1&#8243; background_color=\u00bb#E8E2D8&#8243; custom_padding=\u00bb50px||50px||false|false\u00bb animation_direction=\u00bbright\u00bb global_colors_info=\u00bb{}\u00bb][et_pb_row use_custom_gutter=\u00bbon\u00bb make_equal=\u00bbon\u00bb _builder_version=\u00bb4.19.1&#8243; custom_padding=\u00bb0px||0px||false|false\u00bb animation_style=\u00bbslide\u00bb animation_direction=\u00bbleft\u00bb animation_intensity_slide=\u00bb10%\u00bb global_colors_info=\u00bb{}\u00bb][et_pb_column type=\u00bb4_4&#8243; _builder_version=\u00bb4.16&#8243; custom_padding=\u00bb|||\u00bb global_colors_info=\u00bb{}\u00bb custom_padding__hover=\u00bb|||\u00bb][et_pb_text _builder_version=\u00bb4.27.4&#8243; text_font=\u00bbQuicksand|||on|||||\u00bb text_font_size=\u00bb16px\u00bb text_line_height=\u00bb2em\u00bb header_font=\u00bb||||||||\u00bb header_text_color=\u00bb#83BE40&#8243; header_2_font=\u00bb|700||on|||||\u00bb header_2_text_color=\u00bb#000000&#8243; header_2_font_size=\u00bb30px\u00bb header_6_font=\u00bbRaleway|700||on|||||\u00bb header_6_font_size=\u00bb16px\u00bb header_6_letter_spacing=\u00bb5px\u00bb header_6_line_height=\u00bb1.8em\u00bb text_orientation=\u00bbcenter\u00bb max_width_last_edited=\u00bboff|desktop\u00bb module_alignment=\u00bbcenter\u00bb custom_margin=\u00bb||0px||false|false\u00bb custom_padding=\u00bb||0px||false|false\u00bb header_2_font_size_tablet=\u00bb25px\u00bb header_2_font_size_phone=\u00bb18px\u00bb header_2_font_size_last_edited=\u00bbon|phone\u00bb global_colors_info=\u00bb{}\u00bb]<\/p>\n<h2 style=\"text-align: center;\">SAINT-ANTONIN-NOBLE-VAL,<br \/>\n<span style=\"font-weight: 400; font-size: 20px;\">EN EL CORAZ\u00d3N DE LOS CAUSSES Y LAS GARGANTAS DEL AVEYRON, DESDE NUESTRO CAMPING EN OCCITANIA<\/span><\/h2>\n<p>[\/et_pb_text][et_pb_divider color=\u00bb#B22B88&#8243; divider_position=\u00bbcenter\u00bb divider_weight=\u00bb3px\u00bb _builder_version=\u00bb4.19.1&#8243; _module_preset=\u00bbdefault\u00bb width=\u00bb150px\u00bb width_tablet=\u00bb100px\u00bb width_phone=\u00bb50px\u00bb width_last_edited=\u00bbon|phone\u00bb module_alignment=\u00bbcenter\u00bb custom_margin=\u00bb||20px||false|false\u00bb custom_padding=\u00bb||0px||false|false\u00bb global_colors_info=\u00bb{}\u00bb][\/et_pb_divider][et_pb_text admin_label=\u00bbDiscover Beatuty Text\u00bb _builder_version=\u00bb4.27.4&#8243; text_font=\u00bb||||||||\u00bb text_font_size=\u00bb16px\u00bb text_line_height=\u00bb1.9em\u00bb header_3_text_color=\u00bb#B22B88&#8243; header_4_font=\u00bb|||on|||||\u00bb header_4_text_color=\u00bb#B22B88&#8243; custom_margin=\u00bb||20px||false|false\u00bb custom_padding=\u00bb||0px||false|false\u00bb animation_direction=\u00bbtop\u00bb global_colors_info=\u00bb{}\u00bb link_text_color__hover_enabled=\u00bbon|hover\u00bb link_text_color__hover=\u00bb#83BE40&#8243;]<\/p>\n<p style=\"text-align: center;\">Saint-Antonin-Noble-Val se encuentra en el departamento de Tarn-et-Garonne, a solo 30 minutos de nuestro <a href=\"\/es\/\">camping en Tarn (81)<\/a>, Le Soleil des Bastides en Cahuzac-sur-V\u00e8re, y a 50 minutos de Albi. En la frontera entre Quercy, Albigeois y Rouergue, es una de las localidades m\u00e1s antiguas de la regi\u00f3n. Sus mercados cubiertos, callejuelas y casas con arquitectura rom\u00e1nica y g\u00f3tica invitan a pasear con tranquilidad.<\/p>\n<p>[\/et_pb_text][\/et_pb_column][\/et_pb_row][\/et_pb_section][et_pb_section fb_built=\u00bb1&#8243; _builder_version=\u00bb4.19.1&#8243; background_color=\u00bbrgba(232,226,216,0.3)\u00bb custom_padding=\u00bb50px||50px||false|false\u00bb animation_direction=\u00bbright\u00bb global_colors_info=\u00bb{}\u00bb][et_pb_row column_structure=\u00bb1_2,1_2&#8243; use_custom_gutter=\u00bbon\u00bb make_equal=\u00bbon\u00bb _builder_version=\u00bb4.19.1&#8243; custom_margin=\u00bb||||false|false\u00bb custom_padding=\u00bb0px||0px||false|false\u00bb animation_style=\u00bbslide\u00bb animation_direction=\u00bbright\u00bb animation_intensity_slide=\u00bb10%\u00bb global_colors_info=\u00bb{}\u00bb][et_pb_column type=\u00bb1_2&#8243; _builder_version=\u00bb4.19.1&#8243; background_color=\u00bb#FFFFFF\u00bb custom_padding=\u00bb30px|30px|30px|30px|true|true\u00bb global_colors_info=\u00bb{}\u00bb custom_padding__hover=\u00bb|||\u00bb][et_pb_text _builder_version=\u00bb4.27.4&#8243; text_font=\u00bbQuicksand|||on|||||\u00bb text_font_size=\u00bb16px\u00bb text_line_height=\u00bb2em\u00bb header_font=\u00bb||||||||\u00bb header_text_color=\u00bb#83BE40&#8243; header_2_font=\u00bb|700||on|||||\u00bb header_2_text_color=\u00bb#000000&#8243; header_2_font_size=\u00bb30px\u00bb header_2_line_height=\u00bb1.2em\u00bb header_6_font=\u00bbRaleway|700||on|||||\u00bb header_6_font_size=\u00bb16px\u00bb header_6_letter_spacing=\u00bb5px\u00bb header_6_line_height=\u00bb1.8em\u00bb text_orientation=\u00bbcenter\u00bb max_width_last_edited=\u00bboff|desktop\u00bb module_alignment=\u00bbcenter\u00bb custom_margin=\u00bb||0px||false|false\u00bb custom_padding=\u00bb||0px||false|false\u00bb header_2_font_size_tablet=\u00bb25px\u00bb header_2_font_size_phone=\u00bb18px\u00bb header_2_font_size_last_edited=\u00bbon|phone\u00bb global_colors_info=\u00bb{}\u00bb]<\/p>\n<h2 style=\"text-align: left;\">EN DETALLE<\/h2>\n<p>[\/et_pb_text][et_pb_divider color=\u00bb#B22B88&#8243; divider_position=\u00bbcenter\u00bb divider_weight=\u00bb3px\u00bb _builder_version=\u00bb4.19.1&#8243; _module_preset=\u00bbdefault\u00bb width=\u00bb150px\u00bb width_tablet=\u00bb100px\u00bb width_phone=\u00bb50px\u00bb width_last_edited=\u00bbon|phone\u00bb module_alignment=\u00bbleft\u00bb custom_margin=\u00bb||20px||false|false\u00bb custom_padding=\u00bb||0px||false|false\u00bb global_colors_info=\u00bb{}\u00bb][\/et_pb_divider][et_pb_text admin_label=\u00bbDiscover Beatuty Text\u00bb _builder_version=\u00bb4.27.4&#8243; text_font=\u00bb||||||||\u00bb text_font_size=\u00bb16px\u00bb text_line_height=\u00bb1.9em\u00bb header_3_text_color=\u00bb#B22B88&#8243; header_4_font=\u00bb|||on|||||\u00bb header_4_text_color=\u00bb#B22B88&#8243; custom_margin=\u00bb||20px||false|false\u00bb custom_padding=\u00bb||0px||false|false\u00bb animation_direction=\u00bbtop\u00bb global_colors_info=\u00bb{}\u00bb link_text_color__hover_enabled=\u00bbon|hover\u00bb link_text_color__hover=\u00bb#83BE40&#8243;]<\/p>\n<ul>\n<li>En el <strong>centro hist\u00f3rico<\/strong> encontrar\u00e1 casas catalogadas, la iglesia de Saint Antonin, el convento de los Genov\u00e9fains (antigua \u201cCasa de los Can\u00f3nigos\u201d, hoy en d\u00eda el ayuntamiento). El museo municipal ocupa el antiguo palacio vizcondal, construido en 1125.<\/li>\n<li>A solo 3,5 km de Saint-Antonin-Noble-Val se encuentra la <strong>cueva del Bosc<\/strong>, que alberga un museo de minerales y f\u00f3siles. Tambi\u00e9n puede visitar el yacimiento prehist\u00f3rico de Fontal\u00e8s.<\/li>\n<\/ul>\n<p>[\/et_pb_text][\/et_pb_column][et_pb_column type=\u00bb1_2&#8243; _builder_version=\u00bb4.19.1&#8243; background_color=\u00bb#FFFFFF\u00bb custom_padding=\u00bb30px|30px|30px|30px|true|true\u00bb global_colors_info=\u00bb{}\u00bb custom_padding__hover=\u00bb|||\u00bb][et_pb_text _builder_version=\u00bb4.27.4&#8243; text_font=\u00bbQuicksand|||on|||||\u00bb text_font_size=\u00bb16px\u00bb text_line_height=\u00bb2em\u00bb header_font=\u00bb||||||||\u00bb header_text_color=\u00bb#83BE40&#8243; header_2_font=\u00bb|700||on|||||\u00bb header_2_text_color=\u00bb#000000&#8243; header_2_font_size=\u00bb30px\u00bb header_2_line_height=\u00bb1.2em\u00bb header_6_font=\u00bbRaleway|700||on|||||\u00bb header_6_font_size=\u00bb16px\u00bb header_6_letter_spacing=\u00bb5px\u00bb header_6_line_height=\u00bb1.8em\u00bb text_orientation=\u00bbcenter\u00bb max_width_last_edited=\u00bboff|desktop\u00bb module_alignment=\u00bbcenter\u00bb custom_margin=\u00bb||0px||false|false\u00bb custom_padding=\u00bb||0px||false|false\u00bb header_2_font_size_tablet=\u00bb25px\u00bb header_2_font_size_phone=\u00bb18px\u00bb header_2_font_size_last_edited=\u00bbon|phone\u00bb global_colors_info=\u00bb{}\u00bb]<\/p>\n<h2 style=\"text-align: left;\">HEMOS ELEGIDO,<br \/>\n<span style=\"font-weight: 400;\">PARA USTED<\/span><\/h2>\n<p>[\/et_pb_text][et_pb_divider color=\u00bb#B22B88&#8243; divider_position=\u00bbcenter\u00bb divider_weight=\u00bb3px\u00bb _builder_version=\u00bb4.19.1&#8243; _module_preset=\u00bbdefault\u00bb width=\u00bb150px\u00bb width_tablet=\u00bb100px\u00bb width_phone=\u00bb50px\u00bb width_last_edited=\u00bbon|phone\u00bb module_alignment=\u00bbleft\u00bb custom_margin=\u00bb||20px||false|false\u00bb custom_padding=\u00bb||0px||false|false\u00bb global_colors_info=\u00bb{}\u00bb][\/et_pb_divider][et_pb_text admin_label=\u00bbDiscover Beatuty Text\u00bb _builder_version=\u00bb4.27.4&#8243; text_font=\u00bb||||||||\u00bb text_font_size=\u00bb16px\u00bb text_line_height=\u00bb1.9em\u00bb header_3_text_color=\u00bb#B22B88&#8243; header_4_font=\u00bb|||on|||||\u00bb header_4_text_color=\u00bb#B22B88&#8243; custom_margin=\u00bb||20px||false|false\u00bb custom_padding=\u00bb||0px||false|false\u00bb animation_direction=\u00bbtop\u00bb global_colors_info=\u00bb{}\u00bb link_text_color__hover_enabled=\u00bbon|hover\u00bb link_text_color__hover=\u00bb#83BE40&#8243;]<\/p>\n<p><strong>EL CASTILLO DE CAS<\/strong><br \/>\u00a1Un aut\u00e9ntico viaje a trav\u00e9s del tiempo! Desde la \u00e9poca de los galos hasta los templarios, el Ch\u00e2teau de Cas, miembro del Club de Sitios del Tarn-et-Garonne, narra siglos de historia. Fundado en el siglo IX y sede de una encomienda templaria en el siglo XIII, sufri\u00f3 graves da\u00f1os durante la Revoluci\u00f3n y m\u00e1s tarde en la Segunda Guerra Mundial. Gracias a la familia de Lastic Saint Jal, fue restaurado. Rodeado de jardines franceses, el castillo ofrece a sus visitantes un recorrido hist\u00f3rico excepcional.<\/p>\n<p>\u00a1Una excursi\u00f3n ideal durante su estancia con nosotros!<\/p>\n<p>[\/et_pb_text][\/et_pb_column][\/et_pb_row][\/et_pb_section]<\/p>\n","protected":false},"excerpt":{"rendered":"<p>VISITAR SAINT-ANTONIN-NOBLE-VAL DESDE EL CAMPINGFoto \u00a9FrecksSAINT-ANTONIN-NOBLE-VAL, EN EL CORAZ\u00d3N DE LOS CAUSSES Y LAS GARGANTAS DEL AVEYRON, DESDE NUESTRO CAMPING EN OCCITANIASaint-Antonin-Noble-Val se encuentra en el departamento de Tarn-et-Garonne, a solo 30 minutos de nuestro camping en Tarn (81), Le Soleil des Bastides en Cahuzac-sur-V\u00e8re, y a 50 minutos de Albi. En la frontera entre [&hellip;]<\/p>\n","protected":false},"author":1,"featured_media":0,"parent":5954,"menu_order":0,"comment_status":"closed","ping_status":"closed","template":"","meta":{"_et_pb_use_builder":"on","_et_pb_old_content":"","_et_gb_content_width":"","footnotes":""},"class_list":["post-6182","page","type-page","status-publish","hentry"],"yoast_head":"<!-- This site is optimized with the Yoast SEO plugin v27.3 - https:\/\/yoast.com\/product\/yoast-seo-wordpress\/ -->\n<title>Visita a Saint-Antonin-Noble-Val en Tarn: \u00bfQu\u00e9 ver y qu\u00e9 hacer en Saint-Antonin-Noble-Val?<\/title>\n<meta name=\"description\" content=\"Descubre nuestra regi\u00f3n: visita Saint-Antonin-Noble-Val, un lugar encantador cerca del camping Tarn Le Soleil des Bastides.\" \/>\n<meta name=\"robots\" content=\"index, follow, max-snippet:-1, max-image-preview:large, max-video-preview:-1\" \/>\n<link rel=\"canonical\" href=\"https:\/\/camping-le-soleil-des-bastides.fr\/es\/notre-region\/saint-antonin-noble-val\/\" \/>\n<meta property=\"og:locale\" content=\"es_ES\" \/>\n<meta property=\"og:type\" content=\"article\" \/>\n<meta property=\"og:title\" content=\"Visita a Saint-Antonin-Noble-Val en Tarn: \u00bfQu\u00e9 ver y qu\u00e9 hacer en Saint-Antonin-Noble-Val?\" \/>\n<meta property=\"og:description\" content=\"Descubre nuestra regi\u00f3n: visita Saint-Antonin-Noble-Val, un lugar encantador cerca del camping Tarn Le Soleil des Bastides.\" \/>\n<meta property=\"og:url\" content=\"https:\/\/camping-le-soleil-des-bastides.fr\/es\/notre-region\/saint-antonin-noble-val\/\" \/>\n<meta property=\"og:site_name\" content=\"Camping Le Soleil Des Bastides\" \/>\n<meta property=\"article:publisher\" content=\"https:\/\/www.facebook.com\/LeSoleilDesBastides\/\" \/>\n<meta property=\"article:modified_time\" content=\"2025-06-17T13:04:09+00:00\" \/>\n<meta name=\"twitter:card\" content=\"summary_large_image\" \/>\n<meta name=\"twitter:label1\" content=\"Tiempo de lectura\" \/>\n\t<meta name=\"twitter:data1\" content=\"2 minutos\" \/>\n<script type=\"application\/ld+json\" class=\"yoast-schema-graph\">{\"@context\":\"https:\\\/\\\/schema.org\",\"@graph\":[{\"@type\":\"WebPage\",\"@id\":\"https:\\\/\\\/camping-le-soleil-des-bastides.fr\\\/es\\\/notre-region\\\/saint-antonin-noble-val\\\/\",\"url\":\"https:\\\/\\\/camping-le-soleil-des-bastides.fr\\\/es\\\/notre-region\\\/saint-antonin-noble-val\\\/\",\"name\":\"Visita a Saint-Antonin-Noble-Val en Tarn: \u00bfQu\u00e9 ver y qu\u00e9 hacer en Saint-Antonin-Noble-Val?\",\"isPartOf\":{\"@id\":\"https:\\\/\\\/camping-le-soleil-des-bastides.fr\\\/es\\\/#website\"},\"datePublished\":\"2023-01-19T13:16:12+00:00\",\"dateModified\":\"2025-06-17T13:04:09+00:00\",\"description\":\"Descubre nuestra regi\u00f3n: visita Saint-Antonin-Noble-Val, un lugar encantador cerca del camping Tarn Le Soleil des Bastides.\",\"breadcrumb\":{\"@id\":\"https:\\\/\\\/camping-le-soleil-des-bastides.fr\\\/es\\\/notre-region\\\/saint-antonin-noble-val\\\/#breadcrumb\"},\"inLanguage\":\"es\",\"potentialAction\":[{\"@type\":\"ReadAction\",\"target\":[\"https:\\\/\\\/camping-le-soleil-des-bastides.fr\\\/es\\\/notre-region\\\/saint-antonin-noble-val\\\/\"]}]},{\"@type\":\"BreadcrumbList\",\"@id\":\"https:\\\/\\\/camping-le-soleil-des-bastides.fr\\\/es\\\/notre-region\\\/saint-antonin-noble-val\\\/#breadcrumb\",\"itemListElement\":[{\"@type\":\"ListItem\",\"position\":1,\"name\":\"Camping Tarn\",\"item\":\"https:\\\/\\\/camping-le-soleil-des-bastides.fr\\\/es\\\/\"},{\"@type\":\"ListItem\",\"position\":2,\"name\":\"El Tarn\",\"item\":\"https:\\\/\\\/camping-le-soleil-des-bastides.fr\\\/es\\\/notre-region\\\/\"},{\"@type\":\"ListItem\",\"position\":3,\"name\":\"Visitar Saint-Antonin-Noble-Val\"}]},{\"@type\":\"WebSite\",\"@id\":\"https:\\\/\\\/camping-le-soleil-des-bastides.fr\\\/es\\\/#website\",\"url\":\"https:\\\/\\\/camping-le-soleil-des-bastides.fr\\\/es\\\/\",\"name\":\"Camping Le Soleil Des Bastides\",\"description\":\"Un camping calme, ombrag\u00e9 au coeur des bastides tarnaises\",\"potentialAction\":[{\"@type\":\"SearchAction\",\"target\":{\"@type\":\"EntryPoint\",\"urlTemplate\":\"https:\\\/\\\/camping-le-soleil-des-bastides.fr\\\/es\\\/?s={search_term_string}\"},\"query-input\":{\"@type\":\"PropertyValueSpecification\",\"valueRequired\":true,\"valueName\":\"search_term_string\"}}],\"inLanguage\":\"es\"}]}<\/script>\n<!-- \/ Yoast SEO plugin. -->","yoast_head_json":{"title":"Visita a Saint-Antonin-Noble-Val en Tarn: \u00bfQu\u00e9 ver y qu\u00e9 hacer en Saint-Antonin-Noble-Val?","description":"Descubre nuestra regi\u00f3n: visita Saint-Antonin-Noble-Val, un lugar encantador cerca del camping Tarn Le Soleil des Bastides.","robots":{"index":"index","follow":"follow","max-snippet":"max-snippet:-1","max-image-preview":"max-image-preview:large","max-video-preview":"max-video-preview:-1"},"canonical":"https:\/\/camping-le-soleil-des-bastides.fr\/es\/notre-region\/saint-antonin-noble-val\/","og_locale":"es_ES","og_type":"article","og_title":"Visita a Saint-Antonin-Noble-Val en Tarn: \u00bfQu\u00e9 ver y qu\u00e9 hacer en Saint-Antonin-Noble-Val?","og_description":"Descubre nuestra regi\u00f3n: visita Saint-Antonin-Noble-Val, un lugar encantador cerca del camping Tarn Le Soleil des Bastides.","og_url":"https:\/\/camping-le-soleil-des-bastides.fr\/es\/notre-region\/saint-antonin-noble-val\/","og_site_name":"Camping Le Soleil Des Bastides","article_publisher":"https:\/\/www.facebook.com\/LeSoleilDesBastides\/","article_modified_time":"2025-06-17T13:04:09+00:00","twitter_card":"summary_large_image","twitter_misc":{"Tiempo de lectura":"2 minutos"},"schema":{"@context":"https:\/\/schema.org","@graph":[{"@type":"WebPage","@id":"https:\/\/camping-le-soleil-des-bastides.fr\/es\/notre-region\/saint-antonin-noble-val\/","url":"https:\/\/camping-le-soleil-des-bastides.fr\/es\/notre-region\/saint-antonin-noble-val\/","name":"Visita a Saint-Antonin-Noble-Val en Tarn: \u00bfQu\u00e9 ver y qu\u00e9 hacer en Saint-Antonin-Noble-Val?","isPartOf":{"@id":"https:\/\/camping-le-soleil-des-bastides.fr\/es\/#website"},"datePublished":"2023-01-19T13:16:12+00:00","dateModified":"2025-06-17T13:04:09+00:00","description":"Descubre nuestra regi\u00f3n: visita Saint-Antonin-Noble-Val, un lugar encantador cerca del camping Tarn Le Soleil des Bastides.","breadcrumb":{"@id":"https:\/\/camping-le-soleil-des-bastides.fr\/es\/notre-region\/saint-antonin-noble-val\/#breadcrumb"},"inLanguage":"es","potentialAction":[{"@type":"ReadAction","target":["https:\/\/camping-le-soleil-des-bastides.fr\/es\/notre-region\/saint-antonin-noble-val\/"]}]},{"@type":"BreadcrumbList","@id":"https:\/\/camping-le-soleil-des-bastides.fr\/es\/notre-region\/saint-antonin-noble-val\/#breadcrumb","itemListElement":[{"@type":"ListItem","position":1,"name":"Camping Tarn","item":"https:\/\/camping-le-soleil-des-bastides.fr\/es\/"},{"@type":"ListItem","position":2,"name":"El Tarn","item":"https:\/\/camping-le-soleil-des-bastides.fr\/es\/notre-region\/"},{"@type":"ListItem","position":3,"name":"Visitar Saint-Antonin-Noble-Val"}]},{"@type":"WebSite","@id":"https:\/\/camping-le-soleil-des-bastides.fr\/es\/#website","url":"https:\/\/camping-le-soleil-des-bastides.fr\/es\/","name":"Camping Le Soleil Des Bastides","description":"Un camping calme, ombrag\u00e9 au coeur des bastides tarnaises","potentialAction":[{"@type":"SearchAction","target":{"@type":"EntryPoint","urlTemplate":"https:\/\/camping-le-soleil-des-bastides.fr\/es\/?s={search_term_string}"},"query-input":{"@type":"PropertyValueSpecification","valueRequired":true,"valueName":"search_term_string"}}],"inLanguage":"es"}]}},"_links":{"self":[{"href":"https:\/\/camping-le-soleil-des-bastides.fr\/es\/wp-json\/wp\/v2\/pages\/6182","targetHints":{"allow":["GET"]}}],"collection":[{"href":"https:\/\/camping-le-soleil-des-bastides.fr\/es\/wp-json\/wp\/v2\/pages"}],"about":[{"href":"https:\/\/camping-le-soleil-des-bastides.fr\/es\/wp-json\/wp\/v2\/types\/page"}],"author":[{"embeddable":true,"href":"https:\/\/camping-le-soleil-des-bastides.fr\/es\/wp-json\/wp\/v2\/users\/1"}],"replies":[{"embeddable":true,"href":"https:\/\/camping-le-soleil-des-bastides.fr\/es\/wp-json\/wp\/v2\/comments?post=6182"}],"version-history":[{"count":0,"href":"https:\/\/camping-le-soleil-des-bastides.fr\/es\/wp-json\/wp\/v2\/pages\/6182\/revisions"}],"up":[{"embeddable":true,"href":"https:\/\/camping-le-soleil-des-bastides.fr\/es\/wp-json\/wp\/v2\/pages\/5954"}],"wp:attachment":[{"href":"https:\/\/camping-le-soleil-des-bastides.fr\/es\/wp-json\/wp\/v2\/media?parent=6182"}],"curies":[{"name":"wp","href":"https:\/\/api.w.org\/{rel}","templated":true}]}}