{"id":5759,"date":"2023-01-11T15:34:51","date_gmt":"2023-01-11T14:34:51","guid":{"rendered":"https:\/\/camping-le-soleil-des-bastides.fr\/les-hebergements\/logement-insolite-tarn\/lodge-vip-premium\/"},"modified":"2025-06-12T15:09:17","modified_gmt":"2025-06-12T13:09:17","slug":"lodge-vip-premium","status":"publish","type":"page","link":"https:\/\/camping-le-soleil-des-bastides.fr\/es\/les-hebergements\/logement-insolite-tarn\/lodge-vip-premium\/","title":{"rendered":"La Lodge VIP Premium"},"content":{"rendered":"<p>[et_pb_section fb_built=\u00bb1&#8243; admin_label=\u00bbHeader\u00bb _builder_version=\u00bb4.19.1&#8243; use_background_color_gradient=\u00bbon\u00bb background_color_gradient_type=\u00bbcircular\u00bb background_color_gradient_direction_radial=\u00bbtop left\u00bb background_color_gradient_stops=\u00bbrgba(51,51,51,0.8) 0%|rgba(51,51,51,0.1) 100%\u00bb background_color_gradient_overlays_image=\u00bbon\u00bb background_color_gradient_start=\u00bbrgba(255,255,255,0.89)\u00bb background_color_gradient_start_position=\u00bb30%\u00bb background_color_gradient_end=\u00bbrgba(255,255,255,0)\u00bb background_color_gradient_end_position=\u00bb80%\u00bb background_image=\u00bbhttps:\/\/camping-le-soleil-des-bastides.fr\/wp-content\/uploads\/2023\/01\/header-hebergement-camping-soleil-des-bastides-tarn.webp\u00bb custom_margin=\u00bb|||\u00bb custom_padding=\u00bb2vw||2vw||true|false\u00bb global_colors_info=\u00bb{}\u00bb][et_pb_row _builder_version=\u00bb4.16&#8243; global_colors_info=\u00bb{}\u00bb][et_pb_column type=\u00bb4_4&#8243; _builder_version=\u00bb4.16&#8243; custom_padding=\u00bb|||\u00bb global_colors_info=\u00bb{}\u00bb custom_padding__hover=\u00bb|||\u00bb][et_pb_text _builder_version=\u00bb4.27.4&#8243; text_font=\u00bb||||||||\u00bb header_font=\u00bb|700||on|||||\u00bb header_text_color=\u00bb#FFFFFF\u00bb header_font_size=\u00bb50px\u00bb header_line_height=\u00bb1.2em\u00bb header_5_font=\u00bbQuicksand|700||on|||||\u00bb header_5_text_color=\u00bb#83BE40&#8243; header_5_font_size=\u00bb20px\u00bb header_5_letter_spacing=\u00bb0.5em\u00bb animation_style=\u00bbzoom\u00bb animation_intensity_zoom=\u00bb5%\u00bb hover_enabled=\u00bb0&#8243; header_font_size_tablet=\u00bb35px\u00bb header_font_size_phone=\u00bb25px\u00bb header_font_size_last_edited=\u00bbon|phone\u00bb header_5_font_size_tablet=\u00bb14px\u00bb header_5_font_size_phone=\u00bb12px\u00bb header_5_font_size_last_edited=\u00bbon|desktop\u00bb header_text_shadow_style=\u00bbpreset3&#8243; header_text_shadow_color=\u00bbrgba(51,51,51,0.4)\u00bb header_5_text_shadow_style=\u00bbpreset3&#8243; global_colors_info=\u00bb{}\u00bb sticky_enabled=\u00bb0&#8243;]<\/p>\n<h1>LODGE PREMIUM CON AIRE ACONDICIONADO<\/h1>\n<p style=\"font-size: 20px; font-family: Quicksand; color: #83be40; text-align: left; letter-spacing: 10px;\"><strong>5 PERSONAS<\/strong><\/p>\n<p>[\/et_pb_text][\/et_pb_column][\/et_pb_row][\/et_pb_section][et_pb_section fb_built=\u00bb1&#8243; _builder_version=\u00bb4.19.1&#8243; _module_preset=\u00bbdefault\u00bb background_color=\u00bb#F9F6F3&#8243; global_colors_info=\u00bb{}\u00bb][et_pb_row _builder_version=\u00bb4.19.1&#8243; _module_preset=\u00bbdefault\u00bb custom_padding=\u00bb0px||50px||false|false\u00bb animation_style=\u00bbslide\u00bb animation_direction=\u00bbright\u00bb animation_intensity_slide=\u00bb10%\u00bb global_colors_info=\u00bb{}\u00bb][et_pb_column type=\u00bb4_4&#8243; _builder_version=\u00bb4.19.1&#8243; _module_preset=\u00bbdefault\u00bb global_colors_info=\u00bb{}\u00bb][et_pb_text _builder_version=\u00bb4.27.4&#8243; text_font=\u00bb||||||||\u00bb ul_font=\u00bb||||||||\u00bb ul_line_height=\u00bb2em\u00bb header_font=\u00bb||||||||\u00bb header_3_font=\u00bb|700|||||||\u00bb header_3_font_size=\u00bb20px\u00bb header_3_line_height=\u00bb1.4em\u00bb header_4_text_color=\u00bb#B22B88&#8243; header_4_font_size=\u00bb16px\u00bb header_6_line_height=\u00bb1.8em\u00bb custom_margin=\u00bb||20px||false|false\u00bb custom_padding=\u00bb||0px||false|false\u00bb hover_enabled=\u00bb0&#8243; header_3_font_size_tablet=\u00bb35px\u00bb header_3_font_size_phone=\u00bb25px\u00bb header_3_font_size_last_edited=\u00bboff|desktop\u00bb locked=\u00bboff\u00bb global_colors_info=\u00bb{}\u00bb sticky_enabled=\u00bb0&#8243;]<\/p>\n<h2 style=\"text-align: center;\">LODGE VIP PREMIUM<\/h2>\n<h2 style=\"font-weight: 400; font-size: 16px; font-family: Syncopate; color: #b22b88; text-align: center;\">Estancia original y confortable con aire acondicionado<\/h2>\n<p style=\"text-align: center;\">Nuestra <strong>ecolodge premium<\/strong> ofrece un ambiente <strong>acogedor<\/strong> y confortable en nuestro <a href=\"\/es\/\">camping de 3 estrellas en el Tarn<\/a>, en armon\u00eda con la naturaleza. Un entorno \u00edntimo ideal para los amantes del <strong>slow tourism<\/strong>. Disfruta de todo el <strong>confort<\/strong> de una estancia cl\u00e1sica en un marco tranquilo. Esta <a href=\"\/es\/les-hebergements\/logement-insolite-tarn\/\">lodge original del Tarn<\/a> es perfecta para parejas, familias o amigos. Espaciosa y bien aislada, \u00a1indicada para todo el a\u00f1o!<\/p>\n<p>[\/et_pb_text][\/et_pb_column][\/et_pb_row][et_pb_row _builder_version=\u00bb4.19.1&#8243; width=\u00bb100%\u00bb max_width=\u00bb100%\u00bb custom_padding=\u00bb0px||0px||true|false\u00bb global_colors_info=\u00bb{}\u00bb][et_pb_column type=\u00bb4_4&#8243; _builder_version=\u00bb4.16&#8243; global_colors_info=\u00bb{}\u00bb][dica_divi_carousel show_items_desktop=\u00bb3.25&#8243; centermode=\u00bbon\u00bb loop=\u00bbon\u00bb autoplay=\u00bbon\u00bb hoverpause=\u00bbon\u00bb autoplay_speed=\u00bb2000&#8243; arrow_nav=\u00bbon\u00bb item_spacing=\u00bb10&#8243; item_spacing_last_edited=\u00bboff|desktop\u00bb advanced_effect=\u00bb1&#8243; arrow_nav_color=\u00bb#ffffff\u00bb arrow_bg_color=\u00bb#83BE40&#8243; dots_active_color=\u00bb#B22B88&#8243; overlay_color_field_bgcolor=\u00bbrgba(255,255,255,0.85)\u00bb arrow_font_size=\u00bb40px\u00bb content_container_margin=\u00bb-86px||||false|false\u00bb content_container_padding=\u00bb||26px|46px|false|false\u00bb _builder_version=\u00bb4.19.1&#8243; title_font=\u00bbNunito||||||||\u00bb title_text_color=\u00bb#ffffff\u00bb title_font_size=\u00bb30px\u00bb subtitle_font=\u00bbNunito||||||||\u00bb subtitle_text_color=\u00bb#ffffff\u00bb hover_enabled=\u00bb0&#8243; global_colors_info=\u00bb{}\u00bb sticky_enabled=\u00bb0&#8243;][dica_divi_carouselitem button_url_new_window=\u00bb1&#8243; image=\u00bbhttps:\/\/camping-le-soleil-des-bastides.fr\/wp-content\/uploads\/2023\/01\/lodge-vip-premium-camping-tarn-1.webp\u00bb image_padding=\u00bb||||false|true\u00bb content_padding=\u00bb||||false|true\u00bb button_padding=\u00bb||||false|true\u00bb custom_margin=\u00bb||||false|true\u00bb custom_padding=\u00bb||||false|true\u00bb _builder_version=\u00bb4.19.1&#8243; global_colors_info=\u00bb{}\u00bb][\/dica_divi_carouselitem][dica_divi_carouselitem button_url_new_window=\u00bb1&#8243; image=\u00bbhttps:\/\/camping-le-soleil-des-bastides.fr\/wp-content\/uploads\/2023\/01\/lodge-vip-premium-camping-tarn-2.webp\u00bb image_padding=\u00bb||||false|true\u00bb content_padding=\u00bb||||false|true\u00bb button_padding=\u00bb||||false|true\u00bb custom_margin=\u00bb||||false|true\u00bb custom_padding=\u00bb||||false|true\u00bb _builder_version=\u00bb4.19.1&#8243; global_colors_info=\u00bb{}\u00bb][\/dica_divi_carouselitem][dica_divi_carouselitem button_url_new_window=\u00bb1&#8243; image=\u00bbhttps:\/\/camping-le-soleil-des-bastides.fr\/wp-content\/uploads\/2023\/01\/lodge-vip-premium-camping-tarn-3.webp\u00bb image_padding=\u00bb||||false|true\u00bb content_padding=\u00bb||||false|true\u00bb button_padding=\u00bb||||false|true\u00bb custom_margin=\u00bb||||false|true\u00bb custom_padding=\u00bb||||false|true\u00bb _builder_version=\u00bb4.19.1&#8243; global_colors_info=\u00bb{}\u00bb][\/dica_divi_carouselitem][dica_divi_carouselitem button_url_new_window=\u00bb1&#8243; image=\u00bbhttps:\/\/camping-le-soleil-des-bastides.fr\/wp-content\/uploads\/2023\/01\/lodge-vip-premium-camping-tarn-4.webp\u00bb image_padding=\u00bb||||false|true\u00bb content_padding=\u00bb||||false|true\u00bb button_padding=\u00bb||||false|true\u00bb custom_margin=\u00bb||||false|true\u00bb custom_padding=\u00bb||||false|true\u00bb _builder_version=\u00bb4.19.1&#8243; global_colors_info=\u00bb{}\u00bb][\/dica_divi_carouselitem][dica_divi_carouselitem button_url_new_window=\u00bb1&#8243; image=\u00bbhttps:\/\/camping-le-soleil-des-bastides.fr\/wp-content\/uploads\/2023\/01\/lodge-vip-premium-camping-tarn-5.webp\u00bb image_padding=\u00bb||||false|true\u00bb content_padding=\u00bb||||false|true\u00bb button_padding=\u00bb||||false|true\u00bb custom_margin=\u00bb||||false|true\u00bb custom_padding=\u00bb||||false|true\u00bb _builder_version=\u00bb4.19.1&#8243; global_colors_info=\u00bb{}\u00bb][\/dica_divi_carouselitem][\/dica_divi_carousel][\/et_pb_column][\/et_pb_row][et_pb_row column_structure=\u00bb2_5,3_5&#8243; _builder_version=\u00bb4.19.1&#8243; _module_preset=\u00bbdefault\u00bb global_colors_info=\u00bb{}\u00bb][et_pb_column type=\u00bb2_5&#8243; _builder_version=\u00bb4.19.1&#8243; _module_preset=\u00bbdefault\u00bb global_colors_info=\u00bb{}\u00bb][et_pb_blurb title=\u00bb4 a 5 personas  \u00bb use_icon=\u00bbon\u00bb font_icon=\u00bb&#xf007;||fa||900&#8243; icon_color=\u00bb#B22B88&#8243; image_icon_background_color=\u00bbRGBA(255,255,255,0)\u00bb icon_placement=\u00bbleft\u00bb image_icon_width=\u00bb25px\u00bb content_max_width=\u00bb100%\u00bb admin_label=\u00bbPersonne\u00bb _builder_version=\u00bb4.27.4&#8243; _module_preset=\u00bbdefault\u00bb header_font=\u00bbQuicksand|||on|||||\u00bb header_font_size=\u00bb15px\u00bb header_letter_spacing=\u00bb1px\u00bb image_icon_custom_padding=\u00bb||||true|true\u00bb custom_margin=\u00bb||0px||false|false\u00bb custom_padding=\u00bb15px||15px||true|false\u00bb hover_enabled=\u00bb0&#8243; custom_css_blurb_title=\u00bbmargin-top : 5px;\u00bb border_width_bottom=\u00bb1px\u00bb border_color_bottom=\u00bbrgba(0,0,0,0.1)\u00bb global_colors_info=\u00bb{}\u00bb sticky_enabled=\u00bb0&#8243;][\/et_pb_blurb][et_pb_blurb title=\u00bb 32\u202fm\u00b2 y 11\u202fm\u00b2 de terraza cubierta\u00bb use_icon=\u00bbon\u00bb font_icon=\u00bb&#xf015;||fa||900&#8243; icon_color=\u00bb#B22B88&#8243; image_icon_background_color=\u00bbRGBA(255,255,255,0)\u00bb icon_placement=\u00bbleft\u00bb image_icon_width=\u00bb25px\u00bb content_max_width=\u00bb100%\u00bb admin_label=\u00bbSuperficie\u00bb _builder_version=\u00bb4.27.4&#8243; _module_preset=\u00bbdefault\u00bb header_font=\u00bbQuicksand|||on|||||\u00bb header_font_size=\u00bb15px\u00bb header_letter_spacing=\u00bb1px\u00bb image_icon_custom_padding=\u00bb|0px||0px|true|true\u00bb custom_margin=\u00bb||0px||false|false\u00bb custom_padding=\u00bb15px||15px||true|false\u00bb hover_enabled=\u00bb0&#8243; custom_css_blurb_title=\u00bbmargin-top : 5px;\u00bb border_width_bottom=\u00bb1px\u00bb border_color_bottom=\u00bbrgba(0,0,0,0.1)\u00bb global_colors_info=\u00bb{}\u00bb sticky_enabled=\u00bb0&#8243;][\/et_pb_blurb][et_pb_blurb title=\u00bbHabitaciones\u00bb use_icon=\u00bbon\u00bb font_icon=\u00bb&#xf236;||fa||900&#8243; icon_color=\u00bb#B22B88&#8243; image_icon_background_color=\u00bbRGBA(255,255,255,0)\u00bb icon_placement=\u00bbleft\u00bb image_icon_width=\u00bb25px\u00bb content_max_width=\u00bb100%\u00bb admin_label=\u00bbCoin Chambre\u00bb _builder_version=\u00bb4.27.4&#8243; _module_preset=\u00bbdefault\u00bb header_font=\u00bbQuicksand|||on|||||\u00bb header_font_size=\u00bb15px\u00bb header_letter_spacing=\u00bb1px\u00bb image_icon_custom_padding=\u00bb|0px||0px|true|true\u00bb custom_margin=\u00bb||0px||false|false\u00bb custom_padding=\u00bb15px||0px||false|false\u00bb hover_enabled=\u00bb0&#8243; custom_css_blurb_title=\u00bbmargin-top : 5px;\u00bb border_width_bottom=\u00bb1px\u00bb border_color_bottom=\u00bbrgba(0,0,0,0.1)\u00bb global_colors_info=\u00bb{}\u00bb sticky_enabled=\u00bb0&#8243;]<\/p>\n<ul>\n<li>1 habitaci\u00f3n con cama doble<\/li>\n<li>1 habitaci\u00f3n con cama doble<\/li>\n<li>1 sof\u00e1 cama individual en el sal\u00f3n<\/li>\n<li>Edredones y almohadas incluidos<\/li>\n<\/ul>\n<p>[\/et_pb_blurb][et_pb_blurb title=\u00bbBa\u00f1o  \u00bb use_icon=\u00bbon\u00bb font_icon=\u00bb&#xf2cc;||fa||900&#8243; icon_color=\u00bb#B22B88&#8243; image_icon_background_color=\u00bbRGBA(255,255,255,0)\u00bb icon_placement=\u00bbleft\u00bb image_icon_width=\u00bb25px\u00bb content_max_width=\u00bb100%\u00bb admin_label=\u00bbCoin Sanitaires\u00bb _builder_version=\u00bb4.27.4&#8243; _module_preset=\u00bbdefault\u00bb header_font=\u00bbQuicksand|||on|||||\u00bb header_font_size=\u00bb15px\u00bb header_letter_spacing=\u00bb1px\u00bb image_icon_custom_padding=\u00bb|0px||0px|true|true\u00bb custom_margin=\u00bb||0px||false|false\u00bb custom_padding=\u00bb15px||15px||true|false\u00bb hover_enabled=\u00bb0&#8243; custom_css_blurb_title=\u00bbmargin-top : 5px;\u00bb border_width_bottom=\u00bb1px\u00bb border_color_bottom=\u00bbrgba(0,0,0,0.1)\u00bb global_colors_info=\u00bb{}\u00bb sticky_enabled=\u00bb0&#8243;]<\/p>\n<p>Ba\u00f1o con ducha y lavabo. WC independiente.<\/p>\n<p>[\/et_pb_blurb][et_pb_blurb title=\u00bbCocina  \u00bb use_icon=\u00bbon\u00bb font_icon=\u00bb&#xf2e7;||fa||900&#8243; icon_color=\u00bb#B22B88&#8243; image_icon_background_color=\u00bbRGBA(255,255,255,0)\u00bb icon_placement=\u00bbleft\u00bb image_icon_width=\u00bb25px\u00bb content_max_width=\u00bb100%\u00bb admin_label=\u00bbCoin Cuisine\u00bb _builder_version=\u00bb4.27.4&#8243; _module_preset=\u00bbdefault\u00bb header_font=\u00bbQuicksand|||on|||||\u00bb header_font_size=\u00bb15px\u00bb header_letter_spacing=\u00bb1px\u00bb image_icon_custom_padding=\u00bb|0px||0px|true|true\u00bb custom_margin=\u00bb||0px||false|false\u00bb custom_padding=\u00bb15px||15px||true|false\u00bb hover_enabled=\u00bb0&#8243; custom_css_blurb_title=\u00bbmargin-top : 5px;\u00bb border_width_bottom=\u00bb1px\u00bb border_color_bottom=\u00bbrgba(0,0,0,0.1)\u00bb global_colors_info=\u00bb{}\u00bb sticky_enabled=\u00bb0&#8243;]<\/p>\n<p>Totalmente equipada: vajilla, fregadero, placa de 4 fuegos, nevera, lavavajillas, microondas, cafetera\u2013termo. Aire acondicionado reversible.<\/p>\n<p>[\/et_pb_blurb][et_pb_blurb title=\u00bb Descripci\u00f3n\u00bb use_icon=\u00bbon\u00bb font_icon=\u00bb&#xf022;||fa||900&#8243; icon_color=\u00bb#B22B88&#8243; image_icon_background_color=\u00bbRGBA(255,255,255,0)\u00bb icon_placement=\u00bbleft\u00bb image_icon_width=\u00bb25px\u00bb content_max_width=\u00bb100%\u00bb admin_label=\u00bbDescriptif\u00bb _builder_version=\u00bb4.27.4&#8243; _module_preset=\u00bbdefault\u00bb header_font=\u00bbQuicksand|||on|||||\u00bb header_font_size=\u00bb15px\u00bb header_letter_spacing=\u00bb1px\u00bb background_enable_color=\u00bboff\u00bb image_icon_custom_padding=\u00bb||||true|true\u00bb custom_margin=\u00bb||0px||false|false\u00bb custom_padding=\u00bb15px||0px||false|false\u00bb hover_enabled=\u00bb0&#8243; custom_css_blurb_title=\u00bbmargin-top : 5px;\u00bb border_width_bottom=\u00bb1px\u00bb border_color_bottom=\u00bbrgba(0,0,0,0.1)\u00bb global_colors_info=\u00bb{}\u00bb sticky_enabled=\u00bb0&#8243;]<\/p>\n<ul>\n<li>Lodge con estructura de madera<\/li>\n<li>Paredes interiores de madera y algod\u00f3n para una atm\u00f3sfera c\u00e1lida<\/li>\n<li>Tejado de acero<\/li>\n<li>Aire acondicionado reversible<\/li>\n<li>Zona de relax con mobiliario de jard\u00edn en la terraza<\/li>\n<\/ul>\n<p>[\/et_pb_blurb][et_pb_blurb title=\u00bb Informaci\u00f3n adicional  \u00bb use_icon=\u00bbon\u00bb font_icon=\u00bb&#xf05a;||fa||900&#8243; icon_color=\u00bb#B22B88&#8243; image_icon_background_color=\u00bbRGBA(255,255,255,0)\u00bb icon_placement=\u00bbleft\u00bb image_icon_width=\u00bb25px\u00bb content_max_width=\u00bb100%\u00bb admin_label=\u00bbInformation suppl\u00e9mentaire\u00bb _builder_version=\u00bb4.27.4&#8243; _module_preset=\u00bbdefault\u00bb header_font=\u00bbQuicksand|||on|||||\u00bb header_font_size=\u00bb15px\u00bb header_letter_spacing=\u00bb1px\u00bb background_enable_color=\u00bboff\u00bb image_icon_custom_padding=\u00bb||||true|true\u00bb custom_margin=\u00bb||0px||false|false\u00bb custom_padding=\u00bb15px||15px||true|false\u00bb hover_enabled=\u00bb0&#8243; custom_css_blurb_title=\u00bbmargin-top : 5px;\u00bb border_color_bottom=\u00bbrgba(0,0,0,0.1)\u00bb global_colors_info=\u00bb{}\u00bb sticky_enabled=\u00bb0&#8243;]<\/p>\n<p>Se admiten animales<\/p>\n<p>[\/et_pb_blurb][\/et_pb_column][et_pb_column type=\u00bb3_5&#8243; _builder_version=\u00bb4.19.1&#8243; _module_preset=\u00bbdefault\u00bb global_colors_info=\u00bb{}\u00bb][et_pb_code module_class=\u00bbwidget_calendrier\u00bb _builder_version=\u00bb4.19.1&#8243; _module_preset=\u00bbdefault\u00bb custom_margin=\u00bb8%||||false|false\u00bb global_colors_info=\u00bb{}\u00bb]<ctv-product-search data-product-id='' ><\/ctv-product-search>[\/et_pb_code][et_pb_code module_class=\u00bbwidget_calendrier\u00bb _builder_version=\u00bb4.27.4&#8243; _module_preset=\u00bbdefault\u00bb custom_margin=\u00bb8%||||false|false\u00bb global_colors_info=\u00bb{}\u00bb]<ctv-reviews-list data-product-id=\"96863\" ><\/ctv-reviews-list>[\/et_pb_code][\/et_pb_column][\/et_pb_row][\/et_pb_section]<\/p>\n","protected":false},"excerpt":{"rendered":"<p>LODGE PREMIUM CON AIRE ACONDICIONADO 5 PERSONAS LODGE VIP PREMIUM Estancia original y confortable con aire acondicionado Nuestra ecolodge premium ofrece un ambiente acogedor y confortable en nuestro camping de 3 estrellas en el Tarn, en armon\u00eda con la naturaleza. Un entorno \u00edntimo ideal para los amantes del slow tourism. Disfruta de todo el confort [&hellip;]<\/p>\n","protected":false},"author":1,"featured_media":0,"parent":5639,"menu_order":0,"comment_status":"closed","ping_status":"closed","template":"","meta":{"_et_pb_use_builder":"on","_et_pb_old_content":"","_et_gb_content_width":"","footnotes":""},"class_list":["post-5759","page","type-page","status-publish","hentry"],"yoast_head":"<!-- This site is optimized with the Yoast SEO plugin v27.3 - https:\/\/yoast.com\/product\/yoast-seo-wordpress\/ -->\n<title>Lodge Premium para 4 a 5 personas \u2013 32\u202fm\u00b2 \u2013 Desde 44\u202f\u20ac<\/title>\n<meta name=\"description\" content=\"Descubre nuestras lodges de lona con aire acondicionado en el camping Le Soleil des Bastides: confort natural para tus vacaciones en el Tarn. \u00a1Reserva ahora!\" \/>\n<meta name=\"robots\" content=\"index, follow, max-snippet:-1, max-image-preview:large, max-video-preview:-1\" \/>\n<link rel=\"canonical\" href=\"https:\/\/camping-le-soleil-des-bastides.fr\/es\/les-hebergements\/logement-insolite-tarn\/lodge-vip-premium\/\" \/>\n<meta property=\"og:locale\" content=\"es_ES\" \/>\n<meta property=\"og:type\" content=\"article\" \/>\n<meta property=\"og:title\" content=\"Lodge Premium para 4 a 5 personas \u2013 32\u202fm\u00b2 \u2013 Desde 44\u202f\u20ac\" \/>\n<meta property=\"og:description\" content=\"Descubre nuestras lodges de lona con aire acondicionado en el camping Le Soleil des Bastides: confort natural para tus vacaciones en el Tarn. \u00a1Reserva ahora!\" \/>\n<meta property=\"og:url\" content=\"https:\/\/camping-le-soleil-des-bastides.fr\/es\/les-hebergements\/logement-insolite-tarn\/lodge-vip-premium\/\" \/>\n<meta property=\"og:site_name\" content=\"Camping Le Soleil Des Bastides\" \/>\n<meta property=\"article:publisher\" content=\"https:\/\/www.facebook.com\/LeSoleilDesBastides\/\" \/>\n<meta property=\"article:modified_time\" content=\"2025-06-12T13:09:17+00:00\" \/>\n<meta name=\"twitter:card\" content=\"summary_large_image\" \/>\n<meta name=\"twitter:label1\" content=\"Tiempo de lectura\" \/>\n\t<meta name=\"twitter:data1\" content=\"2 minutos\" \/>\n<script type=\"application\/ld+json\" class=\"yoast-schema-graph\">{\"@context\":\"https:\\\/\\\/schema.org\",\"@graph\":[{\"@type\":\"WebPage\",\"@id\":\"https:\\\/\\\/camping-le-soleil-des-bastides.fr\\\/es\\\/les-hebergements\\\/logement-insolite-tarn\\\/lodge-vip-premium\\\/\",\"url\":\"https:\\\/\\\/camping-le-soleil-des-bastides.fr\\\/es\\\/les-hebergements\\\/logement-insolite-tarn\\\/lodge-vip-premium\\\/\",\"name\":\"Lodge Premium para 4 a 5 personas \u2013 32\u202fm\u00b2 \u2013 Desde 44\u202f\u20ac\",\"isPartOf\":{\"@id\":\"https:\\\/\\\/camping-le-soleil-des-bastides.fr\\\/es\\\/#website\"},\"datePublished\":\"2023-01-11T14:34:51+00:00\",\"dateModified\":\"2025-06-12T13:09:17+00:00\",\"description\":\"Descubre nuestras lodges de lona con aire acondicionado en el camping Le Soleil des Bastides: confort natural para tus vacaciones en el Tarn. \u00a1Reserva ahora!\",\"breadcrumb\":{\"@id\":\"https:\\\/\\\/camping-le-soleil-des-bastides.fr\\\/es\\\/les-hebergements\\\/logement-insolite-tarn\\\/lodge-vip-premium\\\/#breadcrumb\"},\"inLanguage\":\"es\",\"potentialAction\":[{\"@type\":\"ReadAction\",\"target\":[\"https:\\\/\\\/camping-le-soleil-des-bastides.fr\\\/es\\\/les-hebergements\\\/logement-insolite-tarn\\\/lodge-vip-premium\\\/\"]}]},{\"@type\":\"BreadcrumbList\",\"@id\":\"https:\\\/\\\/camping-le-soleil-des-bastides.fr\\\/es\\\/les-hebergements\\\/logement-insolite-tarn\\\/lodge-vip-premium\\\/#breadcrumb\",\"itemListElement\":[{\"@type\":\"ListItem\",\"position\":1,\"name\":\"Camping Tarn\",\"item\":\"https:\\\/\\\/camping-le-soleil-des-bastides.fr\\\/es\\\/\"},{\"@type\":\"ListItem\",\"position\":2,\"name\":\"Alquiler de vacaciones Tarn\",\"item\":\"https:\\\/\\\/camping-le-soleil-des-bastides.fr\\\/es\\\/les-hebergements\\\/\"},{\"@type\":\"ListItem\",\"position\":3,\"name\":\"Noche ins\u00f3lita en el Tarn\",\"item\":\"https:\\\/\\\/camping-le-soleil-des-bastides.fr\\\/es\\\/les-hebergements\\\/logement-insolite-tarn\\\/\"},{\"@type\":\"ListItem\",\"position\":4,\"name\":\"La Lodge VIP Premium\"}]},{\"@type\":\"WebSite\",\"@id\":\"https:\\\/\\\/camping-le-soleil-des-bastides.fr\\\/es\\\/#website\",\"url\":\"https:\\\/\\\/camping-le-soleil-des-bastides.fr\\\/es\\\/\",\"name\":\"Camping Le Soleil Des Bastides\",\"description\":\"Un camping calme, ombrag\u00e9 au coeur des bastides tarnaises\",\"potentialAction\":[{\"@type\":\"SearchAction\",\"target\":{\"@type\":\"EntryPoint\",\"urlTemplate\":\"https:\\\/\\\/camping-le-soleil-des-bastides.fr\\\/es\\\/?s={search_term_string}\"},\"query-input\":{\"@type\":\"PropertyValueSpecification\",\"valueRequired\":true,\"valueName\":\"search_term_string\"}}],\"inLanguage\":\"es\"}]}<\/script>\n<!-- \/ Yoast SEO plugin. -->","yoast_head_json":{"title":"Lodge Premium para 4 a 5 personas \u2013 32\u202fm\u00b2 \u2013 Desde 44\u202f\u20ac","description":"Descubre nuestras lodges de lona con aire acondicionado en el camping Le Soleil des Bastides: confort natural para tus vacaciones en el Tarn. \u00a1Reserva ahora!","robots":{"index":"index","follow":"follow","max-snippet":"max-snippet:-1","max-image-preview":"max-image-preview:large","max-video-preview":"max-video-preview:-1"},"canonical":"https:\/\/camping-le-soleil-des-bastides.fr\/es\/les-hebergements\/logement-insolite-tarn\/lodge-vip-premium\/","og_locale":"es_ES","og_type":"article","og_title":"Lodge Premium para 4 a 5 personas \u2013 32\u202fm\u00b2 \u2013 Desde 44\u202f\u20ac","og_description":"Descubre nuestras lodges de lona con aire acondicionado en el camping Le Soleil des Bastides: confort natural para tus vacaciones en el Tarn. \u00a1Reserva ahora!","og_url":"https:\/\/camping-le-soleil-des-bastides.fr\/es\/les-hebergements\/logement-insolite-tarn\/lodge-vip-premium\/","og_site_name":"Camping Le Soleil Des Bastides","article_publisher":"https:\/\/www.facebook.com\/LeSoleilDesBastides\/","article_modified_time":"2025-06-12T13:09:17+00:00","twitter_card":"summary_large_image","twitter_misc":{"Tiempo de lectura":"2 minutos"},"schema":{"@context":"https:\/\/schema.org","@graph":[{"@type":"WebPage","@id":"https:\/\/camping-le-soleil-des-bastides.fr\/es\/les-hebergements\/logement-insolite-tarn\/lodge-vip-premium\/","url":"https:\/\/camping-le-soleil-des-bastides.fr\/es\/les-hebergements\/logement-insolite-tarn\/lodge-vip-premium\/","name":"Lodge Premium para 4 a 5 personas \u2013 32\u202fm\u00b2 \u2013 Desde 44\u202f\u20ac","isPartOf":{"@id":"https:\/\/camping-le-soleil-des-bastides.fr\/es\/#website"},"datePublished":"2023-01-11T14:34:51+00:00","dateModified":"2025-06-12T13:09:17+00:00","description":"Descubre nuestras lodges de lona con aire acondicionado en el camping Le Soleil des Bastides: confort natural para tus vacaciones en el Tarn. \u00a1Reserva ahora!","breadcrumb":{"@id":"https:\/\/camping-le-soleil-des-bastides.fr\/es\/les-hebergements\/logement-insolite-tarn\/lodge-vip-premium\/#breadcrumb"},"inLanguage":"es","potentialAction":[{"@type":"ReadAction","target":["https:\/\/camping-le-soleil-des-bastides.fr\/es\/les-hebergements\/logement-insolite-tarn\/lodge-vip-premium\/"]}]},{"@type":"BreadcrumbList","@id":"https:\/\/camping-le-soleil-des-bastides.fr\/es\/les-hebergements\/logement-insolite-tarn\/lodge-vip-premium\/#breadcrumb","itemListElement":[{"@type":"ListItem","position":1,"name":"Camping Tarn","item":"https:\/\/camping-le-soleil-des-bastides.fr\/es\/"},{"@type":"ListItem","position":2,"name":"Alquiler de vacaciones Tarn","item":"https:\/\/camping-le-soleil-des-bastides.fr\/es\/les-hebergements\/"},{"@type":"ListItem","position":3,"name":"Noche ins\u00f3lita en el Tarn","item":"https:\/\/camping-le-soleil-des-bastides.fr\/es\/les-hebergements\/logement-insolite-tarn\/"},{"@type":"ListItem","position":4,"name":"La Lodge VIP Premium"}]},{"@type":"WebSite","@id":"https:\/\/camping-le-soleil-des-bastides.fr\/es\/#website","url":"https:\/\/camping-le-soleil-des-bastides.fr\/es\/","name":"Camping Le Soleil Des Bastides","description":"Un camping calme, ombrag\u00e9 au coeur des bastides tarnaises","potentialAction":[{"@type":"SearchAction","target":{"@type":"EntryPoint","urlTemplate":"https:\/\/camping-le-soleil-des-bastides.fr\/es\/?s={search_term_string}"},"query-input":{"@type":"PropertyValueSpecification","valueRequired":true,"valueName":"search_term_string"}}],"inLanguage":"es"}]}},"_links":{"self":[{"href":"https:\/\/camping-le-soleil-des-bastides.fr\/es\/wp-json\/wp\/v2\/pages\/5759","targetHints":{"allow":["GET"]}}],"collection":[{"href":"https:\/\/camping-le-soleil-des-bastides.fr\/es\/wp-json\/wp\/v2\/pages"}],"about":[{"href":"https:\/\/camping-le-soleil-des-bastides.fr\/es\/wp-json\/wp\/v2\/types\/page"}],"author":[{"embeddable":true,"href":"https:\/\/camping-le-soleil-des-bastides.fr\/es\/wp-json\/wp\/v2\/users\/1"}],"replies":[{"embeddable":true,"href":"https:\/\/camping-le-soleil-des-bastides.fr\/es\/wp-json\/wp\/v2\/comments?post=5759"}],"version-history":[{"count":0,"href":"https:\/\/camping-le-soleil-des-bastides.fr\/es\/wp-json\/wp\/v2\/pages\/5759\/revisions"}],"up":[{"embeddable":true,"href":"https:\/\/camping-le-soleil-des-bastides.fr\/es\/wp-json\/wp\/v2\/pages\/5639"}],"wp:attachment":[{"href":"https:\/\/camping-le-soleil-des-bastides.fr\/es\/wp-json\/wp\/v2\/media?parent=5759"}],"curies":[{"name":"wp","href":"https:\/\/api.w.org\/{rel}","templated":true}]}}