{"id":5148,"date":"2023-01-12T11:46:32","date_gmt":"2023-01-12T10:46:32","guid":{"rendered":"https:\/\/camping-le-soleil-des-bastides.fr\/emplacement-camping-tarn\/emplacement-camping-nu\/"},"modified":"2025-06-04T15:01:52","modified_gmt":"2025-06-04T13:01:52","slug":"emplacement-camping-nu","status":"publish","type":"page","link":"https:\/\/camping-le-soleil-des-bastides.fr\/es\/emplacement-camping-tarn\/emplacement-camping-nu\/","title":{"rendered":"Parcela sin alojamiento"},"content":{"rendered":"<p>[et_pb_section fb_built=\u00bb1&#8243; admin_label=\u00bbHeader\u00bb _builder_version=\u00bb4.19.1&#8243; use_background_color_gradient=\u00bbon\u00bb background_color_gradient_type=\u00bbcircular\u00bb background_color_gradient_direction_radial=\u00bbtop left\u00bb background_color_gradient_stops=\u00bbrgba(51,51,51,0.8) 0%|rgba(51,51,51,0.1) 100%\u00bb background_color_gradient_overlays_image=\u00bbon\u00bb background_color_gradient_start=\u00bbrgba(255,255,255,0.89)\u00bb background_color_gradient_start_position=\u00bb30%\u00bb background_color_gradient_end=\u00bbrgba(255,255,255,0)\u00bb background_color_gradient_end_position=\u00bb80%\u00bb background_image=\u00bbhttps:\/\/camping-le-soleil-des-bastides.fr\/wp-content\/uploads\/2023\/01\/header-hebergement-camping-soleil-des-bastides-tarn.webp\u00bb custom_margin=\u00bb|||\u00bb custom_padding=\u00bb2vw||2vw||true|false\u00bb global_colors_info=\u00bb{}\u00bb][et_pb_row _builder_version=\u00bb4.16&#8243; global_colors_info=\u00bb{}\u00bb][et_pb_column type=\u00bb4_4&#8243; _builder_version=\u00bb4.16&#8243; custom_padding=\u00bb|||\u00bb global_colors_info=\u00bb{}\u00bb custom_padding__hover=\u00bb|||\u00bb][et_pb_text _builder_version=\u00bb4.27.4&#8243; text_font=\u00bb||||||||\u00bb header_font=\u00bb|700||on|||||\u00bb header_text_color=\u00bb#FFFFFF\u00bb header_font_size=\u00bb50px\u00bb header_line_height=\u00bb1.2em\u00bb header_5_font=\u00bbQuicksand|700||on|||||\u00bb header_5_text_color=\u00bb#83BE40&#8243; header_5_font_size=\u00bb20px\u00bb header_5_letter_spacing=\u00bb0.5em\u00bb animation_style=\u00bbzoom\u00bb animation_intensity_zoom=\u00bb5%\u00bb hover_enabled=\u00bb0&#8243; header_font_size_tablet=\u00bb35px\u00bb header_font_size_phone=\u00bb25px\u00bb header_font_size_last_edited=\u00bbon|phone\u00bb header_5_font_size_tablet=\u00bb14px\u00bb header_5_font_size_phone=\u00bb12px\u00bb header_5_font_size_last_edited=\u00bbon|desktop\u00bb header_text_shadow_style=\u00bbpreset3&#8243; header_text_shadow_color=\u00bbrgba(51,51,51,0.4)\u00bb header_5_text_shadow_style=\u00bbpreset3&#8243; global_colors_info=\u00bb{}\u00bb sticky_enabled=\u00bb0&#8243;]<\/p>\n<h1>PARCELA SIN ALOJAMIENTO<\/h1>\n<p>[\/et_pb_text][\/et_pb_column][\/et_pb_row][\/et_pb_section][et_pb_section fb_built=\u00bb1&#8243; _builder_version=\u00bb4.19.1&#8243; _module_preset=\u00bbdefault\u00bb background_color=\u00bb#F9F6F3&#8243; global_colors_info=\u00bb{}\u00bb][et_pb_row column_structure=\u00bb1_2,1_2&#8243; _builder_version=\u00bb4.19.1&#8243; _module_preset=\u00bbdefault\u00bb global_colors_info=\u00bb{}\u00bb][et_pb_column type=\u00bb1_2&#8243; _builder_version=\u00bb4.19.1&#8243; _module_preset=\u00bbdefault\u00bb global_colors_info=\u00bb{}\u00bb][et_pb_text _builder_version=\u00bb4.27.4&#8243; text_font=\u00bb||||||||\u00bb ul_font=\u00bb||||||||\u00bb ul_line_height=\u00bb2em\u00bb header_font=\u00bb||||||||\u00bb header_3_font=\u00bb|700|||||||\u00bb header_3_font_size=\u00bb20px\u00bb header_3_line_height=\u00bb1.4em\u00bb header_4_text_color=\u00bb#B22B88&#8243; header_4_font_size=\u00bb16px\u00bb header_6_line_height=\u00bb1.8em\u00bb custom_margin=\u00bb||20px||false|false\u00bb custom_padding=\u00bb||0px||false|false\u00bb hover_enabled=\u00bb0&#8243; header_3_font_size_tablet=\u00bb35px\u00bb header_3_font_size_phone=\u00bb25px\u00bb header_3_font_size_last_edited=\u00bboff|desktop\u00bb locked=\u00bboff\u00bb global_colors_info=\u00bb{}\u00bb sticky_enabled=\u00bb0&#8243;]<\/p>\n<h2 style=\"text-align: left;\">PARCELA SIN ALOJAMIENTO<\/h2>\n<h4 style=\"font-weight: 400; text-align: left;\">Nuestras parcelas sin alojamiento en alquiler<\/h4>\n<p style=\"text-align: left;\">\u00bfTe apetece unas vacaciones en plena naturaleza? \u00a1Descubre nuestras <a href=\"\/emplacement-camping-tarn\/\">parcelas sin alojamiento en el Tarn<\/a>! Con una <strong>superficie de entre 80 y 150 m\u00b2<\/strong>, nuestras parcelas, delimitadas por \u00e1rboles de distintas especies y arbustos florales, son aut\u00e9nticos refugios verdes. Cubiertas de c\u00e9sped y con sombra, son perfectas para montar una <strong>tienda<\/strong> o instalar una <strong>caravana o autocaravana<\/strong>. Ideales para unas <strong>vacaciones en pareja, en familia o con amigos<\/strong> en nuestro <a href=\"\/\">camping familiar en el Tarn<\/a>.<\/p>\n<p>[\/et_pb_text][et_pb_blurb title=\u00bbHasta 6 personas\u00bb use_icon=\u00bbon\u00bb font_icon=\u00bb&#xf007;||fa||900&#8243; icon_color=\u00bb#B22B88&#8243; image_icon_background_color=\u00bbRGBA(255,255,255,0)\u00bb icon_placement=\u00bbleft\u00bb image_icon_width=\u00bb25px\u00bb content_max_width=\u00bb100%\u00bb admin_label=\u00bbPersonne\u00bb _builder_version=\u00bb4.27.4&#8243; _module_preset=\u00bbdefault\u00bb header_font=\u00bbQuicksand|||on|||||\u00bb header_font_size=\u00bb15px\u00bb header_letter_spacing=\u00bb1px\u00bb image_icon_custom_padding=\u00bb||||true|true\u00bb custom_margin=\u00bb||0px||false|false\u00bb custom_padding=\u00bb15px||15px||true|false\u00bb hover_enabled=\u00bb0&#8243; custom_css_blurb_title=\u00bbmargin-top : 5px;\u00bb border_width_bottom=\u00bb1px\u00bb border_color_bottom=\u00bbrgba(0,0,0,0.1)\u00bb global_colors_info=\u00bb{}\u00bb sticky_enabled=\u00bb0&#8243;][\/et_pb_blurb][et_pb_blurb title=\u00bb80 a 150 m\u00b2\u00bb use_icon=\u00bbon\u00bb font_icon=\u00bb&#xf5a0;||fa||900&#8243; icon_color=\u00bb#B22B88&#8243; image_icon_background_color=\u00bbRGBA(255,255,255,0)\u00bb icon_placement=\u00bbleft\u00bb image_icon_width=\u00bb25px\u00bb content_max_width=\u00bb100%\u00bb admin_label=\u00bbSuperficie\u00bb _builder_version=\u00bb4.27.4&#8243; _module_preset=\u00bbdefault\u00bb header_font=\u00bbQuicksand|||on|||||\u00bb header_font_size=\u00bb15px\u00bb header_letter_spacing=\u00bb1px\u00bb image_icon_custom_padding=\u00bb|0px||0px|true|true\u00bb custom_margin=\u00bb||0px||false|false\u00bb custom_padding=\u00bb15px||15px||true|false\u00bb hover_enabled=\u00bb0&#8243; custom_css_blurb_title=\u00bbmargin-top : 5px;\u00bb border_width_bottom=\u00bb1px\u00bb border_color_bottom=\u00bbrgba(0,0,0,0.1)\u00bb global_colors_info=\u00bb{}\u00bb sticky_enabled=\u00bb0&#8243;][\/et_pb_blurb][et_pb_blurb title=\u00bbSanitarios\u00bb use_icon=\u00bbon\u00bb font_icon=\u00bb&#xf2cc;||fa||900&#8243; icon_color=\u00bb#B22B88&#8243; image_icon_background_color=\u00bbRGBA(255,255,255,0)\u00bb icon_placement=\u00bbleft\u00bb image_icon_width=\u00bb25px\u00bb content_max_width=\u00bb100%\u00bb admin_label=\u00bbCoin Sanitaires\u00bb _builder_version=\u00bb4.27.4&#8243; _module_preset=\u00bbdefault\u00bb header_font=\u00bbQuicksand|||on|||||\u00bb header_font_size=\u00bb15px\u00bb header_letter_spacing=\u00bb1px\u00bb image_icon_custom_padding=\u00bb|0px||0px|true|true\u00bb custom_margin=\u00bb||0px||false|false\u00bb custom_padding=\u00bb15px||15px||true|false\u00bb hover_enabled=\u00bb0&#8243; custom_css_blurb_title=\u00bbmargin-top : 5px;\u00bb border_width_bottom=\u00bb1px\u00bb border_color_bottom=\u00bbrgba(0,0,0,0.1)\u00bb global_colors_info=\u00bb{}\u00bb sticky_enabled=\u00bb0&#8243;]<\/p>\n<p>Cerca<\/p>\n<p>[\/et_pb_blurb][et_pb_blurb title=\u00bbInformaci\u00f3n adicional\u00bb use_icon=\u00bbon\u00bb font_icon=\u00bb&#xf05a;||fa||900&#8243; icon_color=\u00bb#B22B88&#8243; image_icon_background_color=\u00bbRGBA(255,255,255,0)\u00bb icon_placement=\u00bbleft\u00bb image_icon_width=\u00bb25px\u00bb content_max_width=\u00bb100%\u00bb admin_label=\u00bbInformation suppl\u00e9mentaire\u00bb _builder_version=\u00bb4.27.4&#8243; _module_preset=\u00bbdefault\u00bb header_font=\u00bbQuicksand|||on|||||\u00bb header_font_size=\u00bb15px\u00bb header_letter_spacing=\u00bb1px\u00bb background_enable_color=\u00bboff\u00bb image_icon_custom_padding=\u00bb||||true|true\u00bb custom_margin=\u00bb||0px||false|false\u00bb custom_padding=\u00bb15px||15px||true|false\u00bb hover_enabled=\u00bb0&#8243; custom_css_blurb_title=\u00bbmargin-top : 5px;\u00bb border_color_bottom=\u00bbrgba(0,0,0,0.1)\u00bb global_colors_info=\u00bb{}\u00bb sticky_enabled=\u00bb0&#8243;]<\/p>\n<p>Se aceptan mascotas<\/p>\n<p>[\/et_pb_blurb][\/et_pb_column][et_pb_column type=\u00bb1_2&#8243; _builder_version=\u00bb4.19.1&#8243; _module_preset=\u00bbdefault\u00bb global_colors_info=\u00bb{}\u00bb][et_pb_slider _builder_version=\u00bb4.19.1&#8243; _module_preset=\u00bbdefault\u00bb global_colors_info=\u00bb{}\u00bb][et_pb_slide _builder_version=\u00bb4.19.1&#8243; _module_preset=\u00bbdefault\u00bb background_enable_color=\u00bboff\u00bb background_image=\u00bbhttps:\/\/camping-le-soleil-des-bastides.fr\/wp-content\/uploads\/2023\/01\/emplacement-nu-camping-tarn-1.webp\u00bb background_enable_image=\u00bbon\u00bb custom_padding=\u00bb25%||25%||true|false\u00bb global_colors_info=\u00bb{}\u00bb sticky_transition=\u00bbon\u00bb][\/et_pb_slide][et_pb_slide _builder_version=\u00bb4.19.1&#8243; _module_preset=\u00bbdefault\u00bb background_enable_color=\u00bboff\u00bb background_image=\u00bbhttps:\/\/camping-le-soleil-des-bastides.fr\/wp-content\/uploads\/2023\/01\/emplacement-nu-camping-tarn-2.webp\u00bb background_enable_image=\u00bbon\u00bb custom_padding=\u00bb25%||25%||true|false\u00bb global_colors_info=\u00bb{}\u00bb sticky_transition=\u00bbon\u00bb][\/et_pb_slide][\/et_pb_slider][et_pb_code module_class=\u00bbwidget_calendrier\u00bb _builder_version=\u00bb4.19.1&#8243; _module_preset=\u00bbdefault\u00bb custom_margin=\u00bb3%||||false|false\u00bb global_colors_info=\u00bb{}\u00bb]<ctv-product-search data-product-id='' ><\/ctv-product-search>[\/et_pb_code][et_pb_code module_class=\u00bbwidget_calendrier\u00bb _builder_version=\u00bb4.27.4&#8243; _module_preset=\u00bbdefault\u00bb custom_margin=\u00bb3%||||false|false\u00bb global_colors_info=\u00bb{}\u00bb]<ctv-reviews-list data-product-id=\"73269\" ><\/ctv-reviews-list>[\/et_pb_code][\/et_pb_column][\/et_pb_row][\/et_pb_section]<\/p>\n","protected":false},"excerpt":{"rendered":"<p>PARCELA SIN ALOJAMIENTOPARCELA SIN ALOJAMIENTO Nuestras parcelas sin alojamiento en alquiler \u00bfTe apetece unas vacaciones en plena naturaleza? \u00a1Descubre nuestras parcelas sin alojamiento en el Tarn! Con una superficie de entre 80 y 150 m\u00b2, nuestras parcelas, delimitadas por \u00e1rboles de distintas especies y arbustos florales, son aut\u00e9nticos refugios verdes. Cubiertas de c\u00e9sped y con [&hellip;]<\/p>\n","protected":false},"author":1,"featured_media":0,"parent":5121,"menu_order":0,"comment_status":"closed","ping_status":"closed","template":"","meta":{"_et_pb_use_builder":"on","_et_pb_old_content":"","_et_gb_content_width":"","footnotes":""},"class_list":["post-5148","page","type-page","status-publish","hentry"],"yoast_head":"<!-- This site is optimized with the Yoast SEO plugin v27.3 - https:\/\/yoast.com\/product\/yoast-seo-wordpress\/ -->\n<title>Parcela sin alojamiento desde 10\u202f\u20ac<\/title>\n<meta name=\"description\" content=\"Parcelas sin alojamiento para autocaravanas, tiendas de campa\u00f1a o caravanas cerca de Albi, Gaillac o Castelnau de Montmiral\" \/>\n<meta name=\"robots\" content=\"index, follow, max-snippet:-1, max-image-preview:large, max-video-preview:-1\" \/>\n<link rel=\"canonical\" href=\"https:\/\/camping-le-soleil-des-bastides.fr\/es\/emplacement-camping-tarn\/emplacement-camping-nu\/\" \/>\n<meta property=\"og:locale\" content=\"es_ES\" \/>\n<meta property=\"og:type\" content=\"article\" \/>\n<meta property=\"og:title\" content=\"Parcela sin alojamiento desde 10\u202f\u20ac\" \/>\n<meta property=\"og:description\" content=\"Parcelas sin alojamiento para autocaravanas, tiendas de campa\u00f1a o caravanas cerca de Albi, Gaillac o Castelnau de Montmiral\" \/>\n<meta property=\"og:url\" content=\"https:\/\/camping-le-soleil-des-bastides.fr\/es\/emplacement-camping-tarn\/emplacement-camping-nu\/\" \/>\n<meta property=\"og:site_name\" content=\"Camping Le Soleil Des Bastides\" \/>\n<meta property=\"article:publisher\" content=\"https:\/\/www.facebook.com\/LeSoleilDesBastides\/\" \/>\n<meta property=\"article:modified_time\" content=\"2025-06-04T13:01:52+00:00\" \/>\n<meta name=\"twitter:card\" content=\"summary_large_image\" \/>\n<meta name=\"twitter:label1\" content=\"Tiempo de lectura\" \/>\n\t<meta name=\"twitter:data1\" content=\"1 minuto\" \/>\n<script type=\"application\/ld+json\" class=\"yoast-schema-graph\">{\"@context\":\"https:\\\/\\\/schema.org\",\"@graph\":[{\"@type\":\"WebPage\",\"@id\":\"https:\\\/\\\/camping-le-soleil-des-bastides.fr\\\/es\\\/emplacement-camping-tarn\\\/emplacement-camping-nu\\\/\",\"url\":\"https:\\\/\\\/camping-le-soleil-des-bastides.fr\\\/es\\\/emplacement-camping-tarn\\\/emplacement-camping-nu\\\/\",\"name\":\"Parcela sin alojamiento desde 10\u202f\u20ac\",\"isPartOf\":{\"@id\":\"https:\\\/\\\/camping-le-soleil-des-bastides.fr\\\/es\\\/#website\"},\"datePublished\":\"2023-01-12T10:46:32+00:00\",\"dateModified\":\"2025-06-04T13:01:52+00:00\",\"description\":\"Parcelas sin alojamiento para autocaravanas, tiendas de campa\u00f1a o caravanas cerca de Albi, Gaillac o Castelnau de Montmiral\",\"breadcrumb\":{\"@id\":\"https:\\\/\\\/camping-le-soleil-des-bastides.fr\\\/es\\\/emplacement-camping-tarn\\\/emplacement-camping-nu\\\/#breadcrumb\"},\"inLanguage\":\"es\",\"potentialAction\":[{\"@type\":\"ReadAction\",\"target\":[\"https:\\\/\\\/camping-le-soleil-des-bastides.fr\\\/es\\\/emplacement-camping-tarn\\\/emplacement-camping-nu\\\/\"]}]},{\"@type\":\"BreadcrumbList\",\"@id\":\"https:\\\/\\\/camping-le-soleil-des-bastides.fr\\\/es\\\/emplacement-camping-tarn\\\/emplacement-camping-nu\\\/#breadcrumb\",\"itemListElement\":[{\"@type\":\"ListItem\",\"position\":1,\"name\":\"Camping Tarn\",\"item\":\"https:\\\/\\\/camping-le-soleil-des-bastides.fr\\\/es\\\/\"},{\"@type\":\"ListItem\",\"position\":2,\"name\":\"Parcela camping Tarn\",\"item\":\"https:\\\/\\\/camping-le-soleil-des-bastides.fr\\\/es\\\/emplacement-camping-tarn\\\/\"},{\"@type\":\"ListItem\",\"position\":3,\"name\":\"Parcela sin alojamiento\"}]},{\"@type\":\"WebSite\",\"@id\":\"https:\\\/\\\/camping-le-soleil-des-bastides.fr\\\/es\\\/#website\",\"url\":\"https:\\\/\\\/camping-le-soleil-des-bastides.fr\\\/es\\\/\",\"name\":\"Camping Le Soleil Des Bastides\",\"description\":\"Un camping calme, ombrag\u00e9 au coeur des bastides tarnaises\",\"potentialAction\":[{\"@type\":\"SearchAction\",\"target\":{\"@type\":\"EntryPoint\",\"urlTemplate\":\"https:\\\/\\\/camping-le-soleil-des-bastides.fr\\\/es\\\/?s={search_term_string}\"},\"query-input\":{\"@type\":\"PropertyValueSpecification\",\"valueRequired\":true,\"valueName\":\"search_term_string\"}}],\"inLanguage\":\"es\"}]}<\/script>\n<!-- \/ Yoast SEO plugin. -->","yoast_head_json":{"title":"Parcela sin alojamiento desde 10\u202f\u20ac","description":"Parcelas sin alojamiento para autocaravanas, tiendas de campa\u00f1a o caravanas cerca de Albi, Gaillac o Castelnau de Montmiral","robots":{"index":"index","follow":"follow","max-snippet":"max-snippet:-1","max-image-preview":"max-image-preview:large","max-video-preview":"max-video-preview:-1"},"canonical":"https:\/\/camping-le-soleil-des-bastides.fr\/es\/emplacement-camping-tarn\/emplacement-camping-nu\/","og_locale":"es_ES","og_type":"article","og_title":"Parcela sin alojamiento desde 10\u202f\u20ac","og_description":"Parcelas sin alojamiento para autocaravanas, tiendas de campa\u00f1a o caravanas cerca de Albi, Gaillac o Castelnau de Montmiral","og_url":"https:\/\/camping-le-soleil-des-bastides.fr\/es\/emplacement-camping-tarn\/emplacement-camping-nu\/","og_site_name":"Camping Le Soleil Des Bastides","article_publisher":"https:\/\/www.facebook.com\/LeSoleilDesBastides\/","article_modified_time":"2025-06-04T13:01:52+00:00","twitter_card":"summary_large_image","twitter_misc":{"Tiempo de lectura":"1 minuto"},"schema":{"@context":"https:\/\/schema.org","@graph":[{"@type":"WebPage","@id":"https:\/\/camping-le-soleil-des-bastides.fr\/es\/emplacement-camping-tarn\/emplacement-camping-nu\/","url":"https:\/\/camping-le-soleil-des-bastides.fr\/es\/emplacement-camping-tarn\/emplacement-camping-nu\/","name":"Parcela sin alojamiento desde 10\u202f\u20ac","isPartOf":{"@id":"https:\/\/camping-le-soleil-des-bastides.fr\/es\/#website"},"datePublished":"2023-01-12T10:46:32+00:00","dateModified":"2025-06-04T13:01:52+00:00","description":"Parcelas sin alojamiento para autocaravanas, tiendas de campa\u00f1a o caravanas cerca de Albi, Gaillac o Castelnau de Montmiral","breadcrumb":{"@id":"https:\/\/camping-le-soleil-des-bastides.fr\/es\/emplacement-camping-tarn\/emplacement-camping-nu\/#breadcrumb"},"inLanguage":"es","potentialAction":[{"@type":"ReadAction","target":["https:\/\/camping-le-soleil-des-bastides.fr\/es\/emplacement-camping-tarn\/emplacement-camping-nu\/"]}]},{"@type":"BreadcrumbList","@id":"https:\/\/camping-le-soleil-des-bastides.fr\/es\/emplacement-camping-tarn\/emplacement-camping-nu\/#breadcrumb","itemListElement":[{"@type":"ListItem","position":1,"name":"Camping Tarn","item":"https:\/\/camping-le-soleil-des-bastides.fr\/es\/"},{"@type":"ListItem","position":2,"name":"Parcela camping Tarn","item":"https:\/\/camping-le-soleil-des-bastides.fr\/es\/emplacement-camping-tarn\/"},{"@type":"ListItem","position":3,"name":"Parcela sin alojamiento"}]},{"@type":"WebSite","@id":"https:\/\/camping-le-soleil-des-bastides.fr\/es\/#website","url":"https:\/\/camping-le-soleil-des-bastides.fr\/es\/","name":"Camping Le Soleil Des Bastides","description":"Un camping calme, ombrag\u00e9 au coeur des bastides tarnaises","potentialAction":[{"@type":"SearchAction","target":{"@type":"EntryPoint","urlTemplate":"https:\/\/camping-le-soleil-des-bastides.fr\/es\/?s={search_term_string}"},"query-input":{"@type":"PropertyValueSpecification","valueRequired":true,"valueName":"search_term_string"}}],"inLanguage":"es"}]}},"_links":{"self":[{"href":"https:\/\/camping-le-soleil-des-bastides.fr\/es\/wp-json\/wp\/v2\/pages\/5148","targetHints":{"allow":["GET"]}}],"collection":[{"href":"https:\/\/camping-le-soleil-des-bastides.fr\/es\/wp-json\/wp\/v2\/pages"}],"about":[{"href":"https:\/\/camping-le-soleil-des-bastides.fr\/es\/wp-json\/wp\/v2\/types\/page"}],"author":[{"embeddable":true,"href":"https:\/\/camping-le-soleil-des-bastides.fr\/es\/wp-json\/wp\/v2\/users\/1"}],"replies":[{"embeddable":true,"href":"https:\/\/camping-le-soleil-des-bastides.fr\/es\/wp-json\/wp\/v2\/comments?post=5148"}],"version-history":[{"count":0,"href":"https:\/\/camping-le-soleil-des-bastides.fr\/es\/wp-json\/wp\/v2\/pages\/5148\/revisions"}],"up":[{"embeddable":true,"href":"https:\/\/camping-le-soleil-des-bastides.fr\/es\/wp-json\/wp\/v2\/pages\/5121"}],"wp:attachment":[{"href":"https:\/\/camping-le-soleil-des-bastides.fr\/es\/wp-json\/wp\/v2\/media?parent=5148"}],"curies":[{"name":"wp","href":"https:\/\/api.w.org\/{rel}","templated":true}]}}