{"id":6214,"date":"2022-11-22T14:58:36","date_gmt":"2022-11-22T13:58:36","guid":{"rendered":"https:\/\/camping-le-soleil-des-bastides.fr\/politique-de-confidentialite\/"},"modified":"2025-06-18T09:07:28","modified_gmt":"2025-06-18T07:07:28","slug":"politique-de-confidentialite","status":"publish","type":"page","link":"https:\/\/camping-le-soleil-des-bastides.fr\/de\/politique-de-confidentialite\/","title":{"rendered":"Datenschutzrichtlinie"},"content":{"rendered":"<p>[et_pb_section fb_built=&#8220;1&#8243; _builder_version=&#8220;4.19.1&#8243; background_color=&#8220;rgba(232,226,216,0.3)&#8220; custom_padding=&#8220;50px||50px||false|false&#8220; animation_direction=&#8220;right&#8220; global_colors_info=&#8220;{}&#8220;][et_pb_row use_custom_gutter=&#8220;on&#8220; make_equal=&#8220;on&#8220; _builder_version=&#8220;4.19.1&#8243; custom_padding=&#8220;0px||0px||false|false&#8220; global_colors_info=&#8220;{}&#8220;][et_pb_column type=&#8220;4_4&#8243; _builder_version=&#8220;4.16&#8243; custom_padding=&#8220;|||&#8220; global_colors_info=&#8220;{}&#8220; custom_padding__hover=&#8220;|||&#8220;][et_pb_text _builder_version=&#8220;4.27.4&#8243; text_font=&#8220;Quicksand|||on|||||&#8220; text_font_size=&#8220;16px&#8220; text_line_height=&#8220;2em&#8220; header_font=&#8220;||||||||&#8220; header_text_color=&#8220;#000000&#8243; header_2_font=&#8220;|700||on|||||&#8220; header_2_text_color=&#8220;#000000&#8243; header_2_font_size=&#8220;30px&#8220; header_2_line_height=&#8220;1.2em&#8220; header_6_font=&#8220;Raleway|700||on|||||&#8220; header_6_font_size=&#8220;16px&#8220; header_6_letter_spacing=&#8220;5px&#8220; header_6_line_height=&#8220;1.8em&#8220; text_orientation=&#8220;center&#8220; max_width_last_edited=&#8220;off|desktop&#8220; module_alignment=&#8220;center&#8220; custom_margin=&#8220;||0px||false|false&#8220; custom_padding=&#8220;||0px||false|false&#8220; hover_enabled=&#8220;0&#8243; header_font_size_tablet=&#8220;25px&#8220; header_font_size_phone=&#8220;18px&#8220; header_font_size_last_edited=&#8220;on|phone&#8220; header_2_font_size_tablet=&#8220;25px&#8220; header_2_font_size_phone=&#8220;18px&#8220; header_2_font_size_last_edited=&#8220;on|phone&#8220; global_colors_info=&#8220;{}&#8220; sticky_enabled=&#8220;0&#8243;]<\/p>\n<h1>DATENSCHUTZRICHTLINIE<br \/><span style=\"font-weight: 400;\">CAMPING SOLEIL DES BASTIDES<\/span><\/h1>\n<p>[\/et_pb_text][et_pb_divider color=&#8220;#B22B88&#8243; divider_position=&#8220;center&#8220; divider_weight=&#8220;3px&#8220; _builder_version=&#8220;4.19.1&#8243; _module_preset=&#8220;default&#8220; width=&#8220;150px&#8220; width_tablet=&#8220;100px&#8220; width_phone=&#8220;50px&#8220; width_last_edited=&#8220;on|phone&#8220; module_alignment=&#8220;center&#8220; custom_margin=&#8220;||20px||false|false&#8220; custom_padding=&#8220;||0px||false|false&#8220; global_colors_info=&#8220;{}&#8220;][\/et_pb_divider][et_pb_text _builder_version=&#8220;4.27.4&#8243; _module_preset=&#8220;default&#8220; header_2_text_align=&#8220;left&#8220; header_2_font_size=&#8220;16px&#8220; header_3_text_color=&#8220;#B22B88&#8243; header_3_font_size=&#8220;14px&#8220; module_alignment=&#8220;center&#8220; custom_margin=&#8220;50px||||false|false&#8220; hover_enabled=&#8220;0&#8243; global_colors_info=&#8220;{}&#8220; sticky_enabled=&#8220;0&#8243;]<\/p>\n<h2 align=\"justify\">SCHUTZ PERSONENBEZOGENER DATEN<\/h2>\n<h3 align=\"justify\">Einhaltung gesetzlicher Bestimmungen<\/h3>\n<p align=\"justify\"><strong>Camping le Soleil des Bastides<\/strong> verpflichtet sich, gem\u00e4\u00df den geltenden franz\u00f6sischen und europ\u00e4ischen Gesetzen, die personenbezogenen Daten der Besucher der Website <a href=\"https:\/\/camping-le-soleil-des-bastides.fr\/de\/\">camping-le-soleil-des-bastides.fr<\/a> zu sch\u00fctzen. Diese Datenschutzrichtlinie informiert Sie dar\u00fcber, wie <strong>Camping le Soleil des Bastides<\/strong> und eventuell Partner Ihre personenbezogenen Daten verarbeiten.<\/p>\n<h3>Warum erfassen wir Ihre Daten?<\/h3>\n<p align=\"justify\"><strong>Camping le Soleil des Bastides<\/strong> erhebt Ihre Daten \u00fcber das Kontaktformular, um Sie mit Informationen versorgen zu k\u00f6nnen. Die erhobenen Daten werden ausschlie\u00dflich von <strong>Camping le Soleil des Bastides<\/strong> verwendet und nicht an Partner weitergegeben.<\/p>\n<h3 align=\"justify\">Wie k\u00f6nnen Sie Ihre personenbezogenen Daten \u00e4ndern oder l\u00f6schen?<\/h3>\n<p align=\"justify\">Gem\u00e4\u00df dem franz\u00f6sischen Gesetz Nr.\u202f78\u201117 vom 6. Januar 1978 (\u201einformatique et libert\u00e9s\u201c) und der EU\u2011Datenschutzgrundverordnung (DSGVO) vom 27. April 2016 hat jeder Nutzer das Recht auf Zugang, Berichtigung und L\u00f6schung seiner personenbezogenen Daten \u2013 g\u00fcltig nur f\u00fcr individuelle Daten.<\/p>\n<p align=\"justify\">Aus Datenschutzgr\u00fcnden k\u00f6nnen Sie die L\u00f6schung bestimmter Daten beantragen. Senden Sie hierzu eine schriftliche Anfrage an die untenstehenden Kontaktdaten.<\/p>\n<h3 align=\"justify\">Wie werden Ihre Daten gesichert?<\/h3>\n<p align=\"justify\"><strong>Camping le Soleil des Bastides<\/strong> unternimmt alle Anstrengungen, um Ihre Daten zu sch\u00fctzen. Alle Dateien mit personenbezogenen Daten sind gesichert. Es wurden angemessene technische und organisatorische Ma\u00dfnahmen ergriffen, abgestimmt auf die Sensibilit\u00e4t der Daten und das Risiko der Verarbeitung, um Verlust, Missbrauch, Ver\u00e4nderung oder L\u00f6schung zu verhindern.<\/p>\n<h3 align=\"justify\">Eingebettete Inhalte von anderen Websites<\/h3>\n<p align=\"justify\">Artikel auf dieser Website k\u00f6nnen eingebettete Inhalte enthalten (z.\u202fB. Videos, Bilder, Artikel). Eingebettete Inhalte verhalten sich so, als ob der Besucher direkt zur anderen Website navigiert.<\/p>\n<p align=\"justify\">Diese Websites k\u00f6nnten Daten \u00fcber Sie sammeln, Cookies verwenden, Tracking-Tools von Drittanbietern einsetzen und Ihre Interaktionen mit eingebettetem Inhalt verfolgen, wenn Sie ein Konto auf ihrer Website haben.<\/p>\n<h2 align=\"justify\">COOKIE-VERWALTUNG<\/h2>\n<p align=\"justify\">Ein Cookie ist eine kleine Textdatei, die von einer Website auf dem Computer des Benutzers gespeichert wird. Cookies erm\u00f6glichen es, technische Daten (z.\u202fB. Besuchsz\u00e4hler, Anzeigefrequenz, Login-Status) zu speichern oder Seiten anzupassen. Cookies sind f\u00fcr eine einwandfreie Funktion der Website unerl\u00e4sslich. Sie werden verwendet, um Login-Daten zu speichern, eine sichere Verbindung zu gew\u00e4hrleisten, Statistiken zu erfassen und Inhalte auf Besucherinteressen abzustimmen.<\/p>\n<p align=\"justify\">Die Seite <a href=\"https:\/\/camping-le-soleil-des-bastides.fr\/de\/\">camping-le-soleil-des-bastides.fr<\/a> verwendet Cookies. Diese Cookies helfen, die allgemeine Aktivit\u00e4t der Website zu \u00fcberwachen, Fehler zu erkennen, angemessene Ressourcen bereitzustellen und Nutzungsstatistiken zu erstellen.<\/p>\n<p align=\"justify\">Sie k\u00f6nnen diese Cookies akzeptieren oder ablehnen. \u00c4ndern Sie dazu einfach die Einstellungen in Ihrem Browser, um Cookies abzulehnen oder benachrichtigt zu werden. Sie k\u00f6nnen auch Cookies von Ihrem Computer l\u00f6schen, um die gespeicherten Informationen dauerhaft zu entfernen.<\/p>\n<h2 align=\"justify\">KONTAKTDATEN<\/h2>\n<p align=\"justify\"><strong>Camping le Soleil des Bastides<\/strong><\/p>\n<p align=\"justify\">Email: <a href=\"mailto:info@camping-le-soleil-des-bastides.fr\" target=\"_blank\" rel=\"noopener\">info@camping-le-soleil-des-bastides.fr<\/a><br \/>Adresse: Route de Cordes \u2013 81140 Cahuzac sur V\u00e8re.<\/p>\n<p>[\/et_pb_text][\/et_pb_column][\/et_pb_row][\/et_pb_section]<\/p>\n","protected":false},"excerpt":{"rendered":"<p>DATENSCHUTZRICHTLINIECAMPING SOLEIL DES BASTIDES SCHUTZ PERSONENBEZOGENER DATEN Einhaltung gesetzlicher Bestimmungen Camping le Soleil des Bastides verpflichtet sich, gem\u00e4\u00df den geltenden franz\u00f6sischen und europ\u00e4ischen Gesetzen, die personenbezogenen Daten der Besucher der Website camping-le-soleil-des-bastides.fr zu sch\u00fctzen. Diese Datenschutzrichtlinie informiert Sie dar\u00fcber, wie Camping le Soleil des Bastides und eventuell Partner Ihre personenbezogenen Daten verarbeiten. Warum erfassen wir [&hellip;]<\/p>\n","protected":false},"author":1,"featured_media":0,"parent":0,"menu_order":0,"comment_status":"closed","ping_status":"open","template":"","meta":{"_et_pb_use_builder":"on","_et_pb_old_content":"<!-- wp:heading -->\r\n<h2>Qui sommes-nous\u00a0?<\/h2>\r\n<!-- \/wp:heading --><!-- wp:paragraph -->\r\n<p><strong class=\"privacy-policy-tutorial\">Texte sugg\u00e9r\u00e9\u00a0: <\/strong>L\u2019adresse de notre site est\u00a0: https:\/\/preprod.le-soleil-des-bastides.fr.<\/p>\r\n<!-- \/wp:paragraph --><!-- wp:heading -->\r\n<h2>Commentaires<\/h2>\r\n<!-- \/wp:heading --><!-- wp:paragraph -->\r\n<p><strong class=\"privacy-policy-tutorial\">Texte sugg\u00e9r\u00e9\u00a0: <\/strong>Quand vous laissez un commentaire sur notre site, les donn\u00e9es inscrites dans le formulaire de commentaire, ainsi que votre adresse IP et l\u2019agent utilisateur de votre navigateur sont collect\u00e9s pour nous aider \u00e0 la d\u00e9tection des commentaires ind\u00e9sirables.<\/p>\r\n<!-- \/wp:paragraph --><!-- wp:paragraph -->\r\n<p>Une cha\u00eene anonymis\u00e9e cr\u00e9\u00e9e \u00e0 partir de votre adresse e-mail (\u00e9galement appel\u00e9e hash) peut \u00eatre envoy\u00e9e au service Gravatar pour v\u00e9rifier si vous utilisez ce dernier. Les clauses de confidentialit\u00e9 du service Gravatar sont disponibles ici\u00a0: https:\/\/automattic.com\/privacy\/. Apr\u00e8s validation de votre commentaire, votre photo de profil sera visible publiquement \u00e0 cot\u00e9 de votre commentaire.<\/p>\r\n<!-- \/wp:paragraph --><!-- wp:heading -->\r\n<h2>M\u00e9dias<\/h2>\r\n<!-- \/wp:heading --><!-- wp:paragraph -->\r\n<p><strong class=\"privacy-policy-tutorial\">Texte sugg\u00e9r\u00e9\u00a0: <\/strong>Si vous t\u00e9l\u00e9versez des images sur le site, nous vous conseillons d\u2019\u00e9viter de t\u00e9l\u00e9verser des images contenant des donn\u00e9es EXIF de coordonn\u00e9es GPS. Les personnes visitant votre site peuvent t\u00e9l\u00e9charger et extraire des donn\u00e9es de localisation depuis ces images.<\/p>\r\n<!-- \/wp:paragraph --><!-- wp:heading -->\r\n<h2>Cookies<\/h2>\r\n<!-- \/wp:heading --><!-- wp:paragraph -->\r\n<p><strong class=\"privacy-policy-tutorial\">Texte sugg\u00e9r\u00e9\u00a0: <\/strong>Si vous d\u00e9posez un commentaire sur notre site, il vous sera propos\u00e9 d\u2019enregistrer votre nom, adresse e-mail et site dans des cookies. C\u2019est uniquement pour votre confort afin de ne pas avoir \u00e0 saisir ces informations si vous d\u00e9posez un autre commentaire plus tard. Ces cookies expirent au bout d\u2019un an.<\/p>\r\n<!-- \/wp:paragraph --><!-- wp:paragraph -->\r\n<p>Si vous vous rendez sur la page de connexion, un cookie temporaire sera cr\u00e9\u00e9 afin de d\u00e9terminer si votre navigateur accepte les cookies. Il ne contient pas de donn\u00e9es personnelles et sera supprim\u00e9 automatiquement \u00e0 la fermeture de votre navigateur.<\/p>\r\n<!-- \/wp:paragraph --><!-- wp:paragraph -->\r\n<p>Lorsque vous vous connecterez, nous mettrons en place un certain nombre de cookies pour enregistrer vos informations de connexion et vos pr\u00e9f\u00e9rences d\u2019\u00e9cran. La dur\u00e9e de vie d\u2019un cookie de connexion est de deux jours, celle d\u2019un cookie d\u2019option d\u2019\u00e9cran est d\u2019un an. Si vous cochez \u00ab\u00a0Se souvenir de moi\u00a0\u00bb, votre cookie de connexion sera conserv\u00e9 pendant deux semaines. Si vous vous d\u00e9connectez de votre compte, le cookie de connexion sera effac\u00e9.<\/p>\r\n<!-- \/wp:paragraph --><!-- wp:paragraph -->\r\n<p>En modifiant ou en publiant une publication, un cookie suppl\u00e9mentaire sera enregistr\u00e9 dans votre navigateur. Ce cookie ne comprend aucune donn\u00e9e personnelle. Il indique simplement l\u2019ID de la publication que vous venez de modifier. Il expire au bout d\u2019un jour.<\/p>\r\n<!-- \/wp:paragraph --><!-- wp:heading -->\r\n<h2>Contenu embarqu\u00e9 depuis d\u2019autres sites<\/h2>\r\n<!-- \/wp:heading --><!-- wp:paragraph -->\r\n<p><strong class=\"privacy-policy-tutorial\">Texte sugg\u00e9r\u00e9\u00a0: <\/strong>Les articles de ce site peuvent inclure des contenus int\u00e9gr\u00e9s (par exemple des vid\u00e9os, images, articles\u2026). Le contenu int\u00e9gr\u00e9 depuis d\u2019autres sites se comporte de la m\u00eame mani\u00e8re que si le visiteur se rendait sur cet autre site.<\/p>\r\n<!-- \/wp:paragraph --><!-- wp:paragraph -->\r\n<p>Ces sites web pourraient collecter des donn\u00e9es sur vous, utiliser des cookies, embarquer des outils de suivis tiers, suivre vos interactions avec ces contenus embarqu\u00e9s si vous disposez d\u2019un compte connect\u00e9 sur leur site web.<\/p>\r\n<!-- \/wp:paragraph --><!-- wp:heading -->\r\n<h2>Utilisation et transmission de vos donn\u00e9es personnelles<\/h2>\r\n<!-- \/wp:heading --><!-- wp:paragraph -->\r\n<p><strong class=\"privacy-policy-tutorial\">Texte sugg\u00e9r\u00e9\u00a0: <\/strong>Si vous demandez une r\u00e9initialisation de votre mot de passe, votre adresse IP sera incluse dans l\u2019e-mail de r\u00e9initialisation.<\/p>\r\n<!-- \/wp:paragraph --><!-- wp:heading -->\r\n<h2>Dur\u00e9es de stockage de vos donn\u00e9es<\/h2>\r\n<!-- \/wp:heading --><!-- wp:paragraph -->\r\n<p><strong class=\"privacy-policy-tutorial\">Texte sugg\u00e9r\u00e9\u00a0: <\/strong>Si vous laissez un commentaire, le commentaire et ses m\u00e9tadonn\u00e9es sont conserv\u00e9s ind\u00e9finiment. Cela permet de reconna\u00eetre et approuver automatiquement les commentaires suivants au lieu de les laisser dans la file de mod\u00e9ration.<\/p>\r\n<!-- \/wp:paragraph --><!-- wp:paragraph -->\r\n<p>Pour les comptes qui s\u2019inscrivent sur notre site (le cas \u00e9ch\u00e9ant), nous stockons \u00e9galement les donn\u00e9es personnelles indiqu\u00e9es dans leur profil. Tous les comptes peuvent voir, modifier ou supprimer leurs informations personnelles \u00e0 tout moment (\u00e0 l\u2019exception de leur identifiant). Les gestionnaires du site peuvent aussi voir et modifier ces informations.<\/p>\r\n<!-- \/wp:paragraph --><!-- wp:heading -->\r\n<h2>Les droits que vous avez sur vos donn\u00e9es<\/h2>\r\n<!-- \/wp:heading --><!-- wp:paragraph -->\r\n<p><strong class=\"privacy-policy-tutorial\">Texte sugg\u00e9r\u00e9\u00a0: <\/strong>Si vous avez un compte ou si vous avez laiss\u00e9 des commentaires sur le site, vous pouvez demander \u00e0 recevoir un fichier contenant toutes les donn\u00e9es personnelles que nous poss\u00e9dons \u00e0 votre sujet, incluant celles que vous nous avez fournies. Vous pouvez \u00e9galement demander la suppression des donn\u00e9es personnelles vous concernant. Cela ne prend pas en compte les donn\u00e9es stock\u00e9es \u00e0 des fins administratives, l\u00e9gales ou pour des raisons de s\u00e9curit\u00e9.<\/p>\r\n<!-- \/wp:paragraph --><!-- wp:heading -->\r\n<h2>O\u00f9 vos donn\u00e9es sont envoy\u00e9es<\/h2>\r\n<!-- \/wp:heading --><!-- wp:paragraph -->\r\n<p><strong class=\"privacy-policy-tutorial\">Texte sugg\u00e9r\u00e9\u00a0: <\/strong>Les commentaires des visiteurs peuvent \u00eatre v\u00e9rifi\u00e9s \u00e0 l\u2019aide d\u2019un service automatis\u00e9 de d\u00e9tection des commentaires ind\u00e9sirables.<\/p>\r\n<!-- \/wp:paragraph -->","_et_gb_content_width":"","footnotes":""},"class_list":["post-6214","page","type-page","status-publish","hentry"],"yoast_head":"<!-- This site is optimized with the Yoast SEO plugin v27.3 - https:\/\/yoast.com\/product\/yoast-seo-wordpress\/ -->\n<title>Datenschutzrichtlinie - Camping Le Soleil Des Bastides<\/title>\n<meta name=\"robots\" content=\"index, follow, max-snippet:-1, max-image-preview:large, max-video-preview:-1\" \/>\n<link rel=\"canonical\" href=\"https:\/\/camping-le-soleil-des-bastides.fr\/de\/politique-de-confidentialite\/\" \/>\n<meta property=\"og:locale\" content=\"de_DE\" \/>\n<meta property=\"og:type\" content=\"article\" \/>\n<meta property=\"og:title\" content=\"Datenschutzrichtlinie - Camping Le Soleil Des Bastides\" \/>\n<meta property=\"og:description\" content=\"DATENSCHUTZRICHTLINIECAMPING SOLEIL DES BASTIDES SCHUTZ PERSONENBEZOGENER DATEN Einhaltung gesetzlicher Bestimmungen Camping le Soleil des Bastides verpflichtet sich, gem\u00e4\u00df den geltenden franz\u00f6sischen und europ\u00e4ischen Gesetzen, die personenbezogenen Daten der Besucher der Website camping-le-soleil-des-bastides.fr zu sch\u00fctzen. Diese Datenschutzrichtlinie informiert Sie dar\u00fcber, wie Camping le Soleil des Bastides und eventuell Partner Ihre personenbezogenen Daten verarbeiten. Warum erfassen wir [&hellip;]\" \/>\n<meta property=\"og:url\" content=\"https:\/\/camping-le-soleil-des-bastides.fr\/de\/politique-de-confidentialite\/\" \/>\n<meta property=\"og:site_name\" content=\"Camping Le Soleil Des Bastides\" \/>\n<meta property=\"article:publisher\" content=\"https:\/\/www.facebook.com\/LeSoleilDesBastides\/\" \/>\n<meta property=\"article:modified_time\" content=\"2025-06-18T07:07:28+00:00\" \/>\n<meta name=\"twitter:card\" content=\"summary_large_image\" \/>\n<meta name=\"twitter:label1\" content=\"Gesch\u00e4tzte Lesezeit\" \/>\n\t<meta name=\"twitter:data1\" content=\"3\u00a0Minuten\" \/>\n<script type=\"application\/ld+json\" class=\"yoast-schema-graph\">{\"@context\":\"https:\\\/\\\/schema.org\",\"@graph\":[{\"@type\":\"WebPage\",\"@id\":\"https:\\\/\\\/camping-le-soleil-des-bastides.fr\\\/de\\\/politique-de-confidentialite\\\/\",\"url\":\"https:\\\/\\\/camping-le-soleil-des-bastides.fr\\\/de\\\/politique-de-confidentialite\\\/\",\"name\":\"Datenschutzrichtlinie - Camping Le Soleil Des Bastides\",\"isPartOf\":{\"@id\":\"https:\\\/\\\/camping-le-soleil-des-bastides.fr\\\/de\\\/#website\"},\"datePublished\":\"2022-11-22T13:58:36+00:00\",\"dateModified\":\"2025-06-18T07:07:28+00:00\",\"breadcrumb\":{\"@id\":\"https:\\\/\\\/camping-le-soleil-des-bastides.fr\\\/de\\\/politique-de-confidentialite\\\/#breadcrumb\"},\"inLanguage\":\"de\",\"potentialAction\":[{\"@type\":\"ReadAction\",\"target\":[\"https:\\\/\\\/camping-le-soleil-des-bastides.fr\\\/de\\\/politique-de-confidentialite\\\/\"]}]},{\"@type\":\"BreadcrumbList\",\"@id\":\"https:\\\/\\\/camping-le-soleil-des-bastides.fr\\\/de\\\/politique-de-confidentialite\\\/#breadcrumb\",\"itemListElement\":[{\"@type\":\"ListItem\",\"position\":1,\"name\":\"Camping Tarn\",\"item\":\"https:\\\/\\\/camping-le-soleil-des-bastides.fr\\\/de\\\/\"},{\"@type\":\"ListItem\",\"position\":2,\"name\":\"Datenschutzrichtlinie\"}]},{\"@type\":\"WebSite\",\"@id\":\"https:\\\/\\\/camping-le-soleil-des-bastides.fr\\\/de\\\/#website\",\"url\":\"https:\\\/\\\/camping-le-soleil-des-bastides.fr\\\/de\\\/\",\"name\":\"Camping Le Soleil Des Bastides\",\"description\":\"Un camping calme, ombrag\u00e9 au coeur des bastides tarnaises\",\"potentialAction\":[{\"@type\":\"SearchAction\",\"target\":{\"@type\":\"EntryPoint\",\"urlTemplate\":\"https:\\\/\\\/camping-le-soleil-des-bastides.fr\\\/de\\\/?s={search_term_string}\"},\"query-input\":{\"@type\":\"PropertyValueSpecification\",\"valueRequired\":true,\"valueName\":\"search_term_string\"}}],\"inLanguage\":\"de\"}]}<\/script>\n<!-- \/ Yoast SEO plugin. -->","yoast_head_json":{"title":"Datenschutzrichtlinie - Camping Le Soleil Des Bastides","robots":{"index":"index","follow":"follow","max-snippet":"max-snippet:-1","max-image-preview":"max-image-preview:large","max-video-preview":"max-video-preview:-1"},"canonical":"https:\/\/camping-le-soleil-des-bastides.fr\/de\/politique-de-confidentialite\/","og_locale":"de_DE","og_type":"article","og_title":"Datenschutzrichtlinie - Camping Le Soleil Des Bastides","og_description":"DATENSCHUTZRICHTLINIECAMPING SOLEIL DES BASTIDES SCHUTZ PERSONENBEZOGENER DATEN Einhaltung gesetzlicher Bestimmungen Camping le Soleil des Bastides verpflichtet sich, gem\u00e4\u00df den geltenden franz\u00f6sischen und europ\u00e4ischen Gesetzen, die personenbezogenen Daten der Besucher der Website camping-le-soleil-des-bastides.fr zu sch\u00fctzen. Diese Datenschutzrichtlinie informiert Sie dar\u00fcber, wie Camping le Soleil des Bastides und eventuell Partner Ihre personenbezogenen Daten verarbeiten. Warum erfassen wir [&hellip;]","og_url":"https:\/\/camping-le-soleil-des-bastides.fr\/de\/politique-de-confidentialite\/","og_site_name":"Camping Le Soleil Des Bastides","article_publisher":"https:\/\/www.facebook.com\/LeSoleilDesBastides\/","article_modified_time":"2025-06-18T07:07:28+00:00","twitter_card":"summary_large_image","twitter_misc":{"Gesch\u00e4tzte Lesezeit":"3\u00a0Minuten"},"schema":{"@context":"https:\/\/schema.org","@graph":[{"@type":"WebPage","@id":"https:\/\/camping-le-soleil-des-bastides.fr\/de\/politique-de-confidentialite\/","url":"https:\/\/camping-le-soleil-des-bastides.fr\/de\/politique-de-confidentialite\/","name":"Datenschutzrichtlinie - Camping Le Soleil Des Bastides","isPartOf":{"@id":"https:\/\/camping-le-soleil-des-bastides.fr\/de\/#website"},"datePublished":"2022-11-22T13:58:36+00:00","dateModified":"2025-06-18T07:07:28+00:00","breadcrumb":{"@id":"https:\/\/camping-le-soleil-des-bastides.fr\/de\/politique-de-confidentialite\/#breadcrumb"},"inLanguage":"de","potentialAction":[{"@type":"ReadAction","target":["https:\/\/camping-le-soleil-des-bastides.fr\/de\/politique-de-confidentialite\/"]}]},{"@type":"BreadcrumbList","@id":"https:\/\/camping-le-soleil-des-bastides.fr\/de\/politique-de-confidentialite\/#breadcrumb","itemListElement":[{"@type":"ListItem","position":1,"name":"Camping Tarn","item":"https:\/\/camping-le-soleil-des-bastides.fr\/de\/"},{"@type":"ListItem","position":2,"name":"Datenschutzrichtlinie"}]},{"@type":"WebSite","@id":"https:\/\/camping-le-soleil-des-bastides.fr\/de\/#website","url":"https:\/\/camping-le-soleil-des-bastides.fr\/de\/","name":"Camping Le Soleil Des Bastides","description":"Un camping calme, ombrag\u00e9 au coeur des bastides tarnaises","potentialAction":[{"@type":"SearchAction","target":{"@type":"EntryPoint","urlTemplate":"https:\/\/camping-le-soleil-des-bastides.fr\/de\/?s={search_term_string}"},"query-input":{"@type":"PropertyValueSpecification","valueRequired":true,"valueName":"search_term_string"}}],"inLanguage":"de"}]}},"_links":{"self":[{"href":"https:\/\/camping-le-soleil-des-bastides.fr\/de\/wp-json\/wp\/v2\/pages\/6214","targetHints":{"allow":["GET"]}}],"collection":[{"href":"https:\/\/camping-le-soleil-des-bastides.fr\/de\/wp-json\/wp\/v2\/pages"}],"about":[{"href":"https:\/\/camping-le-soleil-des-bastides.fr\/de\/wp-json\/wp\/v2\/types\/page"}],"author":[{"embeddable":true,"href":"https:\/\/camping-le-soleil-des-bastides.fr\/de\/wp-json\/wp\/v2\/users\/1"}],"replies":[{"embeddable":true,"href":"https:\/\/camping-le-soleil-des-bastides.fr\/de\/wp-json\/wp\/v2\/comments?post=6214"}],"version-history":[{"count":0,"href":"https:\/\/camping-le-soleil-des-bastides.fr\/de\/wp-json\/wp\/v2\/pages\/6214\/revisions"}],"wp:attachment":[{"href":"https:\/\/camping-le-soleil-des-bastides.fr\/de\/wp-json\/wp\/v2\/media?parent=6214"}],"curies":[{"name":"wp","href":"https:\/\/api.w.org\/{rel}","templated":true}]}}