{"id":5908,"date":"2022-12-27T17:02:18","date_gmt":"2022-12-27T16:02:18","guid":{"rendered":"https:\/\/camping-le-soleil-des-bastides.fr\/mentions-legales\/"},"modified":"2025-06-13T13:53:53","modified_gmt":"2025-06-13T11:53:53","slug":"mentions-legales","status":"publish","type":"page","link":"https:\/\/camping-le-soleil-des-bastides.fr\/de\/mentions-legales\/","title":{"rendered":"Impressum"},"content":{"rendered":"<p>[et_pb_section fb_built=&#8220;1&#8243; _builder_version=&#8220;4.19.1&#8243; background_color=&#8220;rgba(232,226,216,0.3)&#8220; custom_padding=&#8220;50px||50px||false|false&#8220; animation_direction=&#8220;right&#8220; global_colors_info=&#8220;{}&#8220;][et_pb_row use_custom_gutter=&#8220;on&#8220; make_equal=&#8220;on&#8220; _builder_version=&#8220;4.19.1&#8243; custom_padding=&#8220;0px||0px||false|false&#8220; global_colors_info=&#8220;{}&#8220;][et_pb_column type=&#8220;4_4&#8243; _builder_version=&#8220;4.16&#8243; custom_padding=&#8220;|||&#8220; global_colors_info=&#8220;{}&#8220; custom_padding__hover=&#8220;|||&#8220;][et_pb_text _builder_version=&#8220;4.27.4&#8243; text_font=&#8220;Quicksand|||on|||||&#8220; text_font_size=&#8220;16px&#8220; text_line_height=&#8220;2em&#8220; header_font=&#8220;||||||||&#8220; header_text_color=&#8220;#000000&#8243; header_2_font=&#8220;|700||on|||||&#8220; header_2_text_color=&#8220;#000000&#8243; header_2_font_size=&#8220;30px&#8220; header_2_line_height=&#8220;1.2em&#8220; header_6_font=&#8220;Raleway|700||on|||||&#8220; header_6_font_size=&#8220;16px&#8220; header_6_letter_spacing=&#8220;5px&#8220; header_6_line_height=&#8220;1.8em&#8220; text_orientation=&#8220;center&#8220; max_width_last_edited=&#8220;off|desktop&#8220; module_alignment=&#8220;center&#8220; custom_margin=&#8220;||0px||false|false&#8220; custom_padding=&#8220;||0px||false|false&#8220; hover_enabled=&#8220;0&#8243; header_font_size_tablet=&#8220;25px&#8220; header_font_size_phone=&#8220;18px&#8220; header_font_size_last_edited=&#8220;on|phone&#8220; header_2_font_size_tablet=&#8220;25px&#8220; header_2_font_size_phone=&#8220;18px&#8220; header_2_font_size_last_edited=&#8220;on|phone&#8220; global_colors_info=&#8220;{}&#8220; sticky_enabled=&#8220;0&#8243;]<\/p>\n<h1>RECHTLICHE HINWEISE<br \/><span style=\"font-weight: 400;\">CAMPING SOLEIL DES BASTIDES<\/span><\/h1>\n<p>[\/et_pb_text][et_pb_divider color=&#8220;#B22B88&#8243; divider_position=&#8220;center&#8220; divider_weight=&#8220;3px&#8220; _builder_version=&#8220;4.19.1&#8243; _module_preset=&#8220;default&#8220; width=&#8220;150px&#8220; width_tablet=&#8220;100px&#8220; width_phone=&#8220;50px&#8220; width_last_edited=&#8220;on|phone&#8220; module_alignment=&#8220;center&#8220; custom_margin=&#8220;||20px||false|false&#8220; custom_padding=&#8220;||0px||false|false&#8220; global_colors_info=&#8220;{}&#8220;][\/et_pb_divider][et_pb_text _builder_version=&#8220;4.27.4&#8243; _module_preset=&#8220;default&#8220; header_2_text_align=&#8220;left&#8220; header_2_font_size=&#8220;16px&#8220; module_alignment=&#8220;center&#8220; custom_margin=&#8220;50px||||false|false&#8220; hover_enabled=&#8220;0&#8243; global_colors_info=&#8220;{}&#8220; sticky_enabled=&#8220;0&#8243;]<\/p>\n<h2>DAS UNTERNEHMEN<\/h2>\n<p>Camping Le Soleil des Bastides<br \/>Route de Cordes, 81140 Cahuzac sur V\u00e8re<br \/>Siren: 338 729 445<br \/>USt\u2011ID Nr.: FR0A338729445<br \/>VER\u00d6FFENTLICHUNGSLEITERIN: Anne\u2011Sophie ROMAGNY<\/p>\n<h2>WEBSEITENENTWICKLUNG<\/h2>\n<p><a href=\"https:\/\/anewstory.fr\/\" target=\"_blank\" rel=\"noopener\">Digitale Agentur A New Story<\/a> (81000 ALBI).<\/p>\n<h2>LEISTUNGSBESCHREIBUNG<\/h2>\n<p>Die Website informiert \u00fcber alle Aktivit\u00e4ten der CAMPING LE SOLEIL DES BASTIDES. Der Herausgeber bem\u00fcht sich um genaue Angaben, kann jedoch nicht f\u00fcr Auslassungen, Ungenauigkeiten oder veraltete Inhalte haftbar gemacht werden \u2013 auch nicht bei Fehlern Dritter.<br \/>Angaben zu Informationen, Preisen und Terminen sind unverbindlich und begr\u00fcnden keine Haftung. Laut st\u00e4ndiger Rechtsprechung (Toulouse, 14. Januar 1987) begr\u00fcnden unbeabsichtigte Fehler oder Auslassungen trotz sorgf\u00e4ltiger Kontrolle keine Haftung.<\/p>\n<h2>DATENSCHUTZ<\/h2>\n<p>Per E-Mail oder Kontaktformular \u00fcbermittelte Nachrichten werden nur zur Bearbeitung gespeichert. Sie werden weder an Dritte weitergegeben noch in einem Namensregister erfasst.<br \/>In Frankreich sind personenbezogene Daten durch das Gesetz Nr.\u202f78\u201187 vom 6. Januar 1978, das Gesetz Nr.\u202f2004\u2011801 vom 6. August 2004, Artikel\u202fL.226\u201113 des Strafgesetzbuchs und die EU\u2011Richtlinie vom 24. Oktober 1995 gesch\u00fctzt.<br \/>Gem\u00e4\u00df Artikel\u202f38 ff. des Gesetzes 78\u201117 vom 6. Januar 1978 \u00fcber Informatik, Akten und Freiheiten hat jeder Nutzer ein Auskunfts-, Berichtigungs- und Widerspruchsrecht. Sie k\u00f6nnen dieses Recht schriftlich gegen\u00fcber CAMPING LE SOLEIL DES BASTIDES geltend machen.<\/p>\n<h2>URHEBERRECHT<\/h2>\n<p>Jegliche Vervielf\u00e4ltigung, Darstellung, \u00c4nderung, Ver\u00f6ffentlichung oder Anpassung von Inhalten der Website, ganz oder teilweise, ist ohne schriftliche Genehmigung von CAMPING LE SOLEIL DES BASTIDES verboten. Unberechtigte Nutzung gilt als Urheberrechtsverletzung und wird gem\u00e4\u00df Artikel\u202fL.335\u20112 ff. des Gesetzes \u00fcber geistiges Eigentum verfolgt.<\/p>\n<h2>HYPERTEXTVERLINKUNGEN UND COOKIES<\/h2>\n<p>Beim Besuch dieser Website k\u00f6nnen Cookies auf Ihrem Computer gespeichert werden \u2013 kleine Dateien, die anonyme Daten \u00fcber die Nutzung sammeln, um die Navigation zu erleichtern und Besucherzahlen zu messen.<br \/>Die Website enth\u00e4lt Links zu externen Seiten. CAMPING LE SOLEIL DES BASTIDES \u00fcbernimmt keine Verantwortung daf\u00fcr. Ein Link bedeutet keine Billigung. Nutzer sollten externe Inhalte kritisch pr\u00fcfen.<\/p>\n<p>[\/et_pb_text][\/et_pb_column][\/et_pb_row][\/et_pb_section]<\/p>\n","protected":false},"excerpt":{"rendered":"<p>RECHTLICHE HINWEISECAMPING SOLEIL DES BASTIDES DAS UNTERNEHMEN Camping Le Soleil des BastidesRoute de Cordes, 81140 Cahuzac sur V\u00e8reSiren: 338 729 445USt\u2011ID Nr.: FR0A338729445VER\u00d6FFENTLICHUNGSLEITERIN: Anne\u2011Sophie ROMAGNY WEBSEITENENTWICKLUNG Digitale Agentur A New Story (81000 ALBI). LEISTUNGSBESCHREIBUNG Die Website informiert \u00fcber alle Aktivit\u00e4ten der CAMPING LE SOLEIL DES BASTIDES. Der Herausgeber bem\u00fcht sich um genaue Angaben, kann jedoch [&hellip;]<\/p>\n","protected":false},"author":1,"featured_media":0,"parent":0,"menu_order":0,"comment_status":"closed","ping_status":"closed","template":"","meta":{"_et_pb_use_builder":"on","_et_pb_old_content":"","_et_gb_content_width":"","footnotes":""},"class_list":["post-5908","page","type-page","status-publish","hentry"],"yoast_head":"<!-- This site is optimized with the Yoast SEO plugin v27.3 - https:\/\/yoast.com\/product\/yoast-seo-wordpress\/ -->\n<title>Impressum \u2013 Camping Le Soleil des Bastides<\/title>\n<meta name=\"robots\" content=\"noindex, nofollow\" \/>\n<meta property=\"og:locale\" content=\"de_DE\" \/>\n<meta property=\"og:type\" content=\"article\" \/>\n<meta property=\"og:title\" content=\"Impressum \u2013 Camping Le Soleil des Bastides\" \/>\n<meta property=\"og:description\" content=\"RECHTLICHE HINWEISECAMPING SOLEIL DES BASTIDES DAS UNTERNEHMEN Camping Le Soleil des BastidesRoute de Cordes, 81140 Cahuzac sur V\u00e8reSiren: 338 729 445USt\u2011ID Nr.: FR0A338729445VER\u00d6FFENTLICHUNGSLEITERIN: Anne\u2011Sophie ROMAGNY WEBSEITENENTWICKLUNG Digitale Agentur A New Story (81000 ALBI). LEISTUNGSBESCHREIBUNG Die Website informiert \u00fcber alle Aktivit\u00e4ten der CAMPING LE SOLEIL DES BASTIDES. Der Herausgeber bem\u00fcht sich um genaue Angaben, kann jedoch [&hellip;]\" \/>\n<meta property=\"og:url\" content=\"https:\/\/camping-le-soleil-des-bastides.fr\/de\/mentions-legales\/\" \/>\n<meta property=\"og:site_name\" content=\"Camping Le Soleil Des Bastides\" \/>\n<meta property=\"article:publisher\" content=\"https:\/\/www.facebook.com\/LeSoleilDesBastides\/\" \/>\n<meta property=\"article:modified_time\" content=\"2025-06-13T11:53:53+00:00\" \/>\n<meta name=\"twitter:card\" content=\"summary_large_image\" \/>\n<meta name=\"twitter:label1\" content=\"Gesch\u00e4tzte Lesezeit\" \/>\n\t<meta name=\"twitter:data1\" content=\"2\u00a0Minuten\" \/>\n<script type=\"application\/ld+json\" class=\"yoast-schema-graph\">{\"@context\":\"https:\\\/\\\/schema.org\",\"@graph\":[{\"@type\":\"WebPage\",\"@id\":\"https:\\\/\\\/camping-le-soleil-des-bastides.fr\\\/de\\\/mentions-legales\\\/\",\"url\":\"https:\\\/\\\/camping-le-soleil-des-bastides.fr\\\/de\\\/mentions-legales\\\/\",\"name\":\"Impressum \u2013 Camping Le Soleil des Bastides\",\"isPartOf\":{\"@id\":\"https:\\\/\\\/camping-le-soleil-des-bastides.fr\\\/de\\\/#website\"},\"datePublished\":\"2022-12-27T16:02:18+00:00\",\"dateModified\":\"2025-06-13T11:53:53+00:00\",\"breadcrumb\":{\"@id\":\"https:\\\/\\\/camping-le-soleil-des-bastides.fr\\\/de\\\/mentions-legales\\\/#breadcrumb\"},\"inLanguage\":\"de\",\"potentialAction\":[{\"@type\":\"ReadAction\",\"target\":[\"https:\\\/\\\/camping-le-soleil-des-bastides.fr\\\/de\\\/mentions-legales\\\/\"]}]},{\"@type\":\"BreadcrumbList\",\"@id\":\"https:\\\/\\\/camping-le-soleil-des-bastides.fr\\\/de\\\/mentions-legales\\\/#breadcrumb\",\"itemListElement\":[{\"@type\":\"ListItem\",\"position\":1,\"name\":\"Camping Tarn\",\"item\":\"https:\\\/\\\/camping-le-soleil-des-bastides.fr\\\/de\\\/\"},{\"@type\":\"ListItem\",\"position\":2,\"name\":\"Impressum\"}]},{\"@type\":\"WebSite\",\"@id\":\"https:\\\/\\\/camping-le-soleil-des-bastides.fr\\\/de\\\/#website\",\"url\":\"https:\\\/\\\/camping-le-soleil-des-bastides.fr\\\/de\\\/\",\"name\":\"Camping Le Soleil Des Bastides\",\"description\":\"Un camping calme, ombrag\u00e9 au coeur des bastides tarnaises\",\"potentialAction\":[{\"@type\":\"SearchAction\",\"target\":{\"@type\":\"EntryPoint\",\"urlTemplate\":\"https:\\\/\\\/camping-le-soleil-des-bastides.fr\\\/de\\\/?s={search_term_string}\"},\"query-input\":{\"@type\":\"PropertyValueSpecification\",\"valueRequired\":true,\"valueName\":\"search_term_string\"}}],\"inLanguage\":\"de\"}]}<\/script>\n<!-- \/ Yoast SEO plugin. -->","yoast_head_json":{"title":"Impressum \u2013 Camping Le Soleil des Bastides","robots":{"index":"noindex","follow":"nofollow"},"og_locale":"de_DE","og_type":"article","og_title":"Impressum \u2013 Camping Le Soleil des Bastides","og_description":"RECHTLICHE HINWEISECAMPING SOLEIL DES BASTIDES DAS UNTERNEHMEN Camping Le Soleil des BastidesRoute de Cordes, 81140 Cahuzac sur V\u00e8reSiren: 338 729 445USt\u2011ID Nr.: FR0A338729445VER\u00d6FFENTLICHUNGSLEITERIN: Anne\u2011Sophie ROMAGNY WEBSEITENENTWICKLUNG Digitale Agentur A New Story (81000 ALBI). LEISTUNGSBESCHREIBUNG Die Website informiert \u00fcber alle Aktivit\u00e4ten der CAMPING LE SOLEIL DES BASTIDES. Der Herausgeber bem\u00fcht sich um genaue Angaben, kann jedoch [&hellip;]","og_url":"https:\/\/camping-le-soleil-des-bastides.fr\/de\/mentions-legales\/","og_site_name":"Camping Le Soleil Des Bastides","article_publisher":"https:\/\/www.facebook.com\/LeSoleilDesBastides\/","article_modified_time":"2025-06-13T11:53:53+00:00","twitter_card":"summary_large_image","twitter_misc":{"Gesch\u00e4tzte Lesezeit":"2\u00a0Minuten"},"schema":{"@context":"https:\/\/schema.org","@graph":[{"@type":"WebPage","@id":"https:\/\/camping-le-soleil-des-bastides.fr\/de\/mentions-legales\/","url":"https:\/\/camping-le-soleil-des-bastides.fr\/de\/mentions-legales\/","name":"Impressum \u2013 Camping Le Soleil des Bastides","isPartOf":{"@id":"https:\/\/camping-le-soleil-des-bastides.fr\/de\/#website"},"datePublished":"2022-12-27T16:02:18+00:00","dateModified":"2025-06-13T11:53:53+00:00","breadcrumb":{"@id":"https:\/\/camping-le-soleil-des-bastides.fr\/de\/mentions-legales\/#breadcrumb"},"inLanguage":"de","potentialAction":[{"@type":"ReadAction","target":["https:\/\/camping-le-soleil-des-bastides.fr\/de\/mentions-legales\/"]}]},{"@type":"BreadcrumbList","@id":"https:\/\/camping-le-soleil-des-bastides.fr\/de\/mentions-legales\/#breadcrumb","itemListElement":[{"@type":"ListItem","position":1,"name":"Camping Tarn","item":"https:\/\/camping-le-soleil-des-bastides.fr\/de\/"},{"@type":"ListItem","position":2,"name":"Impressum"}]},{"@type":"WebSite","@id":"https:\/\/camping-le-soleil-des-bastides.fr\/de\/#website","url":"https:\/\/camping-le-soleil-des-bastides.fr\/de\/","name":"Camping Le Soleil Des Bastides","description":"Un camping calme, ombrag\u00e9 au coeur des bastides tarnaises","potentialAction":[{"@type":"SearchAction","target":{"@type":"EntryPoint","urlTemplate":"https:\/\/camping-le-soleil-des-bastides.fr\/de\/?s={search_term_string}"},"query-input":{"@type":"PropertyValueSpecification","valueRequired":true,"valueName":"search_term_string"}}],"inLanguage":"de"}]}},"_links":{"self":[{"href":"https:\/\/camping-le-soleil-des-bastides.fr\/de\/wp-json\/wp\/v2\/pages\/5908","targetHints":{"allow":["GET"]}}],"collection":[{"href":"https:\/\/camping-le-soleil-des-bastides.fr\/de\/wp-json\/wp\/v2\/pages"}],"about":[{"href":"https:\/\/camping-le-soleil-des-bastides.fr\/de\/wp-json\/wp\/v2\/types\/page"}],"author":[{"embeddable":true,"href":"https:\/\/camping-le-soleil-des-bastides.fr\/de\/wp-json\/wp\/v2\/users\/1"}],"replies":[{"embeddable":true,"href":"https:\/\/camping-le-soleil-des-bastides.fr\/de\/wp-json\/wp\/v2\/comments?post=5908"}],"version-history":[{"count":0,"href":"https:\/\/camping-le-soleil-des-bastides.fr\/de\/wp-json\/wp\/v2\/pages\/5908\/revisions"}],"wp:attachment":[{"href":"https:\/\/camping-le-soleil-des-bastides.fr\/de\/wp-json\/wp\/v2\/media?parent=5908"}],"curies":[{"name":"wp","href":"https:\/\/api.w.org\/{rel}","templated":true}]}}