{"id":5167,"date":"2023-01-12T12:08:03","date_gmt":"2023-01-12T11:08:03","guid":{"rendered":"https:\/\/camping-le-soleil-des-bastides.fr\/emplacement-camping-tarn\/emplacement-camping-nu-electricite\/"},"modified":"2025-06-04T15:42:18","modified_gmt":"2025-06-04T13:42:18","slug":"emplacement-camping-nu-electricite","status":"publish","type":"page","link":"https:\/\/camping-le-soleil-des-bastides.fr\/de\/emplacement-camping-tarn\/emplacement-camping-nu-electricite\/","title":{"rendered":"Stellplatz ohne Unterkunft + Strom"},"content":{"rendered":"<p>[et_pb_section fb_built=&#8220;1&#8243; admin_label=&#8220;Header&#8220; _builder_version=&#8220;4.19.1&#8243; use_background_color_gradient=&#8220;on&#8220; background_color_gradient_type=&#8220;circular&#8220; background_color_gradient_direction_radial=&#8220;top left&#8220; background_color_gradient_stops=&#8220;rgba(51,51,51,0.8) 0%|rgba(51,51,51,0.1) 100%&#8220; background_color_gradient_overlays_image=&#8220;on&#8220; background_color_gradient_start=&#8220;rgba(255,255,255,0.89)&#8220; background_color_gradient_start_position=&#8220;30%&#8220; background_color_gradient_end=&#8220;rgba(255,255,255,0)&#8220; background_color_gradient_end_position=&#8220;80%&#8220; background_image=&#8220;https:\/\/camping-le-soleil-des-bastides.fr\/wp-content\/uploads\/2023\/01\/header-hebergement-camping-soleil-des-bastides-tarn.webp&#8220; custom_margin=&#8220;|||&#8220; custom_padding=&#8220;2vw||2vw||true|false&#8220; global_colors_info=&#8220;{}&#8220;][et_pb_row _builder_version=&#8220;4.16&#8243; global_colors_info=&#8220;{}&#8220;][et_pb_column type=&#8220;4_4&#8243; _builder_version=&#8220;4.16&#8243; custom_padding=&#8220;|||&#8220; global_colors_info=&#8220;{}&#8220; custom_padding__hover=&#8220;|||&#8220;][et_pb_text _builder_version=&#8220;4.27.4&#8243; text_font=&#8220;||||||||&#8220; header_font=&#8220;|700||on|||||&#8220; header_text_color=&#8220;#FFFFFF&#8220; header_font_size=&#8220;50px&#8220; header_line_height=&#8220;1.2em&#8220; header_5_font=&#8220;Quicksand|700||on|||||&#8220; header_5_text_color=&#8220;#83BE40&#8243; header_5_font_size=&#8220;20px&#8220; header_5_letter_spacing=&#8220;0.5em&#8220; animation_style=&#8220;zoom&#8220; animation_intensity_zoom=&#8220;5%&#8220; header_font_size_tablet=&#8220;35px&#8220; header_font_size_phone=&#8220;25px&#8220; header_font_size_last_edited=&#8220;on|phone&#8220; header_5_font_size_tablet=&#8220;14px&#8220; header_5_font_size_phone=&#8220;12px&#8220; header_5_font_size_last_edited=&#8220;on|desktop&#8220; header_text_shadow_style=&#8220;preset3&#8243; header_text_shadow_color=&#8220;rgba(51,51,51,0.4)&#8220; header_5_text_shadow_style=&#8220;preset3&#8243; global_colors_info=&#8220;{}&#8220;]<\/p>\n<h1>STELLPLATZ OHNE UNTERKUNFT<\/h1>\n<h5>mit STROMANSCHLUSS<\/h5>\n<p>[\/et_pb_text][\/et_pb_column][\/et_pb_row][\/et_pb_section][et_pb_section fb_built=&#8220;1&#8243; _builder_version=&#8220;4.19.1&#8243; _module_preset=&#8220;default&#8220; background_color=&#8220;#F9F6F3&#8243; global_colors_info=&#8220;{}&#8220;][et_pb_row column_structure=&#8220;1_2,1_2&#8243; _builder_version=&#8220;4.19.1&#8243; _module_preset=&#8220;default&#8220; global_colors_info=&#8220;{}&#8220;][et_pb_column type=&#8220;1_2&#8243; _builder_version=&#8220;4.19.1&#8243; _module_preset=&#8220;default&#8220; global_colors_info=&#8220;{}&#8220;][et_pb_text _builder_version=&#8220;4.27.4&#8243; text_font=&#8220;||||||||&#8220; ul_font=&#8220;||||||||&#8220; ul_line_height=&#8220;2em&#8220; header_font=&#8220;||||||||&#8220; header_3_font=&#8220;|700|||||||&#8220; header_3_font_size=&#8220;20px&#8220; header_3_line_height=&#8220;1.4em&#8220; header_4_text_color=&#8220;#B22B88&#8243; header_4_font_size=&#8220;16px&#8220; header_6_line_height=&#8220;1.8em&#8220; custom_margin=&#8220;||20px||false|false&#8220; custom_padding=&#8220;||0px||false|false&#8220; hover_enabled=&#8220;0&#8243; header_3_font_size_tablet=&#8220;35px&#8220; header_3_font_size_phone=&#8220;25px&#8220; header_3_font_size_last_edited=&#8220;off|desktop&#8220; locked=&#8220;off&#8220; global_colors_info=&#8220;{}&#8220; sticky_enabled=&#8220;0&#8243;]<\/p>\n<h3 style=\"text-align: left;\">STELLPLATZ OHNE UNTERKUNFT + STROM<\/h3>\n<h4 style=\"font-weight: 400; text-align: left;\">Unsere Stellpl\u00e4tze mit Stromanschluss zur Miete im Tarn<\/h4>\n<p>Sie m\u00f6chten einen naturnahen Urlaub verbringen? Entdecken Sie unsere <strong>Stellpl\u00e4tze mit Stromanschluss<\/strong>! Mit einer <strong>Fl\u00e4che von 80 bis 150 m\u00b2<\/strong> sind unsere <a href=\"\/de\/emplacement-camping-tarn\/\">Campingpl\u00e4tze im Tarn<\/a> durch verschiedene B\u00e4ume und bl\u00fchende Str\u00e4ucher abgegrenzt und bieten wahre gr\u00fcne R\u00fcckzugsorte. Grasbewachsen und schattig \u2013 ideal zum Aufstellen eines <strong>Zeltes<\/strong> oder zum Parken eines <strong>Wohnwagens oder Wohnmobils<\/strong>! Unsere Stellpl\u00e4tze eignen sich perfekt f\u00fcr <strong>Urlaube zu zweit, mit der Familie oder mit Freunden<\/strong> auf unserem <a href=\"\/de\/\">ruhigen Familiencampingplatz im Tarn<\/a>.<\/p>\n<dl><\/dl>\n<dl><\/dl>\n<p>[\/et_pb_text][et_pb_blurb title=&#8220;Bis zu 6 Personen&#8220; use_icon=&#8220;on&#8220; font_icon=&#8220;&#xf007;||fa||900&#8243; icon_color=&#8220;#B22B88&#8243; image_icon_background_color=&#8220;RGBA(255,255,255,0)&#8220; icon_placement=&#8220;left&#8220; image_icon_width=&#8220;25px&#8220; content_max_width=&#8220;100%&#8220; admin_label=&#8220;Personne&#8220; _builder_version=&#8220;4.27.4&#8243; _module_preset=&#8220;default&#8220; header_font=&#8220;Quicksand|||on|||||&#8220; header_font_size=&#8220;15px&#8220; header_letter_spacing=&#8220;1px&#8220; image_icon_custom_padding=&#8220;||||true|true&#8220; custom_margin=&#8220;||0px||false|false&#8220; custom_padding=&#8220;15px||15px||true|false&#8220; custom_css_blurb_title=&#8220;margin-top : 5px;&#8220; border_width_bottom=&#8220;1px&#8220; border_color_bottom=&#8220;rgba(0,0,0,0.1)&#8220; global_colors_info=&#8220;{}&#8220;][\/et_pb_blurb][et_pb_blurb title=&#8220;80 bis 150 m\u00b2&#8220; use_icon=&#8220;on&#8220; font_icon=&#8220;&#xf5a0;||fa||900&#8243; icon_color=&#8220;#B22B88&#8243; image_icon_background_color=&#8220;RGBA(255,255,255,0)&#8220; icon_placement=&#8220;left&#8220; image_icon_width=&#8220;25px&#8220; content_max_width=&#8220;100%&#8220; admin_label=&#8220;Superficie&#8220; _builder_version=&#8220;4.27.4&#8243; _module_preset=&#8220;default&#8220; header_font=&#8220;Quicksand|||on|||||&#8220; header_font_size=&#8220;15px&#8220; header_letter_spacing=&#8220;1px&#8220; image_icon_custom_padding=&#8220;|0px||0px|true|true&#8220; custom_margin=&#8220;||0px||false|false&#8220; custom_padding=&#8220;15px||15px||true|false&#8220; custom_css_blurb_title=&#8220;margin-top : 5px;&#8220; border_width_bottom=&#8220;1px&#8220; border_color_bottom=&#8220;rgba(0,0,0,0.1)&#8220; global_colors_info=&#8220;{}&#8220;][\/et_pb_blurb][et_pb_blurb title=&#8220;Sanit\u00e4re Anlagen&#8220; use_icon=&#8220;on&#8220; font_icon=&#8220;&#xf2cc;||fa||900&#8243; icon_color=&#8220;#B22B88&#8243; image_icon_background_color=&#8220;RGBA(255,255,255,0)&#8220; icon_placement=&#8220;left&#8220; image_icon_width=&#8220;25px&#8220; content_max_width=&#8220;100%&#8220; admin_label=&#8220;Coin Sanitaires&#8220; _builder_version=&#8220;4.27.4&#8243; _module_preset=&#8220;default&#8220; header_font=&#8220;Quicksand|||on|||||&#8220; header_font_size=&#8220;15px&#8220; header_letter_spacing=&#8220;1px&#8220; image_icon_custom_padding=&#8220;|0px||0px|true|true&#8220; custom_margin=&#8220;||0px||false|false&#8220; custom_padding=&#8220;15px||15px||true|false&#8220; custom_css_blurb_title=&#8220;margin-top : 5px;&#8220; border_width_bottom=&#8220;1px&#8220; border_color_bottom=&#8220;rgba(0,0,0,0.1)&#8220; global_colors_info=&#8220;{}&#8220;]<\/p>\n<p>In der N\u00e4he<\/p>\n<p>[\/et_pb_blurb][et_pb_blurb title=&#8220;Weitere Informationen&#8220; use_icon=&#8220;on&#8220; font_icon=&#8220;&#xf05a;||fa||900&#8243; icon_color=&#8220;#B22B88&#8243; image_icon_background_color=&#8220;RGBA(255,255,255,0)&#8220; icon_placement=&#8220;left&#8220; image_icon_width=&#8220;25px&#8220; content_max_width=&#8220;100%&#8220; admin_label=&#8220;Information suppl\u00e9mentaire&#8220; _builder_version=&#8220;4.27.4&#8243; _module_preset=&#8220;default&#8220; header_font=&#8220;Quicksand|||on|||||&#8220; header_font_size=&#8220;15px&#8220; header_letter_spacing=&#8220;1px&#8220; background_enable_color=&#8220;off&#8220; image_icon_custom_padding=&#8220;||||true|true&#8220; custom_margin=&#8220;||0px||false|false&#8220; custom_padding=&#8220;15px||15px||true|false&#8220; custom_css_blurb_title=&#8220;margin-top : 5px;&#8220; border_color_bottom=&#8220;rgba(0,0,0,0.1)&#8220; global_colors_info=&#8220;{}&#8220;]<\/p>\n<p>Haustiere erlaubt<\/p>\n<p>[\/et_pb_blurb][\/et_pb_column][et_pb_column type=&#8220;1_2&#8243; _builder_version=&#8220;4.19.1&#8243; _module_preset=&#8220;default&#8220; global_colors_info=&#8220;{}&#8220;][et_pb_slider _builder_version=&#8220;4.19.1&#8243; _module_preset=&#8220;default&#8220; global_colors_info=&#8220;{}&#8220;][et_pb_slide _builder_version=&#8220;4.19.1&#8243; _module_preset=&#8220;default&#8220; background_enable_color=&#8220;off&#8220; background_image=&#8220;https:\/\/camping-le-soleil-des-bastides.fr\/wp-content\/uploads\/2023\/01\/emplacement-electricite-camping-tarn-1.webp&#8220; background_enable_image=&#8220;on&#8220; custom_padding=&#8220;25%||25%||true|false&#8220; global_colors_info=&#8220;{}&#8220; sticky_transition=&#8220;on&#8220;][\/et_pb_slide][et_pb_slide _builder_version=&#8220;4.19.1&#8243; _module_preset=&#8220;default&#8220; background_enable_color=&#8220;off&#8220; background_image=&#8220;https:\/\/camping-le-soleil-des-bastides.fr\/wp-content\/uploads\/2023\/01\/emplacement-electricite-camping-tarn-2.webp&#8220; background_enable_image=&#8220;on&#8220; custom_padding=&#8220;25%||25%||true|false&#8220; global_colors_info=&#8220;{}&#8220; sticky_transition=&#8220;on&#8220;][\/et_pb_slide][\/et_pb_slider][et_pb_code module_class=&#8220;widget_calendrier&#8220; _builder_version=&#8220;4.19.1&#8243; _module_preset=&#8220;default&#8220; custom_margin=&#8220;3%||||false|false&#8220; global_colors_info=&#8220;{}&#8220;]<ctv-product-search data-product-id='' ><\/ctv-product-search>[\/et_pb_code][et_pb_code module_class=&#8220;widget_calendrier&#8220; _builder_version=&#8220;4.27.4&#8243; _module_preset=&#8220;default&#8220; custom_margin=&#8220;3%||||false|false&#8220; global_colors_info=&#8220;{}&#8220;]<ctv-reviews-list data-product-id=\"73627\" ><\/ctv-reviews-list>[\/et_pb_code][\/et_pb_column][\/et_pb_row][\/et_pb_section]<\/p>\n","protected":false},"excerpt":{"rendered":"<p>STELLPLATZ OHNE UNTERKUNFT mit STROMANSCHLUSSSTELLPLATZ OHNE UNTERKUNFT + STROM Unsere Stellpl\u00e4tze mit Stromanschluss zur Miete im Tarn Sie m\u00f6chten einen naturnahen Urlaub verbringen? Entdecken Sie unsere Stellpl\u00e4tze mit Stromanschluss! Mit einer Fl\u00e4che von 80 bis 150 m\u00b2 sind unsere Campingpl\u00e4tze im Tarn durch verschiedene B\u00e4ume und bl\u00fchende Str\u00e4ucher abgegrenzt und bieten wahre gr\u00fcne R\u00fcckzugsorte. Grasbewachsen [&hellip;]<\/p>\n","protected":false},"author":1,"featured_media":0,"parent":5120,"menu_order":0,"comment_status":"closed","ping_status":"closed","template":"","meta":{"_et_pb_use_builder":"on","_et_pb_old_content":"","_et_gb_content_width":"","footnotes":""},"class_list":["post-5167","page","type-page","status-publish","hentry"],"yoast_head":"<!-- This site is optimized with the Yoast SEO plugin v27.3 - https:\/\/yoast.com\/product\/yoast-seo-wordpress\/ -->\n<title>Campingstellplatz mit Stromanschluss im Tarn<\/title>\n<meta name=\"description\" content=\"Stellpl\u00e4tze f\u00fcr Wohnmobile, Zelte oder Wohnwagen in der N\u00e4he von Albi, Gaillac oder Cordes-sur-Ciel\" \/>\n<meta name=\"robots\" content=\"index, follow, max-snippet:-1, max-image-preview:large, max-video-preview:-1\" \/>\n<link rel=\"canonical\" href=\"https:\/\/camping-le-soleil-des-bastides.fr\/de\/emplacement-camping-tarn\/emplacement-camping-nu-electricite\/\" \/>\n<meta property=\"og:locale\" content=\"de_DE\" \/>\n<meta property=\"og:type\" content=\"article\" \/>\n<meta property=\"og:title\" content=\"Campingstellplatz mit Stromanschluss im Tarn\" \/>\n<meta property=\"og:description\" content=\"Stellpl\u00e4tze f\u00fcr Wohnmobile, Zelte oder Wohnwagen in der N\u00e4he von Albi, Gaillac oder Cordes-sur-Ciel\" \/>\n<meta property=\"og:url\" content=\"https:\/\/camping-le-soleil-des-bastides.fr\/de\/emplacement-camping-tarn\/emplacement-camping-nu-electricite\/\" \/>\n<meta property=\"og:site_name\" content=\"Camping Le Soleil Des Bastides\" \/>\n<meta property=\"article:publisher\" content=\"https:\/\/www.facebook.com\/LeSoleilDesBastides\/\" \/>\n<meta property=\"article:modified_time\" content=\"2025-06-04T13:42:18+00:00\" \/>\n<meta name=\"twitter:card\" content=\"summary_large_image\" \/>\n<meta name=\"twitter:label1\" content=\"Gesch\u00e4tzte Lesezeit\" \/>\n\t<meta name=\"twitter:data1\" content=\"1\u00a0Minute\" \/>\n<script type=\"application\/ld+json\" class=\"yoast-schema-graph\">{\"@context\":\"https:\\\/\\\/schema.org\",\"@graph\":[{\"@type\":\"WebPage\",\"@id\":\"https:\\\/\\\/camping-le-soleil-des-bastides.fr\\\/de\\\/emplacement-camping-tarn\\\/emplacement-camping-nu-electricite\\\/\",\"url\":\"https:\\\/\\\/camping-le-soleil-des-bastides.fr\\\/de\\\/emplacement-camping-tarn\\\/emplacement-camping-nu-electricite\\\/\",\"name\":\"Campingstellplatz mit Stromanschluss im Tarn\",\"isPartOf\":{\"@id\":\"https:\\\/\\\/camping-le-soleil-des-bastides.fr\\\/de\\\/#website\"},\"datePublished\":\"2023-01-12T11:08:03+00:00\",\"dateModified\":\"2025-06-04T13:42:18+00:00\",\"description\":\"Stellpl\u00e4tze f\u00fcr Wohnmobile, Zelte oder Wohnwagen in der N\u00e4he von Albi, Gaillac oder Cordes-sur-Ciel\",\"breadcrumb\":{\"@id\":\"https:\\\/\\\/camping-le-soleil-des-bastides.fr\\\/de\\\/emplacement-camping-tarn\\\/emplacement-camping-nu-electricite\\\/#breadcrumb\"},\"inLanguage\":\"de\",\"potentialAction\":[{\"@type\":\"ReadAction\",\"target\":[\"https:\\\/\\\/camping-le-soleil-des-bastides.fr\\\/de\\\/emplacement-camping-tarn\\\/emplacement-camping-nu-electricite\\\/\"]}]},{\"@type\":\"BreadcrumbList\",\"@id\":\"https:\\\/\\\/camping-le-soleil-des-bastides.fr\\\/de\\\/emplacement-camping-tarn\\\/emplacement-camping-nu-electricite\\\/#breadcrumb\",\"itemListElement\":[{\"@type\":\"ListItem\",\"position\":1,\"name\":\"Camping Tarn\",\"item\":\"https:\\\/\\\/camping-le-soleil-des-bastides.fr\\\/de\\\/\"},{\"@type\":\"ListItem\",\"position\":2,\"name\":\"Campingplatz Tarn\",\"item\":\"https:\\\/\\\/camping-le-soleil-des-bastides.fr\\\/de\\\/emplacement-camping-tarn\\\/\"},{\"@type\":\"ListItem\",\"position\":3,\"name\":\"Stellplatz ohne Unterkunft + Strom\"}]},{\"@type\":\"WebSite\",\"@id\":\"https:\\\/\\\/camping-le-soleil-des-bastides.fr\\\/de\\\/#website\",\"url\":\"https:\\\/\\\/camping-le-soleil-des-bastides.fr\\\/de\\\/\",\"name\":\"Camping Le Soleil Des Bastides\",\"description\":\"Un camping calme, ombrag\u00e9 au coeur des bastides tarnaises\",\"potentialAction\":[{\"@type\":\"SearchAction\",\"target\":{\"@type\":\"EntryPoint\",\"urlTemplate\":\"https:\\\/\\\/camping-le-soleil-des-bastides.fr\\\/de\\\/?s={search_term_string}\"},\"query-input\":{\"@type\":\"PropertyValueSpecification\",\"valueRequired\":true,\"valueName\":\"search_term_string\"}}],\"inLanguage\":\"de\"}]}<\/script>\n<!-- \/ Yoast SEO plugin. -->","yoast_head_json":{"title":"Campingstellplatz mit Stromanschluss im Tarn","description":"Stellpl\u00e4tze f\u00fcr Wohnmobile, Zelte oder Wohnwagen in der N\u00e4he von Albi, Gaillac oder Cordes-sur-Ciel","robots":{"index":"index","follow":"follow","max-snippet":"max-snippet:-1","max-image-preview":"max-image-preview:large","max-video-preview":"max-video-preview:-1"},"canonical":"https:\/\/camping-le-soleil-des-bastides.fr\/de\/emplacement-camping-tarn\/emplacement-camping-nu-electricite\/","og_locale":"de_DE","og_type":"article","og_title":"Campingstellplatz mit Stromanschluss im Tarn","og_description":"Stellpl\u00e4tze f\u00fcr Wohnmobile, Zelte oder Wohnwagen in der N\u00e4he von Albi, Gaillac oder Cordes-sur-Ciel","og_url":"https:\/\/camping-le-soleil-des-bastides.fr\/de\/emplacement-camping-tarn\/emplacement-camping-nu-electricite\/","og_site_name":"Camping Le Soleil Des Bastides","article_publisher":"https:\/\/www.facebook.com\/LeSoleilDesBastides\/","article_modified_time":"2025-06-04T13:42:18+00:00","twitter_card":"summary_large_image","twitter_misc":{"Gesch\u00e4tzte Lesezeit":"1\u00a0Minute"},"schema":{"@context":"https:\/\/schema.org","@graph":[{"@type":"WebPage","@id":"https:\/\/camping-le-soleil-des-bastides.fr\/de\/emplacement-camping-tarn\/emplacement-camping-nu-electricite\/","url":"https:\/\/camping-le-soleil-des-bastides.fr\/de\/emplacement-camping-tarn\/emplacement-camping-nu-electricite\/","name":"Campingstellplatz mit Stromanschluss im Tarn","isPartOf":{"@id":"https:\/\/camping-le-soleil-des-bastides.fr\/de\/#website"},"datePublished":"2023-01-12T11:08:03+00:00","dateModified":"2025-06-04T13:42:18+00:00","description":"Stellpl\u00e4tze f\u00fcr Wohnmobile, Zelte oder Wohnwagen in der N\u00e4he von Albi, Gaillac oder Cordes-sur-Ciel","breadcrumb":{"@id":"https:\/\/camping-le-soleil-des-bastides.fr\/de\/emplacement-camping-tarn\/emplacement-camping-nu-electricite\/#breadcrumb"},"inLanguage":"de","potentialAction":[{"@type":"ReadAction","target":["https:\/\/camping-le-soleil-des-bastides.fr\/de\/emplacement-camping-tarn\/emplacement-camping-nu-electricite\/"]}]},{"@type":"BreadcrumbList","@id":"https:\/\/camping-le-soleil-des-bastides.fr\/de\/emplacement-camping-tarn\/emplacement-camping-nu-electricite\/#breadcrumb","itemListElement":[{"@type":"ListItem","position":1,"name":"Camping Tarn","item":"https:\/\/camping-le-soleil-des-bastides.fr\/de\/"},{"@type":"ListItem","position":2,"name":"Campingplatz Tarn","item":"https:\/\/camping-le-soleil-des-bastides.fr\/de\/emplacement-camping-tarn\/"},{"@type":"ListItem","position":3,"name":"Stellplatz ohne Unterkunft + Strom"}]},{"@type":"WebSite","@id":"https:\/\/camping-le-soleil-des-bastides.fr\/de\/#website","url":"https:\/\/camping-le-soleil-des-bastides.fr\/de\/","name":"Camping Le Soleil Des Bastides","description":"Un camping calme, ombrag\u00e9 au coeur des bastides tarnaises","potentialAction":[{"@type":"SearchAction","target":{"@type":"EntryPoint","urlTemplate":"https:\/\/camping-le-soleil-des-bastides.fr\/de\/?s={search_term_string}"},"query-input":{"@type":"PropertyValueSpecification","valueRequired":true,"valueName":"search_term_string"}}],"inLanguage":"de"}]}},"_links":{"self":[{"href":"https:\/\/camping-le-soleil-des-bastides.fr\/de\/wp-json\/wp\/v2\/pages\/5167","targetHints":{"allow":["GET"]}}],"collection":[{"href":"https:\/\/camping-le-soleil-des-bastides.fr\/de\/wp-json\/wp\/v2\/pages"}],"about":[{"href":"https:\/\/camping-le-soleil-des-bastides.fr\/de\/wp-json\/wp\/v2\/types\/page"}],"author":[{"embeddable":true,"href":"https:\/\/camping-le-soleil-des-bastides.fr\/de\/wp-json\/wp\/v2\/users\/1"}],"replies":[{"embeddable":true,"href":"https:\/\/camping-le-soleil-des-bastides.fr\/de\/wp-json\/wp\/v2\/comments?post=5167"}],"version-history":[{"count":0,"href":"https:\/\/camping-le-soleil-des-bastides.fr\/de\/wp-json\/wp\/v2\/pages\/5167\/revisions"}],"up":[{"embeddable":true,"href":"https:\/\/camping-le-soleil-des-bastides.fr\/de\/wp-json\/wp\/v2\/pages\/5120"}],"wp:attachment":[{"href":"https:\/\/camping-le-soleil-des-bastides.fr\/de\/wp-json\/wp\/v2\/media?parent=5167"}],"curies":[{"name":"wp","href":"https:\/\/api.w.org\/{rel}","templated":true}]}}